{"id":21422,"date":"2024-07-11T10:22:24","date_gmt":"2024-07-11T10:22:24","guid":{"rendered":"https:\/\/para-pharmacity.tn\/?product=therapia-therabiotics-b10"},"modified":"2025-06-13T09:14:26","modified_gmt":"2025-06-13T09:14:26","slug":"therapia-therabiotics-b10","status":"publish","type":"product","link":"https:\/\/para-pharmacity.tn\/?product=therapia-therabiotics-b10","title":{"rendered":"THERAPIA THERABIOTICS B10"},"content":{"rendered":"<h1>therapia therabiotics blister b10<\/h1>\n<p>Le compl\u00e9ment en g\u00e9lules<strong>\u00a0Therabiotics de Th\u00e9rapia<\/strong>\u00a0est une\u00a0association de 8 souches bact\u00e9riennes dont lacto-bacillus et bifidobacterium connues pour leur efficacit\u00e9 \u00e0\u00a0<strong>renforcer le bien-\u00eatre g\u00e9n\u00e9ral et l\u2019\u00e9quilibrer la flore intestinale<\/strong>.<\/p>\n<h3>PROPRI\u00c9T\u00c9S ET INT\u00c9R\u00caT:<\/h3>\n<p>Naturellement pr\u00e9sentes dans le tube digestif, ces souches au spectre large participent \u00e0:<\/p>\n<ul>\n<li>Soutenir la sant\u00e9 digestive.<\/li>\n<li>renforcer le syst\u00e8me immunitaire.<\/li>\n<li>R\u00e9duire les troubles gastro-intestinaux tels que ballonnements, flatulences et constipation.<\/li>\n<li>R\u00e9tablir l\u2019\u00e9quilibre du microbiote intestinal apr\u00e8s la prise d\u2019antibiotiques.<\/li>\n<li>Am\u00e9liorer de l\u2019absorption des nutriments.<\/li>\n<\/ul>\n<p><em><strong>NB:\u00a0<\/strong><\/em>La parfaite biodisponibilit\u00e9 de ces souches bact\u00e9riennes est assur\u00e9e par les g\u00e9lules gastro-r\u00e9sistances qui les pr\u00e9servent de l\u2019acidit\u00e9 de l\u2019estomac.<\/p>\n<h3>CONSEILS D\u2019UTILISATION:<\/h3>\n<p>Prendre\u00a01 g\u00e9lule chaque jour\u00a0de pr\u00e9f\u00e9rence\u00a0au d\u00e9but du repas avec un grand verre d\u2019eau.\u00a0Cure de 1 \u00e0 3 mois est conseill\u00e9e, \u00e0 renouveler dans l\u2019ann\u00e9e si besoins.<\/p>\n","protected":false},"excerpt":{"rendered":"<p>Le compl\u00e9ment en g\u00e9lules Therabiotics de Th\u00e9rapia est une association de 8 souches bact\u00e9riennes dont lacto-bacillus et bifidobacterium connues pour leur efficacit\u00e9 \u00e0 renforcer le bien-\u00eatre g\u00e9n\u00e9ral et \u00e9quilibrer la flore intestinale<\/p>\n","protected":false},"featured_media":26744,"comment_status":"open","ping_status":"closed","template":"","meta":[],"product_cat":[204,217],"product_tag":[],"class_list":{"0":"post-21422","1":"product","2":"type-product","3":"status-publish","4":"has-post-thumbnail","6":"product_cat-complement","7":"product_cat-vitamines","9":"first","10":"instock","11":"shipping-taxable","12":"purchasable","13":"product-type-simple"},"jetpack_sharing_enabled":true,"_links":{"self":[{"href":"https:\/\/para-pharmacity.tn\/index.php?rest_route=\/wp\/v2\/product\/21422","targetHints":{"allow":["GET"]}}],"collection":[{"href":"https:\/\/para-pharmacity.tn\/index.php?rest_route=\/wp\/v2\/product"}],"about":[{"href":"https:\/\/para-pharmacity.tn\/index.php?rest_route=\/wp\/v2\/types\/product"}],"replies":[{"embeddable":true,"href":"https:\/\/para-pharmacity.tn\/index.php?rest_route=%2Fwp%2Fv2%2Fcomments&post=21422"}],"version-history":[{"count":2,"href":"https:\/\/para-pharmacity.tn\/index.php?rest_route=\/wp\/v2\/product\/21422\/revisions"}],"predecessor-version":[{"id":26745,"href":"https:\/\/para-pharmacity.tn\/index.php?rest_route=\/wp\/v2\/product\/21422\/revisions\/26745"}],"wp:featuredmedia":[{"embeddable":true,"href":"https:\/\/para-pharmacity.tn\/index.php?rest_route=\/wp\/v2\/media\/26744"}],"wp:attachment":[{"href":"https:\/\/para-pharmacity.tn\/index.php?rest_route=%2Fwp%2Fv2%2Fmedia&parent=21422"}],"wp:term":[{"taxonomy":"product_cat","embeddable":true,"href":"https:\/\/para-pharmacity.tn\/index.php?rest_route=%2Fwp%2Fv2%2Fproduct_cat&post=21422"},{"taxonomy":"product_tag","embeddable":true,"href":"https:\/\/para-pharmacity.tn\/index.php?rest_route=%2Fwp%2Fv2%2Fproduct_tag&post=21422"}],"curies":[{"name":"wp","href":"https:\/\/api.w.org\/{rel}","templated":true}]}}