{"id":21420,"date":"2024-07-11T10:22:19","date_gmt":"2024-07-11T10:22:19","guid":{"rendered":"https:\/\/para-pharmacity.tn\/?product=sweety-eau-de-senteur-200-ml"},"modified":"2025-06-16T14:04:06","modified_gmt":"2025-06-16T14:04:06","slug":"sweety-eau-de-senteur-200-ml","status":"publish","type":"product","link":"https:\/\/para-pharmacity.tn\/?product=sweety-eau-de-senteur-200-ml","title":{"rendered":"SWEETY EAU DE SENTEUR 200 ML"},"content":{"rendered":"<p>L\u2019eau de senteur Sweety baby est riche en\u00a0:<\/p>\n<p>Provitamine B5\u00a0:\u00a0permet d\u2019adoucir et d\u2019assouplir l\u2019\u00e9piderme tout en pr\u00e9servant l\u2019\u00e9quilibre naturel cutan\u00e9. Nourrit et donne une brillance aux cheveux.<\/p>\n<p>Extrait de camomille\u00a0:\u00a0anti allergique, anti inflammatoire et renforcent les d\u00e9fenses de la peau contre les attaques bact\u00e9riennes. nourrit et donne une brillance aux cheveux.<\/p>\n<p>Extrait d\u2019Aloe vera\u00a0:\u00a0hydrate et apaise.<\/p>\n<p>&nbsp;<\/p>\n<p><b>Conseil d\u2019utilisation:<\/b><\/p>\n<p>Indication\u00a0:\u00a0L\u2019eau de senteur Sweety baby sans alcool compl\u00e8te la toilette et le bien \u00eatre quotidien de l\u2019enfant.<\/p>\n<p>Le bon geste\u00a0:\u00a0Pulv\u00e9riser l\u2019eau de senteur Sweety baby sur la peau et les cheveux pour une fraicheur durant toute la journ\u00e9e.<\/p>\n","protected":false},"excerpt":{"rendered":"<p>L\u2019eau de senteur <strong data-start=\"17\" data-end=\"32\">Sweety Baby<\/strong> rafra\u00eechit et parfume b\u00e9b\u00e9 tout au long de la journ\u00e9e.<br data-start=\"87\" data-end=\"90\" \/><strong data-start=\"90\" data-end=\"110\">Hypoallerg\u00e9nique<\/strong>, sans alcool ni parab\u00e8ne, elle respecte la peau d\u00e9licate.<\/p>\n","protected":false},"featured_media":26845,"comment_status":"open","ping_status":"closed","template":"","meta":[],"product_cat":[243],"product_tag":[],"class_list":{"0":"post-21420","1":"product","2":"type-product","3":"status-publish","4":"has-post-thumbnail","6":"product_cat-bebe-et-maman","8":"first","9":"instock","10":"shipping-taxable","11":"purchasable","12":"product-type-simple"},"jetpack_sharing_enabled":true,"_links":{"self":[{"href":"https:\/\/para-pharmacity.tn\/index.php?rest_route=\/wp\/v2\/product\/21420","targetHints":{"allow":["GET"]}}],"collection":[{"href":"https:\/\/para-pharmacity.tn\/index.php?rest_route=\/wp\/v2\/product"}],"about":[{"href":"https:\/\/para-pharmacity.tn\/index.php?rest_route=\/wp\/v2\/types\/product"}],"replies":[{"embeddable":true,"href":"https:\/\/para-pharmacity.tn\/index.php?rest_route=%2Fwp%2Fv2%2Fcomments&post=21420"}],"version-history":[{"count":2,"href":"https:\/\/para-pharmacity.tn\/index.php?rest_route=\/wp\/v2\/product\/21420\/revisions"}],"predecessor-version":[{"id":26846,"href":"https:\/\/para-pharmacity.tn\/index.php?rest_route=\/wp\/v2\/product\/21420\/revisions\/26846"}],"wp:featuredmedia":[{"embeddable":true,"href":"https:\/\/para-pharmacity.tn\/index.php?rest_route=\/wp\/v2\/media\/26845"}],"wp:attachment":[{"href":"https:\/\/para-pharmacity.tn\/index.php?rest_route=%2Fwp%2Fv2%2Fmedia&parent=21420"}],"wp:term":[{"taxonomy":"product_cat","embeddable":true,"href":"https:\/\/para-pharmacity.tn\/index.php?rest_route=%2Fwp%2Fv2%2Fproduct_cat&post=21420"},{"taxonomy":"product_tag","embeddable":true,"href":"https:\/\/para-pharmacity.tn\/index.php?rest_route=%2Fwp%2Fv2%2Fproduct_tag&post=21420"}],"curies":[{"name":"wp","href":"https:\/\/api.w.org\/{rel}","templated":true}]}}