{"id":21332,"date":"2024-07-11T10:21:39","date_gmt":"2024-07-11T10:21:39","guid":{"rendered":"https:\/\/para-pharmacity.tn\/?product=beesline-instant-bright-cr-jour-50ml"},"modified":"2025-05-02T13:04:32","modified_gmt":"2025-05-02T13:04:32","slug":"beesline-instant-bright-cr-jour-50ml","status":"publish","type":"product","link":"https:\/\/para-pharmacity.tn\/?product=beesline-instant-bright-cr-jour-50ml","title":{"rendered":"BEESLINE INSTANT BRIGHT CR JOUR 50ML"},"content":{"rendered":"<p><strong data-start=\"321\" data-end=\"362\">BEESLINE INSTANT BRIGHT CR\u00c8ME DE JOUR<\/strong> (50 ml) est une cr\u00e8me \u00e9claircissante haute performance formul\u00e9e pour <strong data-start=\"432\" data-end=\"456\">hydrater intens\u00e9ment<\/strong>, <strong data-start=\"458\" data-end=\"478\">unifier le teint<\/strong> et <strong data-start=\"482\" data-end=\"509\">r\u00e9v\u00e9ler l\u2019\u00e9clat naturel<\/strong> de la peau. Enrichie en <strong data-start=\"534\" data-end=\"592\">vitamine C, miel, extraits de r\u00e9glisse et antioxydants<\/strong>, elle agit en profondeur pour <strong data-start=\"623\" data-end=\"664\">r\u00e9duire l&rsquo;apparence des taches brunes<\/strong>, lisser la texture de la peau et offrir une <strong data-start=\"709\" data-end=\"775\">protection quotidienne contre les agressions environnementales<\/strong>. Sa texture l\u00e9g\u00e8re p\u00e9n\u00e8tre rapidement sans effet gras, laissant la peau douce, lumineuse et visiblement plus saine. Id\u00e9ale pour une utilisation chaque matin, elle pr\u00e9pare la peau \u00e0 affronter la journ\u00e9e tout en favorisant un teint \u00e9clatant et uniforme.<\/p>\n","protected":false},"excerpt":{"rendered":"<p>Cr\u00e8me de jour \u00e9claircissante hydratante, unifie le teint, illumine la peau et prot\u00e8ge contre les agressions ext\u00e9rieures.<\/p>\n","protected":false},"featured_media":25693,"comment_status":"open","ping_status":"closed","template":"","meta":[],"product_cat":[213],"product_tag":[],"class_list":{"0":"post-21332","1":"product","2":"type-product","3":"status-publish","4":"has-post-thumbnail","6":"product_cat-visage","8":"first","9":"instock","10":"shipping-taxable","11":"product-type-simple"},"jetpack_sharing_enabled":true,"_links":{"self":[{"href":"https:\/\/para-pharmacity.tn\/index.php?rest_route=\/wp\/v2\/product\/21332","targetHints":{"allow":["GET"]}}],"collection":[{"href":"https:\/\/para-pharmacity.tn\/index.php?rest_route=\/wp\/v2\/product"}],"about":[{"href":"https:\/\/para-pharmacity.tn\/index.php?rest_route=\/wp\/v2\/types\/product"}],"replies":[{"embeddable":true,"href":"https:\/\/para-pharmacity.tn\/index.php?rest_route=%2Fwp%2Fv2%2Fcomments&post=21332"}],"version-history":[{"count":2,"href":"https:\/\/para-pharmacity.tn\/index.php?rest_route=\/wp\/v2\/product\/21332\/revisions"}],"predecessor-version":[{"id":25696,"href":"https:\/\/para-pharmacity.tn\/index.php?rest_route=\/wp\/v2\/product\/21332\/revisions\/25696"}],"wp:featuredmedia":[{"embeddable":true,"href":"https:\/\/para-pharmacity.tn\/index.php?rest_route=\/wp\/v2\/media\/25693"}],"wp:attachment":[{"href":"https:\/\/para-pharmacity.tn\/index.php?rest_route=%2Fwp%2Fv2%2Fmedia&parent=21332"}],"wp:term":[{"taxonomy":"product_cat","embeddable":true,"href":"https:\/\/para-pharmacity.tn\/index.php?rest_route=%2Fwp%2Fv2%2Fproduct_cat&post=21332"},{"taxonomy":"product_tag","embeddable":true,"href":"https:\/\/para-pharmacity.tn\/index.php?rest_route=%2Fwp%2Fv2%2Fproduct_tag&post=21332"}],"curies":[{"name":"wp","href":"https:\/\/api.w.org\/{rel}","templated":true}]}}