{"id":21331,"date":"2024-07-11T10:21:37","date_gmt":"2024-07-11T10:21:37","guid":{"rendered":"https:\/\/para-pharmacity.tn\/?product=beesline-instant-bright-5-en-1-cleanser"},"modified":"2025-05-02T12:58:40","modified_gmt":"2025-05-02T12:58:40","slug":"beesline-instant-bright-5-en-1-cleanser","status":"publish","type":"product","link":"https:\/\/para-pharmacity.tn\/?product=beesline-instant-bright-5-en-1-cleanser","title":{"rendered":"BEESLINE INSTANT BRIGHT 5 EN 1 CLEANSER"},"content":{"rendered":"<p class=\"\" data-start=\"297\" data-end=\"942\"><strong data-start=\"297\" data-end=\"340\">BEESLINE INSTANT BRIGHT 5 EN 1 CLEANSER<\/strong> est un soin multifonction r\u00e9volutionnaire qui combine <strong data-start=\"395\" data-end=\"424\">cinq actions essentielles<\/strong> en un seul produit : il <strong data-start=\"449\" data-end=\"460\">nettoie<\/strong>, <strong data-start=\"462\" data-end=\"473\">exfolie<\/strong>, <strong data-start=\"475\" data-end=\"486\">hydrate<\/strong>, <strong data-start=\"488\" data-end=\"501\">\u00e9claircit<\/strong> et <strong data-start=\"505\" data-end=\"524\">unifie le teint<\/strong>. Enrichi en <strong data-start=\"537\" data-end=\"570\">vitamine C, enzymes de papaye<\/strong> et <strong data-start=\"574\" data-end=\"589\" data-is-only-node=\"\">acides doux<\/strong>, il \u00e9limine efficacement les impuret\u00e9s, les cellules mortes et l\u2019exc\u00e8s de s\u00e9bum tout en stimulant le renouvellement cellulaire. Sa formule douce mais performante laisse la peau <strong data-start=\"767\" data-end=\"831\">fra\u00eeche, \u00e9clatante, plus lisse et visiblement plus lumineuse<\/strong> d\u00e8s la premi\u00e8re utilisation. Adapt\u00e9 \u00e0 un usage quotidien pour tous les types de peau, m\u00eame les plus sensibles.<\/p>\n","protected":false},"excerpt":{"rendered":"<p>Nettoyant 5 en 1 visage, qui purifie, exfolie, illumine, hydrate et unifie le teint en un seul geste.<\/p>\n","protected":false},"featured_media":25688,"comment_status":"open","ping_status":"closed","template":"","meta":[],"product_cat":[213],"product_tag":[],"class_list":{"0":"post-21331","1":"product","2":"type-product","3":"status-publish","4":"has-post-thumbnail","6":"product_cat-visage","8":"first","9":"instock","10":"shipping-taxable","11":"purchasable","12":"product-type-simple"},"jetpack_sharing_enabled":true,"_links":{"self":[{"href":"https:\/\/para-pharmacity.tn\/index.php?rest_route=\/wp\/v2\/product\/21331","targetHints":{"allow":["GET"]}}],"collection":[{"href":"https:\/\/para-pharmacity.tn\/index.php?rest_route=\/wp\/v2\/product"}],"about":[{"href":"https:\/\/para-pharmacity.tn\/index.php?rest_route=\/wp\/v2\/types\/product"}],"replies":[{"embeddable":true,"href":"https:\/\/para-pharmacity.tn\/index.php?rest_route=%2Fwp%2Fv2%2Fcomments&post=21331"}],"version-history":[{"count":2,"href":"https:\/\/para-pharmacity.tn\/index.php?rest_route=\/wp\/v2\/product\/21331\/revisions"}],"predecessor-version":[{"id":25689,"href":"https:\/\/para-pharmacity.tn\/index.php?rest_route=\/wp\/v2\/product\/21331\/revisions\/25689"}],"wp:featuredmedia":[{"embeddable":true,"href":"https:\/\/para-pharmacity.tn\/index.php?rest_route=\/wp\/v2\/media\/25688"}],"wp:attachment":[{"href":"https:\/\/para-pharmacity.tn\/index.php?rest_route=%2Fwp%2Fv2%2Fmedia&parent=21331"}],"wp:term":[{"taxonomy":"product_cat","embeddable":true,"href":"https:\/\/para-pharmacity.tn\/index.php?rest_route=%2Fwp%2Fv2%2Fproduct_cat&post=21331"},{"taxonomy":"product_tag","embeddable":true,"href":"https:\/\/para-pharmacity.tn\/index.php?rest_route=%2Fwp%2Fv2%2Fproduct_tag&post=21331"}],"curies":[{"name":"wp","href":"https:\/\/api.w.org\/{rel}","templated":true}]}}