{"id":21330,"date":"2024-07-11T10:21:36","date_gmt":"2024-07-11T10:21:36","guid":{"rendered":"https:\/\/para-pharmacity.tn\/?product=beesline-gel-netoyant-eclair"},"modified":"2025-05-02T11:16:51","modified_gmt":"2025-05-02T11:16:51","slug":"beesline-gel-netoyant-eclair","status":"publish","type":"product","link":"https:\/\/para-pharmacity.tn\/?product=beesline-gel-netoyant-eclair","title":{"rendered":"BEESLINE GEL NETOYANT ECLAIR"},"content":{"rendered":"<p class=\"\" data-start=\"327\" data-end=\"893\"><strong data-start=\"327\" data-end=\"367\">BEESLINE GEL NETTOYANT \u00c9CLAIRCISSANT<\/strong> est un soin quotidien qui nettoie la peau en profondeur tout en contribuant \u00e0 <strong data-start=\"446\" data-end=\"479\">\u00e9claircir et unifier le teint<\/strong>. Formul\u00e9 \u00e0 base d\u2019ingr\u00e9dients naturels tels que le miel, la vitamine C et des extraits de plantes \u00e9claircissantes, ce gel \u00e9limine efficacement l\u2019exc\u00e8s de s\u00e9bum, les impuret\u00e9s et les cellules mortes sans dess\u00e9cher la peau. Sa texture fra\u00eeche et l\u00e9g\u00e8re laisse la peau <strong data-start=\"746\" data-end=\"792\">douce, nette et visiblement plus lumineuse<\/strong>. Convient \u00e0 tous les types de peau, m\u00eame sensibles, pour un teint \u00e9clatant de sant\u00e9 jour apr\u00e8s jour.<\/p>\n","protected":false},"excerpt":{"rendered":"<p>Gel nettoyant \u00e9claircissant doux pour le visage, purifie la peau en profondeur tout en unifiant le teint et en ravivant l\u2019\u00e9clat naturel.<\/p>\n","protected":false},"featured_media":25669,"comment_status":"open","ping_status":"closed","template":"","meta":[],"product_cat":[213],"product_tag":[],"class_list":{"0":"post-21330","1":"product","2":"type-product","3":"status-publish","4":"has-post-thumbnail","6":"product_cat-visage","8":"first","9":"instock","10":"shipping-taxable","11":"purchasable","12":"product-type-simple"},"jetpack_sharing_enabled":true,"_links":{"self":[{"href":"https:\/\/para-pharmacity.tn\/index.php?rest_route=\/wp\/v2\/product\/21330","targetHints":{"allow":["GET"]}}],"collection":[{"href":"https:\/\/para-pharmacity.tn\/index.php?rest_route=\/wp\/v2\/product"}],"about":[{"href":"https:\/\/para-pharmacity.tn\/index.php?rest_route=\/wp\/v2\/types\/product"}],"replies":[{"embeddable":true,"href":"https:\/\/para-pharmacity.tn\/index.php?rest_route=%2Fwp%2Fv2%2Fcomments&post=21330"}],"version-history":[{"count":2,"href":"https:\/\/para-pharmacity.tn\/index.php?rest_route=\/wp\/v2\/product\/21330\/revisions"}],"predecessor-version":[{"id":25670,"href":"https:\/\/para-pharmacity.tn\/index.php?rest_route=\/wp\/v2\/product\/21330\/revisions\/25670"}],"wp:featuredmedia":[{"embeddable":true,"href":"https:\/\/para-pharmacity.tn\/index.php?rest_route=\/wp\/v2\/media\/25669"}],"wp:attachment":[{"href":"https:\/\/para-pharmacity.tn\/index.php?rest_route=%2Fwp%2Fv2%2Fmedia&parent=21330"}],"wp:term":[{"taxonomy":"product_cat","embeddable":true,"href":"https:\/\/para-pharmacity.tn\/index.php?rest_route=%2Fwp%2Fv2%2Fproduct_cat&post=21330"},{"taxonomy":"product_tag","embeddable":true,"href":"https:\/\/para-pharmacity.tn\/index.php?rest_route=%2Fwp%2Fv2%2Fproduct_tag&post=21330"}],"curies":[{"name":"wp","href":"https:\/\/api.w.org\/{rel}","templated":true}]}}