{"id":21327,"date":"2024-07-11T10:21:35","date_gmt":"2024-07-11T10:21:35","guid":{"rendered":"https:\/\/para-pharmacity.tn\/?product=bambini-ciseaux-bout-rond-437"},"modified":"2025-04-21T14:38:01","modified_gmt":"2025-04-21T14:38:01","slug":"bambini-ciseaux-bout-rond-437","status":"publish","type":"product","link":"https:\/\/para-pharmacity.tn\/?product=bambini-ciseaux-bout-rond-437","title":{"rendered":"BAMBINI CISEAUX BOUT ROND 437"},"content":{"rendered":"<p>Les <strong data-start=\"524\" data-end=\"559\">BAMBINI Ciseaux \u00e0 Bout Rond 437<\/strong> sont l&rsquo;outil id\u00e9al pour prendre soin des ongles fins et sensibles de votre b\u00e9b\u00e9. Leur design ergonomique et leurs bouts arrondis garantissent une coupe pr\u00e9cise sans risque de blessure. Disponibles en deux couleurs attrayantes, ces ciseaux sont adapt\u00e9s d\u00e8s la naissance et sont faciles \u00e0 utiliser pour les parents.\u200b<\/p>\n","protected":false},"excerpt":{"rendered":"<p>Les ciseaux BAMBINI 437 sont sp\u00e9cialement con\u00e7us pour couper les ongles d\u00e9licats des b\u00e9b\u00e9s en toute s\u00e9curit\u00e9. Dot\u00e9s de bouts ronds et d&rsquo;une prise en main ergonomique, ils assurent un usage facile et confortable. Disponibles en rose et bleu, ils sont adapt\u00e9s d\u00e8s la naissance.\u200b<\/p>\n","protected":false},"featured_media":25467,"comment_status":"open","ping_status":"closed","template":"","meta":[],"product_cat":[243],"product_tag":[],"class_list":{"0":"post-21327","1":"product","2":"type-product","3":"status-publish","4":"has-post-thumbnail","6":"product_cat-bebe-et-maman","8":"first","9":"instock","10":"shipping-taxable","11":"purchasable","12":"product-type-simple"},"jetpack_sharing_enabled":true,"_links":{"self":[{"href":"https:\/\/para-pharmacity.tn\/index.php?rest_route=\/wp\/v2\/product\/21327","targetHints":{"allow":["GET"]}}],"collection":[{"href":"https:\/\/para-pharmacity.tn\/index.php?rest_route=\/wp\/v2\/product"}],"about":[{"href":"https:\/\/para-pharmacity.tn\/index.php?rest_route=\/wp\/v2\/types\/product"}],"replies":[{"embeddable":true,"href":"https:\/\/para-pharmacity.tn\/index.php?rest_route=%2Fwp%2Fv2%2Fcomments&post=21327"}],"version-history":[{"count":2,"href":"https:\/\/para-pharmacity.tn\/index.php?rest_route=\/wp\/v2\/product\/21327\/revisions"}],"predecessor-version":[{"id":25468,"href":"https:\/\/para-pharmacity.tn\/index.php?rest_route=\/wp\/v2\/product\/21327\/revisions\/25468"}],"wp:featuredmedia":[{"embeddable":true,"href":"https:\/\/para-pharmacity.tn\/index.php?rest_route=\/wp\/v2\/media\/25467"}],"wp:attachment":[{"href":"https:\/\/para-pharmacity.tn\/index.php?rest_route=%2Fwp%2Fv2%2Fmedia&parent=21327"}],"wp:term":[{"taxonomy":"product_cat","embeddable":true,"href":"https:\/\/para-pharmacity.tn\/index.php?rest_route=%2Fwp%2Fv2%2Fproduct_cat&post=21327"},{"taxonomy":"product_tag","embeddable":true,"href":"https:\/\/para-pharmacity.tn\/index.php?rest_route=%2Fwp%2Fv2%2Fproduct_tag&post=21327"}],"curies":[{"name":"wp","href":"https:\/\/api.w.org\/{rel}","templated":true}]}}