{"id":21321,"date":"2024-07-11T10:21:33","date_gmt":"2024-07-11T10:21:33","guid":{"rendered":"https:\/\/para-pharmacity.tn\/?product=almaflore-huile-de-noix-coco-10-ml"},"modified":"2025-04-15T14:43:19","modified_gmt":"2025-04-15T14:43:19","slug":"almaflore-huile-de-noix-coco-10-ml","status":"publish","type":"product","link":"https:\/\/para-pharmacity.tn\/?product=almaflore-huile-de-noix-coco-10-ml","title":{"rendered":"ALMAFLORE HUILE DE NOIX COCO 10 ML"},"content":{"rendered":"<p class=\"\" data-start=\"359\" data-end=\"608\">L\u2019huile de noix de coco ALMAFLORE 10 ml est une huile v\u00e9g\u00e9tale 100% pure, extraite \u00e0 froid des noix de coco. Gr\u00e2ce \u00e0 sa richesse en acides gras essentiels et en antioxydants, elle nourrit en profondeur, hydrate et r\u00e9pare la peau et les cheveux secs.<\/p>\n<p class=\"\" data-start=\"610\" data-end=\"811\">Id\u00e9ale pour les peaux d\u00e9shydrat\u00e9es, elle adoucit et prot\u00e8ge contre les agressions ext\u00e9rieures tout en procurant un parfum d\u00e9licat. Utilis\u00e9e sur les cheveux, elle les rend doux, brillants et plus forts.<\/p>\n<p class=\"\" data-start=\"813\" data-end=\"900\"><strong data-start=\"813\" data-end=\"828\">Utilisation<\/strong> : Appliquer quelques gouttes sur la peau ou les cheveux, matin et soir.<\/p>\n","protected":false},"excerpt":{"rendered":"<p class=\"\" data-start=\"169\" data-end=\"302\">Huile 100% pure et naturelle, nourrissante et hydratante. Parfaite pour la peau et les cheveux secs, elle r\u00e9pare, prot\u00e8ge et adoucit.<\/p>\n","protected":false},"featured_media":25133,"comment_status":"open","ping_status":"closed","template":"","meta":[],"product_cat":[211],"product_tag":[],"class_list":{"0":"post-21321","1":"product","2":"type-product","3":"status-publish","4":"has-post-thumbnail","6":"product_cat-cheveux","8":"first","9":"instock","10":"shipping-taxable","11":"purchasable","12":"product-type-simple"},"jetpack_sharing_enabled":true,"_links":{"self":[{"href":"https:\/\/para-pharmacity.tn\/index.php?rest_route=\/wp\/v2\/product\/21321","targetHints":{"allow":["GET"]}}],"collection":[{"href":"https:\/\/para-pharmacity.tn\/index.php?rest_route=\/wp\/v2\/product"}],"about":[{"href":"https:\/\/para-pharmacity.tn\/index.php?rest_route=\/wp\/v2\/types\/product"}],"replies":[{"embeddable":true,"href":"https:\/\/para-pharmacity.tn\/index.php?rest_route=%2Fwp%2Fv2%2Fcomments&post=21321"}],"version-history":[{"count":2,"href":"https:\/\/para-pharmacity.tn\/index.php?rest_route=\/wp\/v2\/product\/21321\/revisions"}],"predecessor-version":[{"id":25134,"href":"https:\/\/para-pharmacity.tn\/index.php?rest_route=\/wp\/v2\/product\/21321\/revisions\/25134"}],"wp:featuredmedia":[{"embeddable":true,"href":"https:\/\/para-pharmacity.tn\/index.php?rest_route=\/wp\/v2\/media\/25133"}],"wp:attachment":[{"href":"https:\/\/para-pharmacity.tn\/index.php?rest_route=%2Fwp%2Fv2%2Fmedia&parent=21321"}],"wp:term":[{"taxonomy":"product_cat","embeddable":true,"href":"https:\/\/para-pharmacity.tn\/index.php?rest_route=%2Fwp%2Fv2%2Fproduct_cat&post=21321"},{"taxonomy":"product_tag","embeddable":true,"href":"https:\/\/para-pharmacity.tn\/index.php?rest_route=%2Fwp%2Fv2%2Fproduct_tag&post=21321"}],"curies":[{"name":"wp","href":"https:\/\/api.w.org\/{rel}","templated":true}]}}