{"id":21320,"date":"2024-07-11T10:21:33","date_gmt":"2024-07-11T10:21:33","guid":{"rendered":"https:\/\/para-pharmacity.tn\/?product=almaflore-huile-de-lin-10-ml"},"modified":"2025-04-15T14:21:29","modified_gmt":"2025-04-15T14:21:29","slug":"almaflore-huile-de-lin-10-ml","status":"publish","type":"product","link":"https:\/\/para-pharmacity.tn\/?product=almaflore-huile-de-lin-10-ml","title":{"rendered":"ALMAFLORE HUILE DE LIN 10 ML"},"content":{"rendered":"<p class=\"\" data-start=\"160\" data-end=\"286\">Huile 100% pure, riche en om\u00e9ga-3. Nourrit, r\u00e9pare et prot\u00e8ge la peau et les cheveux secs. Apaise les irritations et rougeurs.<\/p>\n","protected":false},"excerpt":{"rendered":"<p class=\"\" data-start=\"343\" data-end=\"566\">L\u2019huile de lin ALMAFLORE 10 ml est une huile v\u00e9g\u00e9tale 100% naturelle, obtenue par pression \u00e0 froid. Riche en acides gras essentiels, notamment en om\u00e9ga-3, elle offre des propri\u00e9t\u00e9s nourrissantes, apaisantes et r\u00e9paratrices.<\/p>\n<p class=\"\" data-start=\"568\" data-end=\"769\">Elle aide \u00e0 restaurer la barri\u00e8re cutan\u00e9e, r\u00e9duit les inflammations, calme les peaux sensibles et am\u00e9liore la souplesse de la peau. Id\u00e9ale \u00e9galement pour fortifier les cheveux secs, cassants ou ab\u00eem\u00e9s.<\/p>\n<p class=\"\" data-start=\"771\" data-end=\"869\"><strong data-start=\"771\" data-end=\"786\">Utilisation<\/strong> : appliquer quelques gouttes sur la peau ou les cheveux, une \u00e0 deux fois par jour.<\/p>\n","protected":false},"featured_media":25124,"comment_status":"open","ping_status":"closed","template":"","meta":[],"product_cat":[211],"product_tag":[],"class_list":{"0":"post-21320","1":"product","2":"type-product","3":"status-publish","4":"has-post-thumbnail","6":"product_cat-cheveux","8":"first","9":"instock","10":"shipping-taxable","11":"purchasable","12":"product-type-simple"},"jetpack_sharing_enabled":true,"_links":{"self":[{"href":"https:\/\/para-pharmacity.tn\/index.php?rest_route=\/wp\/v2\/product\/21320","targetHints":{"allow":["GET"]}}],"collection":[{"href":"https:\/\/para-pharmacity.tn\/index.php?rest_route=\/wp\/v2\/product"}],"about":[{"href":"https:\/\/para-pharmacity.tn\/index.php?rest_route=\/wp\/v2\/types\/product"}],"replies":[{"embeddable":true,"href":"https:\/\/para-pharmacity.tn\/index.php?rest_route=%2Fwp%2Fv2%2Fcomments&post=21320"}],"version-history":[{"count":2,"href":"https:\/\/para-pharmacity.tn\/index.php?rest_route=\/wp\/v2\/product\/21320\/revisions"}],"predecessor-version":[{"id":25123,"href":"https:\/\/para-pharmacity.tn\/index.php?rest_route=\/wp\/v2\/product\/21320\/revisions\/25123"}],"wp:featuredmedia":[{"embeddable":true,"href":"https:\/\/para-pharmacity.tn\/index.php?rest_route=\/wp\/v2\/media\/25124"}],"wp:attachment":[{"href":"https:\/\/para-pharmacity.tn\/index.php?rest_route=%2Fwp%2Fv2%2Fmedia&parent=21320"}],"wp:term":[{"taxonomy":"product_cat","embeddable":true,"href":"https:\/\/para-pharmacity.tn\/index.php?rest_route=%2Fwp%2Fv2%2Fproduct_cat&post=21320"},{"taxonomy":"product_tag","embeddable":true,"href":"https:\/\/para-pharmacity.tn\/index.php?rest_route=%2Fwp%2Fv2%2Fproduct_tag&post=21320"}],"curies":[{"name":"wp","href":"https:\/\/api.w.org\/{rel}","templated":true}]}}