{"id":21319,"date":"2024-07-11T10:21:32","date_gmt":"2024-07-11T10:21:32","guid":{"rendered":"https:\/\/para-pharmacity.tn\/?product=almaflore-huile-de-calendula-10-ml"},"modified":"2025-04-15T11:51:09","modified_gmt":"2025-04-15T11:51:09","slug":"almaflore-huile-de-calendula-10-ml","status":"publish","type":"product","link":"https:\/\/para-pharmacity.tn\/?product=almaflore-huile-de-calendula-10-ml","title":{"rendered":"ALMAFLORE HUILE DE CALENDULA 10 ML"},"content":{"rendered":"<p class=\"\" data-start=\"328\" data-end=\"652\"><strong data-start=\"328\" data-end=\"362\">L\u2019huile de calendula Almaflore<\/strong> est un soin doux et r\u00e9parateur, particuli\u00e8rement adapt\u00e9 aux <strong data-start=\"423\" data-end=\"441\">peaux fragiles<\/strong>, <strong data-start=\"443\" data-end=\"456\">r\u00e9actives<\/strong> ou <strong data-start=\"460\" data-end=\"473\">agress\u00e9es<\/strong> (rougeurs, coups de soleil, \u00e9ryth\u00e8mes). Gr\u00e2ce \u00e0 ses propri\u00e9t\u00e9s <strong data-start=\"537\" data-end=\"560\">anti-inflammatoires<\/strong> et <strong data-start=\"564\" data-end=\"581\">cicatrisantes<\/strong>, elle soulage les irritations et favorise la <strong data-start=\"627\" data-end=\"651\">r\u00e9g\u00e9n\u00e9ration cutan\u00e9e<\/strong>.<\/p>\n<ul data-start=\"654\" data-end=\"828\">\n<li class=\"\" data-start=\"654\" data-end=\"694\">\n<p class=\"\" data-start=\"656\" data-end=\"694\">Apaise les rougeurs et d\u00e9mangeaisons<\/p>\n<\/li>\n<li class=\"\" data-start=\"695\" data-end=\"739\">\n<p class=\"\" data-start=\"697\" data-end=\"739\">Id\u00e9ale pour les b\u00e9b\u00e9s et peaux d\u00e9licates<\/p>\n<\/li>\n<li class=\"\" data-start=\"740\" data-end=\"788\">\n<p class=\"\" data-start=\"742\" data-end=\"788\">Acc\u00e9l\u00e8re la cicatrisation des petites plaies<\/p>\n<\/li>\n<li class=\"\" data-start=\"789\" data-end=\"828\">\n<p class=\"\" data-start=\"791\" data-end=\"828\">Convient apr\u00e8s-rasage ou apr\u00e8s-soleil<\/p>\n<\/li>\n<\/ul>\n","protected":false},"excerpt":{"rendered":"<p class=\"\" data-start=\"132\" data-end=\"245\"><strong data-start=\"132\" data-end=\"170\">Almaflore Huile de Calendula 10 ml<\/strong><br data-start=\"170\" data-end=\"173\" \/>Huile apaisante pour <strong data-start=\"194\" data-end=\"213\">peaux sensibles<\/strong>, <strong data-start=\"215\" data-end=\"227\">irrit\u00e9es<\/strong> ou <strong data-start=\"231\" data-end=\"242\">rougies<\/strong>.<\/p>\n<ul data-start=\"246\" data-end=\"288\">\n<li class=\"\" data-start=\"246\" data-end=\"288\">\n<p class=\"\" data-start=\"248\" data-end=\"288\">Calme, r\u00e9g\u00e9n\u00e8re et prot\u00e8ge naturellement<\/p>\n<\/li>\n<\/ul>\n","protected":false},"featured_media":25101,"comment_status":"open","ping_status":"closed","template":"","meta":[],"product_cat":[211],"product_tag":[],"class_list":{"0":"post-21319","1":"product","2":"type-product","3":"status-publish","4":"has-post-thumbnail","6":"product_cat-cheveux","8":"first","9":"instock","10":"shipping-taxable","11":"purchasable","12":"product-type-simple"},"jetpack_sharing_enabled":true,"_links":{"self":[{"href":"https:\/\/para-pharmacity.tn\/index.php?rest_route=\/wp\/v2\/product\/21319","targetHints":{"allow":["GET"]}}],"collection":[{"href":"https:\/\/para-pharmacity.tn\/index.php?rest_route=\/wp\/v2\/product"}],"about":[{"href":"https:\/\/para-pharmacity.tn\/index.php?rest_route=\/wp\/v2\/types\/product"}],"replies":[{"embeddable":true,"href":"https:\/\/para-pharmacity.tn\/index.php?rest_route=%2Fwp%2Fv2%2Fcomments&post=21319"}],"version-history":[{"count":2,"href":"https:\/\/para-pharmacity.tn\/index.php?rest_route=\/wp\/v2\/product\/21319\/revisions"}],"predecessor-version":[{"id":25103,"href":"https:\/\/para-pharmacity.tn\/index.php?rest_route=\/wp\/v2\/product\/21319\/revisions\/25103"}],"wp:featuredmedia":[{"embeddable":true,"href":"https:\/\/para-pharmacity.tn\/index.php?rest_route=\/wp\/v2\/media\/25101"}],"wp:attachment":[{"href":"https:\/\/para-pharmacity.tn\/index.php?rest_route=%2Fwp%2Fv2%2Fmedia&parent=21319"}],"wp:term":[{"taxonomy":"product_cat","embeddable":true,"href":"https:\/\/para-pharmacity.tn\/index.php?rest_route=%2Fwp%2Fv2%2Fproduct_cat&post=21319"},{"taxonomy":"product_tag","embeddable":true,"href":"https:\/\/para-pharmacity.tn\/index.php?rest_route=%2Fwp%2Fv2%2Fproduct_tag&post=21319"}],"curies":[{"name":"wp","href":"https:\/\/api.w.org\/{rel}","templated":true}]}}