{"id":21317,"date":"2024-07-11T10:21:32","date_gmt":"2024-07-11T10:21:32","guid":{"rendered":"https:\/\/para-pharmacity.tn\/?product=xen-pelli-q10-shamp-pellicules-sech"},"modified":"2025-05-05T08:40:47","modified_gmt":"2025-05-05T08:40:47","slug":"xen-pelli-q10-shamp-pellicules-sech","status":"publish","type":"product","link":"https:\/\/para-pharmacity.tn\/?product=xen-pelli-q10-shamp-pellicules-sech","title":{"rendered":"XEN PELLI Q10 SHAMP PELLICULES SECH"},"content":{"rendered":"<p><b>XEN PELLI Q10 SHAMPOOING ANTI PELLICULES SECHES<\/b><strong>\u00a0200ML<\/strong><\/p>\n<p>XEN PELLI Q10 SHAMPOOING ANTI PELLICULES SECHES\u00a0est un shampooing d\u00e9m\u00ealant qui assainit, soulage et hydrate le cuir chevelu sensible.<\/p>\n<p>Il\u00a0d\u00e9sencruste les pellicules et aide \u00e0 assainir l&rsquo;\u00e9piderme sensible.<\/p>\n<p>&nbsp;<\/p>\n<p><span style=\"color: #333333\"><strong><u>Conseils d&rsquo;utilisation :<\/u><\/strong><\/span><\/p>\n<ul>\n<li>Pour une\u00a01\u00e8re application : laisser poser 5mn, puis rincer.<\/li>\n<li>Pour les applications suivantes : masser puis rincer. Eviter le contact avec les yeux et la peau endommag\u00e9e<\/li>\n<\/ul>\n","protected":false},"excerpt":{"rendered":"<p>Pelli Q10 shampooing traitant &#8211; pellicules s\u00e8ches Anti-pelliculaire Micro-exfoliant Anti- d\u00e9mangeaison.<\/p>\n","protected":false},"featured_media":25761,"comment_status":"open","ping_status":"closed","template":"","meta":[],"product_cat":[211],"product_tag":[],"class_list":{"0":"post-21317","1":"product","2":"type-product","3":"status-publish","4":"has-post-thumbnail","6":"product_cat-cheveux","8":"first","9":"instock","10":"shipping-taxable","11":"purchasable","12":"product-type-simple"},"jetpack_sharing_enabled":true,"_links":{"self":[{"href":"https:\/\/para-pharmacity.tn\/index.php?rest_route=\/wp\/v2\/product\/21317","targetHints":{"allow":["GET"]}}],"collection":[{"href":"https:\/\/para-pharmacity.tn\/index.php?rest_route=\/wp\/v2\/product"}],"about":[{"href":"https:\/\/para-pharmacity.tn\/index.php?rest_route=\/wp\/v2\/types\/product"}],"replies":[{"embeddable":true,"href":"https:\/\/para-pharmacity.tn\/index.php?rest_route=%2Fwp%2Fv2%2Fcomments&post=21317"}],"version-history":[{"count":2,"href":"https:\/\/para-pharmacity.tn\/index.php?rest_route=\/wp\/v2\/product\/21317\/revisions"}],"predecessor-version":[{"id":25762,"href":"https:\/\/para-pharmacity.tn\/index.php?rest_route=\/wp\/v2\/product\/21317\/revisions\/25762"}],"wp:featuredmedia":[{"embeddable":true,"href":"https:\/\/para-pharmacity.tn\/index.php?rest_route=\/wp\/v2\/media\/25761"}],"wp:attachment":[{"href":"https:\/\/para-pharmacity.tn\/index.php?rest_route=%2Fwp%2Fv2%2Fmedia&parent=21317"}],"wp:term":[{"taxonomy":"product_cat","embeddable":true,"href":"https:\/\/para-pharmacity.tn\/index.php?rest_route=%2Fwp%2Fv2%2Fproduct_cat&post=21317"},{"taxonomy":"product_tag","embeddable":true,"href":"https:\/\/para-pharmacity.tn\/index.php?rest_route=%2Fwp%2Fv2%2Fproduct_tag&post=21317"}],"curies":[{"name":"wp","href":"https:\/\/api.w.org\/{rel}","templated":true}]}}