{"id":21314,"date":"2024-07-11T10:21:31","date_gmt":"2024-07-11T10:21:31","guid":{"rendered":"https:\/\/para-pharmacity.tn\/?product=vital-plantex-jour-nuit-30-gel"},"modified":"2025-05-14T11:13:06","modified_gmt":"2025-05-14T11:13:06","slug":"vital-plantex-jour-nuit-30-gel","status":"publish","type":"product","link":"https:\/\/para-pharmacity.tn\/?product=vital-plantex-jour-nuit-30-gel","title":{"rendered":"VITAL PLANTEX JOUR &amp; NUIT 30 GEL"},"content":{"rendered":"<p>Planth\u00e9rapie Plantex en 30 g\u00e9lules des Laboratoires VITAL est un compl\u00e9ment alimentaire indiqu\u00e9 pour pr\u00e9venir et traiter l\u2019\u00e9tat grippal.<\/p>\n<p>Sa composition comprend de l\u2019ac\u00e9rola, de l\u2019\u00e9chinac\u00e9e, du plantain, du noyer, du thym et de l\u2019eucalyptus. Ce produit se pr\u00e9sente sous forme de g\u00e9lules, avec une formule jour et une formule nuit. Les conseils d\u2019utilisation recommandent une g\u00e9lule le matin et une g\u00e9lule le soir\u200b\u200b.<\/p>\n","protected":false},"excerpt":{"rendered":"<p>Aide \u00e0 soulager le nez et la gorge et renforcer l\u2019immunit\u00e9.\u00a0Une bo\u00eete de 15 G\u00e9lules : Formule Jour et formule Nuit<\/p>\n","protected":false},"featured_media":26088,"comment_status":"open","ping_status":"closed","template":"","meta":[],"product_cat":[286],"product_tag":[],"class_list":{"0":"post-21314","1":"product","2":"type-product","3":"status-publish","4":"has-post-thumbnail","6":"product_cat-complement-alimentaire","8":"first","9":"instock","10":"shipping-taxable","11":"purchasable","12":"product-type-simple"},"jetpack_sharing_enabled":true,"_links":{"self":[{"href":"https:\/\/para-pharmacity.tn\/index.php?rest_route=\/wp\/v2\/product\/21314","targetHints":{"allow":["GET"]}}],"collection":[{"href":"https:\/\/para-pharmacity.tn\/index.php?rest_route=\/wp\/v2\/product"}],"about":[{"href":"https:\/\/para-pharmacity.tn\/index.php?rest_route=\/wp\/v2\/types\/product"}],"replies":[{"embeddable":true,"href":"https:\/\/para-pharmacity.tn\/index.php?rest_route=%2Fwp%2Fv2%2Fcomments&post=21314"}],"version-history":[{"count":2,"href":"https:\/\/para-pharmacity.tn\/index.php?rest_route=\/wp\/v2\/product\/21314\/revisions"}],"predecessor-version":[{"id":26089,"href":"https:\/\/para-pharmacity.tn\/index.php?rest_route=\/wp\/v2\/product\/21314\/revisions\/26089"}],"wp:featuredmedia":[{"embeddable":true,"href":"https:\/\/para-pharmacity.tn\/index.php?rest_route=\/wp\/v2\/media\/26088"}],"wp:attachment":[{"href":"https:\/\/para-pharmacity.tn\/index.php?rest_route=%2Fwp%2Fv2%2Fmedia&parent=21314"}],"wp:term":[{"taxonomy":"product_cat","embeddable":true,"href":"https:\/\/para-pharmacity.tn\/index.php?rest_route=%2Fwp%2Fv2%2Fproduct_cat&post=21314"},{"taxonomy":"product_tag","embeddable":true,"href":"https:\/\/para-pharmacity.tn\/index.php?rest_route=%2Fwp%2Fv2%2Fproduct_tag&post=21314"}],"curies":[{"name":"wp","href":"https:\/\/api.w.org\/{rel}","templated":true}]}}