{"id":21312,"date":"2024-07-11T10:21:30","date_gmt":"2024-07-11T10:21:30","guid":{"rendered":"https:\/\/para-pharmacity.tn\/?product=vital-omevie-articulation-900-b30"},"modified":"2025-05-16T16:23:19","modified_gmt":"2025-05-16T16:23:19","slug":"vital-omevie-articulation-900-b30","status":"publish","type":"product","link":"https:\/\/para-pharmacity.tn\/?product=vital-omevie-articulation-900-b30","title":{"rendered":"VITAL OMEVIE ARTICULATION 900 B30"},"content":{"rendered":"<p>Le compl\u00e9ment alimentaire VITAL OMEVIE ARTICULATION 900 est sp\u00e9cialement con\u00e7u pour soutenir la sant\u00e9 des articulations. Gr\u00e2ce \u00e0 sa formule innovante, \u00e0 base d&rsquo;huile de poisson et d&rsquo;huile d&rsquo;onagre, ce produit contribue \u00e0 une meilleure mobilit\u00e9 et flexibilit\u00e9 articulaire. Les acides gras om\u00e9ga-3 contenus dans l&rsquo;huile de poisson ont des propri\u00e9t\u00e9s anti-inflammatoires et aident \u00e0 r\u00e9duire les douleurs articulaires. L&rsquo;huile d&rsquo;onagre, quant \u00e0 elle, est riche en acide gamma-linol\u00e9nique, un acide gras b\u00e9n\u00e9fique pour la peau, mais \u00e9galement pour les articulations. En prenant ce compl\u00e9ment r\u00e9guli\u00e8rement, vous pourrez maintenir vos articulations en bonne sant\u00e9 et pr\u00e9venir l&rsquo;apparition de certaines pathologies articulaires. Essayer VITAL OMEVIE ARTICULATION 900, c&rsquo;est adopter une approche naturelle pour prendre soin de vos articulations au quotidien.<br \/>\n&#8211; Extrait de racines de Curcuma longa<br \/>\n&#8211; Extrait de racines de Gingembre<br \/>\n&#8211; Extrait de poivre noir<br \/>\n&#8211; Acide hyaluronique<br \/>\n&#8211; Collag\u00e8ne de type II<br \/>\n&#8211; Vitamine C<br \/>\n&#8211; Vitamine D<br \/>\n&#8211; Sulfate de glucosamine<br \/>\n&#8211; Sulfate de chondro\u00eftine<br \/>\n&#8211; Mangan\u00e8se<br \/>\nConseils d&rsquo;utilisation:<\/p>\n<p>&#8211; Prenez 1 g\u00e9lule par jour avec un grand verre d&rsquo;eau, de pr\u00e9f\u00e9rence pendant le repas.<\/p>\n<p>&#8211; Ne pas d\u00e9passer la dose journali\u00e8re recommand\u00e9e.<\/p>\n<p>&#8211; Conserver le produit dans un endroit frais et sec, \u00e0 l&rsquo;abri de la lumi\u00e8re et de l&rsquo;humidit\u00e9.<\/p>\n<p>&#8211; Tenir hors de port\u00e9e des enfants.<\/p>\n<p>&#8211; Consultez un professionnel de sant\u00e9 avant de prendre ce compl\u00e9ment alimentaire si vous \u00eates enceinte, allaitante ou si vous suivez un traitement m\u00e9dicamenteux.<\/p>\n<p>&#8211; Ce produit n&rsquo;est pas un substitut \u00e0 une alimentation \u00e9quilibr\u00e9e et vari\u00e9e ainsi qu&rsquo;\u00e0 un mode de vie sain.<\/p>\n<p>&#8211; En cas de r\u00e9action allergique, arr\u00eatez la prise du produit et consultez un m\u00e9decin.<\/p>\n<p>Prenez soin de vos articulations avec VITAL OMEVIE ARTICULATION 900!<\/p>\n","protected":false},"excerpt":{"rendered":"<p style=\"font-weight: 400;\">\u2013 Confort articulaire<\/p>\n<p style=\"font-weight: 400;\">\u2013 Articulation souple et confortable<\/p>\n<p style=\"font-weight: 400;\">\u2013 Soulage les douleurs arthrosiques<\/p>\n","protected":false},"featured_media":26188,"comment_status":"open","ping_status":"closed","template":"","meta":[],"product_cat":[286],"product_tag":[],"class_list":{"0":"post-21312","1":"product","2":"type-product","3":"status-publish","4":"has-post-thumbnail","6":"product_cat-complement-alimentaire","8":"first","9":"instock","10":"shipping-taxable","11":"purchasable","12":"product-type-simple"},"jetpack_sharing_enabled":true,"_links":{"self":[{"href":"https:\/\/para-pharmacity.tn\/index.php?rest_route=\/wp\/v2\/product\/21312","targetHints":{"allow":["GET"]}}],"collection":[{"href":"https:\/\/para-pharmacity.tn\/index.php?rest_route=\/wp\/v2\/product"}],"about":[{"href":"https:\/\/para-pharmacity.tn\/index.php?rest_route=\/wp\/v2\/types\/product"}],"replies":[{"embeddable":true,"href":"https:\/\/para-pharmacity.tn\/index.php?rest_route=%2Fwp%2Fv2%2Fcomments&post=21312"}],"version-history":[{"count":2,"href":"https:\/\/para-pharmacity.tn\/index.php?rest_route=\/wp\/v2\/product\/21312\/revisions"}],"predecessor-version":[{"id":26189,"href":"https:\/\/para-pharmacity.tn\/index.php?rest_route=\/wp\/v2\/product\/21312\/revisions\/26189"}],"wp:featuredmedia":[{"embeddable":true,"href":"https:\/\/para-pharmacity.tn\/index.php?rest_route=\/wp\/v2\/media\/26188"}],"wp:attachment":[{"href":"https:\/\/para-pharmacity.tn\/index.php?rest_route=%2Fwp%2Fv2%2Fmedia&parent=21312"}],"wp:term":[{"taxonomy":"product_cat","embeddable":true,"href":"https:\/\/para-pharmacity.tn\/index.php?rest_route=%2Fwp%2Fv2%2Fproduct_cat&post=21312"},{"taxonomy":"product_tag","embeddable":true,"href":"https:\/\/para-pharmacity.tn\/index.php?rest_route=%2Fwp%2Fv2%2Fproduct_tag&post=21312"}],"curies":[{"name":"wp","href":"https:\/\/api.w.org\/{rel}","templated":true}]}}