{"id":21310,"date":"2024-07-11T10:21:29","date_gmt":"2024-07-11T10:21:29","guid":{"rendered":"https:\/\/para-pharmacity.tn\/?product=vital-dermacne-b30-g"},"modified":"2025-05-23T09:47:03","modified_gmt":"2025-05-23T09:47:03","slug":"vital-dermacne-b30-g","status":"publish","type":"product","link":"https:\/\/para-pharmacity.tn\/?product=vital-dermacne-b30-g","title":{"rendered":"VITAL DERMACNE B30 G"},"content":{"rendered":"<p>Les g\u00e9lules DERMACN\u00c9 de Vital sont efficaces pour assainir, purifier la peau en profondeur et \u00e9liminer les imperfections cutan\u00e9es dues \u00e0 l\u2019acn\u00e9.<\/p>\n<p>Elles contiennent des ingr\u00e9dients naturels tels que le zinc, la vitamine A ainsi que des plantes m\u00e9dicinales qui aident \u00e0 r\u00e9guler le s\u00e9bum et \u00e0 d\u00e9toxifier la peau.<\/p>\n<p><b><strong>COMPOSITIONS:<\/strong><\/b><\/p>\n<ul>\n<li>Extrait sec de Bardane : La bardane est souvent utilis\u00e9e pour ses propri\u00e9t\u00e9s anti-inflammatoires et purifiantes. Elle peut aider \u00e0 apaiser la peau enflamm\u00e9e et \u00e0 r\u00e9duire les \u00e9ruptions cutan\u00e9es.<\/li>\n<li>Extrait sec de Pens\u00e9e sauvage : La pens\u00e9e sauvage est r\u00e9put\u00e9e pour ses propri\u00e9t\u00e9s antibact\u00e9riennes et anti-inflammatoires. Elle peut contribuer \u00e0 r\u00e9duire l\u2019inflammation associ\u00e9e \u00e0 l\u2019acn\u00e9 et aider \u00e0 maintenir une peau plus claire.<\/li>\n<li>Levure de bi\u00e8re : La levure de bi\u00e8re est riche en vitamines B, en particulier la vitamine B5 (acide pantoth\u00e9nique), ce qui peut aider \u00e0 r\u00e9guler la production de s\u00e9bum et \u00e0 maintenir la sant\u00e9 de la peau.<\/li>\n<li>Sulfate de Zinc : Le zinc joue un r\u00f4le crucial dans la r\u00e9gulation de la production de s\u00e9bum, la cicatrisation et le renouvellement cellulaire. Il peut aider \u00e0 r\u00e9duire l\u2019acn\u00e9 l\u00e9g\u00e8re \u00e0 mod\u00e9r\u00e9e.<\/li>\n<li>Vitamine B5 (Acide pantoth\u00e9nique) : Cette vitamine est connue pour ses propri\u00e9t\u00e9s hydratantes et apaisantes. Elle peut aider \u00e0 maintenir une barri\u00e8re cutan\u00e9e saine et \u00e0 r\u00e9duire les rougeurs.<\/li>\n<li>Vitamine A : La vitamine A est essentielle pour le renouvellement cellulaire de la peau. Elle peut aider \u00e0 r\u00e9duire l\u2019apparence des cicatrices d\u2019acn\u00e9 et \u00e0 am\u00e9liorer la texture de la peau.<\/li>\n<\/ul>\n<p><b><strong>CONSEILS D\u2019UTILISATION:<\/strong><\/b><\/p>\n<p>une g\u00e9lule par jour<\/p>\n","protected":false},"excerpt":{"rendered":"<p>Assainir et purifier la peau en profondeurElimine les imperfections cutan\u00e9es dues \u00e0 l\u2019acn\u00e9<\/p>\n","protected":false},"featured_media":26312,"comment_status":"open","ping_status":"closed","template":"","meta":[],"product_cat":[213],"product_tag":[],"class_list":{"0":"post-21310","1":"product","2":"type-product","3":"status-publish","4":"has-post-thumbnail","6":"product_cat-visage","8":"first","9":"instock","10":"shipping-taxable","11":"purchasable","12":"product-type-simple"},"jetpack_sharing_enabled":true,"_links":{"self":[{"href":"https:\/\/para-pharmacity.tn\/index.php?rest_route=\/wp\/v2\/product\/21310","targetHints":{"allow":["GET"]}}],"collection":[{"href":"https:\/\/para-pharmacity.tn\/index.php?rest_route=\/wp\/v2\/product"}],"about":[{"href":"https:\/\/para-pharmacity.tn\/index.php?rest_route=\/wp\/v2\/types\/product"}],"replies":[{"embeddable":true,"href":"https:\/\/para-pharmacity.tn\/index.php?rest_route=%2Fwp%2Fv2%2Fcomments&post=21310"}],"version-history":[{"count":2,"href":"https:\/\/para-pharmacity.tn\/index.php?rest_route=\/wp\/v2\/product\/21310\/revisions"}],"predecessor-version":[{"id":26313,"href":"https:\/\/para-pharmacity.tn\/index.php?rest_route=\/wp\/v2\/product\/21310\/revisions\/26313"}],"wp:featuredmedia":[{"embeddable":true,"href":"https:\/\/para-pharmacity.tn\/index.php?rest_route=\/wp\/v2\/media\/26312"}],"wp:attachment":[{"href":"https:\/\/para-pharmacity.tn\/index.php?rest_route=%2Fwp%2Fv2%2Fmedia&parent=21310"}],"wp:term":[{"taxonomy":"product_cat","embeddable":true,"href":"https:\/\/para-pharmacity.tn\/index.php?rest_route=%2Fwp%2Fv2%2Fproduct_cat&post=21310"},{"taxonomy":"product_tag","embeddable":true,"href":"https:\/\/para-pharmacity.tn\/index.php?rest_route=%2Fwp%2Fv2%2Fproduct_tag&post=21310"}],"curies":[{"name":"wp","href":"https:\/\/api.w.org\/{rel}","templated":true}]}}