{"id":21307,"date":"2024-07-11T10:21:28","date_gmt":"2024-07-11T10:21:28","guid":{"rendered":"https:\/\/para-pharmacity.tn\/?product=uriage-bariederm-cica-gel-net-zinc-200ml"},"modified":"2025-06-02T12:17:07","modified_gmt":"2025-06-02T12:17:07","slug":"uriage-bariederm-cica-gel-net-zinc-200ml","status":"publish","type":"product","link":"https:\/\/para-pharmacity.tn\/?product=uriage-bariederm-cica-gel-net-zinc-200ml","title":{"rendered":"URIAGE BARIEDERM-CICA GEL NET ZINC 200ML"},"content":{"rendered":"<p><strong>URIAGE BARI\u00c9DERM \u2013 CICA GEL NETTOYANT 200ML<\/strong><\/p>\n<p>URIAGE BARI\u00c9DERM CICA GEL NETTOYANT est un gel nettoyant surgras, apaisant et assainissant d\u00e9veloppe une mousse onctueuse et a \u00e9t\u00e9 sp\u00e9cialement formul\u00e9 pour l\u2019hygi\u00e8ne des peaux irrit\u00e9es.<\/p>\n<p>CICA GEL NETTOYANT :<\/p>\n<ul>\n<li>Apaise: La technologie brevet\u00e9e TLR2-Regul et l\u2019Eau Thermale d\u2019Uriage apaisent les sensations d\u2019inconfort d\u00e9clench\u00e9es par les micro-organismes.<\/li>\n<li>Assainit: Le Gluconate de cuivre et de zinc r\u00e9gulent la flore bact\u00e9rienne.<\/li>\n<li>Nettoie en douceur: Sa base lavante extra-douce et non-dess\u00e9chante respecte le film hydrolipidique de la peau.<\/li>\n<\/ul>\n","protected":false},"excerpt":{"rendered":"<p>Ce soin nettoyant pour le visage et le corps pour les peaux fragilis\u00e9es et irrit\u00e9es nettoie, purifie et apaise la peau<\/p>\n","protected":false},"featured_media":26514,"comment_status":"open","ping_status":"closed","template":"","meta":[],"product_cat":[213],"product_tag":[],"class_list":{"0":"post-21307","1":"product","2":"type-product","3":"status-publish","4":"has-post-thumbnail","6":"product_cat-visage","8":"first","9":"instock","10":"shipping-taxable","11":"purchasable","12":"product-type-simple"},"jetpack_sharing_enabled":true,"_links":{"self":[{"href":"https:\/\/para-pharmacity.tn\/index.php?rest_route=\/wp\/v2\/product\/21307","targetHints":{"allow":["GET"]}}],"collection":[{"href":"https:\/\/para-pharmacity.tn\/index.php?rest_route=\/wp\/v2\/product"}],"about":[{"href":"https:\/\/para-pharmacity.tn\/index.php?rest_route=\/wp\/v2\/types\/product"}],"replies":[{"embeddable":true,"href":"https:\/\/para-pharmacity.tn\/index.php?rest_route=%2Fwp%2Fv2%2Fcomments&post=21307"}],"version-history":[{"count":2,"href":"https:\/\/para-pharmacity.tn\/index.php?rest_route=\/wp\/v2\/product\/21307\/revisions"}],"predecessor-version":[{"id":26515,"href":"https:\/\/para-pharmacity.tn\/index.php?rest_route=\/wp\/v2\/product\/21307\/revisions\/26515"}],"wp:featuredmedia":[{"embeddable":true,"href":"https:\/\/para-pharmacity.tn\/index.php?rest_route=\/wp\/v2\/media\/26514"}],"wp:attachment":[{"href":"https:\/\/para-pharmacity.tn\/index.php?rest_route=%2Fwp%2Fv2%2Fmedia&parent=21307"}],"wp:term":[{"taxonomy":"product_cat","embeddable":true,"href":"https:\/\/para-pharmacity.tn\/index.php?rest_route=%2Fwp%2Fv2%2Fproduct_cat&post=21307"},{"taxonomy":"product_tag","embeddable":true,"href":"https:\/\/para-pharmacity.tn\/index.php?rest_route=%2Fwp%2Fv2%2Fproduct_tag&post=21307"}],"curies":[{"name":"wp","href":"https:\/\/api.w.org\/{rel}","templated":true}]}}