{"id":21305,"date":"2024-07-11T10:21:27","date_gmt":"2024-07-11T10:21:27","guid":{"rendered":"https:\/\/para-pharmacity.tn\/?product=svr-xerial-50-extreme-creme-pieds"},"modified":"2025-06-16T14:47:33","modified_gmt":"2025-06-16T14:47:33","slug":"svr-xerial-50-extreme-creme-pieds","status":"publish","type":"product","link":"https:\/\/para-pharmacity.tn\/?product=svr-xerial-50-extreme-creme-pieds","title":{"rendered":"SVR XERIAL 50 EXTREME CREME PIEDS"},"content":{"rendered":"<p><strong>SVR XERIAL 50 Extr\u00eame Cr\u00e8me Pieds<\/strong><\/p>\n<p><strong>Bienfaits :\u00a0<\/strong><\/p>\n<p>SVR XERIAL 50 Extr\u00eame est un soin incontournable pour les pieds. Sa formule puissante et efficace permet de retrouver des pieds doux et soyeux en un temps record. Gr\u00e2ce \u00e0 ses ingr\u00e9dients actifs, cette cr\u00e8me hydrate intens\u00e9ment, \u00e9limine les callosit\u00e9s et les durillons, et apaise la peau.<\/p>\n<p>R\u00e9duit les callosit\u00e9s et durillons en 7 jours gr\u00e2ce \u00e0 sa formule concentr\u00e9e, XERIAL 50 Extr\u00eame agit rapidement et efficacement pour \u00e9liminer les zones \u00e9paissies de la peau.<\/p>\n<p>Hydrate intens\u00e9ment : L\u2019ur\u00e9e, reconnue pour ses propri\u00e9t\u00e9s hydratantes, p\u00e9n\u00e8tre en profondeur pour nourrir et apaiser la peau.<\/p>\n<p>Texture non grasse, facile \u00e0 appliquer et \u00e0 faire p\u00e9n\u00e9trer, elle ne laisse pas de film gras sur la peau.<\/p>\n<p>Formule tol\u00e9rante, convient aux peaux les plus sensibles.<\/p>\n<p><strong>Conseils d\u2019utilisation :<\/strong><\/p>\n<p>Appliquer une \u00e0 deux fois par jour sur les zones concern\u00e9es (pieds, mains, coudes) en massant d\u00e9licatement jusqu\u2019\u00e0 p\u00e9n\u00e9tration compl\u00e8te. Pour de meilleurs r\u00e9sultats, il est recommand\u00e9 d\u2019utiliser une r\u00e2pe \u00e0 pied pour \u00e9liminer les peaux mortes avant l\u2019application de la cr\u00e8me.<\/p>\n<p><strong>Composition :<\/strong><\/p>\n<p>Urea, aqua (purified water), glycerin, butyrospermum parkii butter (shea butter), triethanolamine, isohexadecane, salicylic acid, octydodecanol, polyacrylate-13, bacillus ferment, serine, histidine, octyldodecylxyloside, PEG-30 dipolyhydroxystearate, polyisobutene, polysorbate 20, sorbitan isostearate, propylene glycol, disodium EDTA, citric acid, potassium sorbate.<\/p>\n","protected":false},"excerpt":{"rendered":"<p>Pour un effet visible d\u00e8s une semaine d&rsquo;application, il est primordial d&rsquo;appliquer cette cr\u00e8me sur les zones concern\u00e9es quotidiennement.<\/p>\n<p>Pour que ces callosit\u00e9s et durillons rebelles ne reparaissent plus vous pouvez utiliser en plus de cette cr\u00e8me une cr\u00e8me pr\u00e9ventive comme SVR X\u00e9rial 30.<\/p>\n","protected":false},"featured_media":26866,"comment_status":"open","ping_status":"closed","template":"","meta":[],"product_cat":[235],"product_tag":[],"class_list":{"0":"post-21305","1":"product","2":"type-product","3":"status-publish","4":"has-post-thumbnail","6":"product_cat-corps","8":"first","9":"instock","10":"shipping-taxable","11":"purchasable","12":"product-type-simple"},"jetpack_sharing_enabled":true,"_links":{"self":[{"href":"https:\/\/para-pharmacity.tn\/index.php?rest_route=\/wp\/v2\/product\/21305","targetHints":{"allow":["GET"]}}],"collection":[{"href":"https:\/\/para-pharmacity.tn\/index.php?rest_route=\/wp\/v2\/product"}],"about":[{"href":"https:\/\/para-pharmacity.tn\/index.php?rest_route=\/wp\/v2\/types\/product"}],"replies":[{"embeddable":true,"href":"https:\/\/para-pharmacity.tn\/index.php?rest_route=%2Fwp%2Fv2%2Fcomments&post=21305"}],"version-history":[{"count":2,"href":"https:\/\/para-pharmacity.tn\/index.php?rest_route=\/wp\/v2\/product\/21305\/revisions"}],"predecessor-version":[{"id":26867,"href":"https:\/\/para-pharmacity.tn\/index.php?rest_route=\/wp\/v2\/product\/21305\/revisions\/26867"}],"wp:featuredmedia":[{"embeddable":true,"href":"https:\/\/para-pharmacity.tn\/index.php?rest_route=\/wp\/v2\/media\/26866"}],"wp:attachment":[{"href":"https:\/\/para-pharmacity.tn\/index.php?rest_route=%2Fwp%2Fv2%2Fmedia&parent=21305"}],"wp:term":[{"taxonomy":"product_cat","embeddable":true,"href":"https:\/\/para-pharmacity.tn\/index.php?rest_route=%2Fwp%2Fv2%2Fproduct_cat&post=21305"},{"taxonomy":"product_tag","embeddable":true,"href":"https:\/\/para-pharmacity.tn\/index.php?rest_route=%2Fwp%2Fv2%2Fproduct_tag&post=21305"}],"curies":[{"name":"wp","href":"https:\/\/api.w.org\/{rel}","templated":true}]}}