{"id":21208,"date":"2024-07-11T10:20:35","date_gmt":"2024-07-11T10:20:35","guid":{"rendered":"https:\/\/para-pharmacity.tn\/?product=babirose-gel-douche"},"modified":"2025-04-18T15:39:03","modified_gmt":"2025-04-18T15:39:03","slug":"babirose-gel-douche","status":"publish","type":"product","link":"https:\/\/para-pharmacity.tn\/?product=babirose-gel-douche","title":{"rendered":"BABIROSE GEL DOUCHE"},"content":{"rendered":"<p><span class=\"relative -mx-px my-[-0.2rem] rounded px-px py-[0.2rem] transition-colors duration-100 ease-in-out\">Le <strong data-start=\"3\" data-end=\"33\">Babirose Gel Douche 250\u202fml<\/strong> est sp\u00e9cialement formul\u00e9 pour respecter la peau fragile des nourrissons d\u00e8s la naissance.<\/span> <span class=\"relative -mx-px my-[-0.2rem] rounded px-px py-[0.2rem] transition-colors duration-100 ease-in-out\">Sa texture moussante et son parfum d\u00e9licat transforment le bain en un moment de plaisir partag\u00e9.<\/span> <span class=\"relative -mx-px my-[-0.2rem] rounded px-px py-[0.2rem] transition-colors duration-100 ease-in-out\">Ce gel douche aide \u00e0 pr\u00e9server la barri\u00e8re protectrice naturelle de la peau, contribuant ainsi \u00e0 maintenir son hydratation et sa douceur.<\/span><\/p>\n","protected":false},"excerpt":{"rendered":"<p>Le <strong data-start=\"3\" data-end=\"33\">Babirose Gel Douche 250\u202fml<\/strong> nettoie en douceur la peau sensible de b\u00e9b\u00e9, tout en pr\u00e9servant sa barri\u00e8re cutan\u00e9e naturelle.<\/p>\n","protected":false},"featured_media":25354,"comment_status":"open","ping_status":"closed","template":"","meta":[],"product_cat":[243],"product_tag":[],"class_list":{"0":"post-21208","1":"product","2":"type-product","3":"status-publish","4":"has-post-thumbnail","6":"product_cat-bebe-et-maman","8":"first","9":"instock","10":"shipping-taxable","11":"purchasable","12":"product-type-simple"},"jetpack_sharing_enabled":true,"_links":{"self":[{"href":"https:\/\/para-pharmacity.tn\/index.php?rest_route=\/wp\/v2\/product\/21208","targetHints":{"allow":["GET"]}}],"collection":[{"href":"https:\/\/para-pharmacity.tn\/index.php?rest_route=\/wp\/v2\/product"}],"about":[{"href":"https:\/\/para-pharmacity.tn\/index.php?rest_route=\/wp\/v2\/types\/product"}],"replies":[{"embeddable":true,"href":"https:\/\/para-pharmacity.tn\/index.php?rest_route=%2Fwp%2Fv2%2Fcomments&post=21208"}],"version-history":[{"count":2,"href":"https:\/\/para-pharmacity.tn\/index.php?rest_route=\/wp\/v2\/product\/21208\/revisions"}],"predecessor-version":[{"id":25356,"href":"https:\/\/para-pharmacity.tn\/index.php?rest_route=\/wp\/v2\/product\/21208\/revisions\/25356"}],"wp:featuredmedia":[{"embeddable":true,"href":"https:\/\/para-pharmacity.tn\/index.php?rest_route=\/wp\/v2\/media\/25354"}],"wp:attachment":[{"href":"https:\/\/para-pharmacity.tn\/index.php?rest_route=%2Fwp%2Fv2%2Fmedia&parent=21208"}],"wp:term":[{"taxonomy":"product_cat","embeddable":true,"href":"https:\/\/para-pharmacity.tn\/index.php?rest_route=%2Fwp%2Fv2%2Fproduct_cat&post=21208"},{"taxonomy":"product_tag","embeddable":true,"href":"https:\/\/para-pharmacity.tn\/index.php?rest_route=%2Fwp%2Fv2%2Fproduct_tag&post=21208"}],"curies":[{"name":"wp","href":"https:\/\/api.w.org\/{rel}","templated":true}]}}