{"id":21207,"date":"2024-07-11T10:20:35","date_gmt":"2024-07-11T10:20:35","guid":{"rendered":"https:\/\/para-pharmacity.tn\/?product=avent-2-suc-ultra-air-6-18m-376-20"},"modified":"2025-04-16T10:53:20","modified_gmt":"2025-04-16T10:53:20","slug":"avent-2-suc-ultra-air-6-18m-376-20","status":"publish","type":"product","link":"https:\/\/para-pharmacity.tn\/?product=avent-2-suc-ultra-air-6-18m-376-20","title":{"rendered":"AVENT 2 SUC ULTRA AIR 6-18M 376\/20"},"content":{"rendered":"<p>Les sucettes Ultra Air Philips Avent (r\u00e9f\u00e9rence SCF376\/20) sont sp\u00e9cialement con\u00e7ues pour les b\u00e9b\u00e9s de 6 \u00e0 18 mois. Elles pr\u00e9sentent de larges a\u00e9rations qui permettent \u00e0 la peau de rester s\u00e8che et respirante, r\u00e9duisant ainsi les risques d&rsquo;irritation. La t\u00e9tine sym\u00e9trique respecte la forme naturelle du palais, des dents et des gencives de votre b\u00e9b\u00e9, contribuant \u00e0 un d\u00e9veloppement bucco-dentaire sain. Le lot comprend deux sucettes accompagn\u00e9es d&rsquo;un \u00e9tui de transport et de st\u00e9rilisation, garantissant une hygi\u00e8ne optimale. Ces sucettes sont \u00e9galement compatibles avec le lave-vaisselle et sont exemptes de BPA pour la s\u00e9curit\u00e9 de votre enfant.<\/p>\n","protected":false},"excerpt":{"rendered":"<p>Lot de 2 sucettes Ultra Air Philips Avent pour b\u00e9b\u00e9s de 6 \u00e0 18 mois. Dot\u00e9es de larges a\u00e9rations pour une peau s\u00e8che et saine, elles respectent le d\u00e9veloppement bucco-dentaire de votre enfant. Livr\u00e9es avec un \u00e9tui de transport et de st\u00e9rilisation pratique.<\/p>\n","protected":false},"featured_media":25255,"comment_status":"open","ping_status":"closed","template":"","meta":[],"product_cat":[243],"product_tag":[],"class_list":{"0":"post-21207","1":"product","2":"type-product","3":"status-publish","4":"has-post-thumbnail","6":"product_cat-bebe-et-maman","8":"first","9":"instock","10":"shipping-taxable","11":"purchasable","12":"product-type-simple"},"jetpack_sharing_enabled":true,"_links":{"self":[{"href":"https:\/\/para-pharmacity.tn\/index.php?rest_route=\/wp\/v2\/product\/21207","targetHints":{"allow":["GET"]}}],"collection":[{"href":"https:\/\/para-pharmacity.tn\/index.php?rest_route=\/wp\/v2\/product"}],"about":[{"href":"https:\/\/para-pharmacity.tn\/index.php?rest_route=\/wp\/v2\/types\/product"}],"replies":[{"embeddable":true,"href":"https:\/\/para-pharmacity.tn\/index.php?rest_route=%2Fwp%2Fv2%2Fcomments&post=21207"}],"version-history":[{"count":2,"href":"https:\/\/para-pharmacity.tn\/index.php?rest_route=\/wp\/v2\/product\/21207\/revisions"}],"predecessor-version":[{"id":25256,"href":"https:\/\/para-pharmacity.tn\/index.php?rest_route=\/wp\/v2\/product\/21207\/revisions\/25256"}],"wp:featuredmedia":[{"embeddable":true,"href":"https:\/\/para-pharmacity.tn\/index.php?rest_route=\/wp\/v2\/media\/25255"}],"wp:attachment":[{"href":"https:\/\/para-pharmacity.tn\/index.php?rest_route=%2Fwp%2Fv2%2Fmedia&parent=21207"}],"wp:term":[{"taxonomy":"product_cat","embeddable":true,"href":"https:\/\/para-pharmacity.tn\/index.php?rest_route=%2Fwp%2Fv2%2Fproduct_cat&post=21207"},{"taxonomy":"product_tag","embeddable":true,"href":"https:\/\/para-pharmacity.tn\/index.php?rest_route=%2Fwp%2Fv2%2Fproduct_tag&post=21207"}],"curies":[{"name":"wp","href":"https:\/\/api.w.org\/{rel}","templated":true}]}}