{"id":21204,"date":"2024-07-11T10:20:34","date_gmt":"2024-07-11T10:20:34","guid":{"rendered":"https:\/\/para-pharmacity.tn\/?product=anivagene-lotion-tonique-femme"},"modified":"2025-04-16T08:23:25","modified_gmt":"2025-04-16T08:23:25","slug":"anivagene-lotion-tonique-femme","status":"publish","type":"product","link":"https:\/\/para-pharmacity.tn\/?product=anivagene-lotion-tonique-femme","title":{"rendered":"ANIVAGENE LOTION TONIQUE FEMME"},"content":{"rendered":"<p class=\"\" data-start=\"319\" data-end=\"581\"><strong data-start=\"319\" data-end=\"353\">ANIVAG\u00c8NE Lotion Tonique Femme<\/strong> est un soin capillaire intensif sp\u00e9cialement formul\u00e9 pour r\u00e9pondre aux besoins du cuir chevelu f\u00e9minin. Elle agit efficacement pour <strong data-start=\"486\" data-end=\"517\">freiner la chute de cheveux<\/strong>, <strong data-start=\"519\" data-end=\"543\">stimuler la repousse<\/strong> et <strong data-start=\"547\" data-end=\"580\">renforcer la fibre capillaire<\/strong>.<\/p>\n<p class=\"\" data-start=\"583\" data-end=\"798\">Sa formule est enrichie en <strong data-start=\"610\" data-end=\"634\">actifs revitalisants<\/strong>, <strong data-start=\"636\" data-end=\"649\">vitamines<\/strong> et <strong data-start=\"653\" data-end=\"674\">extraits v\u00e9g\u00e9taux<\/strong> qui activent la microcirculation du cuir chevelu, favorisant ainsi une <strong data-start=\"746\" data-end=\"785\">croissance plus saine et plus dense<\/strong> des cheveux.<\/p>\n<p class=\"\" data-start=\"800\" data-end=\"954\">Id\u00e9ale en cas de chute temporaire (stress, post-partum, changements hormonaux), elle laisse les cheveux plus forts, plus \u00e9pais et visiblement revitalis\u00e9s.<\/p>\n<p class=\"\" data-start=\"956\" data-end=\"1052\"><strong data-start=\"956\" data-end=\"971\">Utilisation<\/strong> : Appliquer 1 \u00e0 2 fois par jour sur le cuir chevelu sec ou humide, sans rin\u00e7age.<\/p>\n","protected":false},"excerpt":{"rendered":"<p>Lotion tonique stimulante con\u00e7ue pour freiner la chute de cheveux et favoriser leur croissance chez la femme.<\/p>\n","protected":false},"featured_media":25193,"comment_status":"open","ping_status":"closed","template":"","meta":[],"product_cat":[217],"product_tag":[],"class_list":{"0":"post-21204","1":"product","2":"type-product","3":"status-publish","4":"has-post-thumbnail","6":"product_cat-vitamines","8":"first","9":"instock","10":"shipping-taxable","11":"purchasable","12":"product-type-simple"},"jetpack_sharing_enabled":true,"_links":{"self":[{"href":"https:\/\/para-pharmacity.tn\/index.php?rest_route=\/wp\/v2\/product\/21204","targetHints":{"allow":["GET"]}}],"collection":[{"href":"https:\/\/para-pharmacity.tn\/index.php?rest_route=\/wp\/v2\/product"}],"about":[{"href":"https:\/\/para-pharmacity.tn\/index.php?rest_route=\/wp\/v2\/types\/product"}],"replies":[{"embeddable":true,"href":"https:\/\/para-pharmacity.tn\/index.php?rest_route=%2Fwp%2Fv2%2Fcomments&post=21204"}],"version-history":[{"count":2,"href":"https:\/\/para-pharmacity.tn\/index.php?rest_route=\/wp\/v2\/product\/21204\/revisions"}],"predecessor-version":[{"id":25194,"href":"https:\/\/para-pharmacity.tn\/index.php?rest_route=\/wp\/v2\/product\/21204\/revisions\/25194"}],"wp:featuredmedia":[{"embeddable":true,"href":"https:\/\/para-pharmacity.tn\/index.php?rest_route=\/wp\/v2\/media\/25193"}],"wp:attachment":[{"href":"https:\/\/para-pharmacity.tn\/index.php?rest_route=%2Fwp%2Fv2%2Fmedia&parent=21204"}],"wp:term":[{"taxonomy":"product_cat","embeddable":true,"href":"https:\/\/para-pharmacity.tn\/index.php?rest_route=%2Fwp%2Fv2%2Fproduct_cat&post=21204"},{"taxonomy":"product_tag","embeddable":true,"href":"https:\/\/para-pharmacity.tn\/index.php?rest_route=%2Fwp%2Fv2%2Fproduct_tag&post=21204"}],"curies":[{"name":"wp","href":"https:\/\/api.w.org\/{rel}","templated":true}]}}