{"id":21203,"date":"2024-07-11T10:20:33","date_gmt":"2024-07-11T10:20:33","guid":{"rendered":"https:\/\/para-pharmacity.tn\/?product=almaflore-huile-de-jojoba-10-ml"},"modified":"2025-04-15T14:16:09","modified_gmt":"2025-04-15T14:16:09","slug":"almaflore-huile-de-jojoba-10-ml","status":"publish","type":"product","link":"https:\/\/para-pharmacity.tn\/?product=almaflore-huile-de-jojoba-10-ml","title":{"rendered":"ALMAFLORE HUILE DE JOJOBA 10 ML"},"content":{"rendered":"<p>Huile \u00e9quilibrante 100% pure, id\u00e9ale pour r\u00e9guler le s\u00e9bum, hydrater la peau et prot\u00e9ger les cheveux. Convient \u00e0 tous types de peaux.<\/p>\n","protected":false},"excerpt":{"rendered":"<p class=\"\" data-start=\"353\" data-end=\"594\">L\u2019huile de <strong><span style=\"color: #0000ff\">jojoba<\/span> <\/strong>ALMAFLORE 10 ml est une huile v\u00e9g\u00e9tale 100% pure et naturelle, extraite par pression \u00e0 froid. Proche du s\u00e9bum humain, elle \u00e9quilibre la production de s\u00e9bum, hydrate sans graisser et prot\u00e8ge la peau contre la d\u00e9shydratation.<\/p>\n<p class=\"\" data-start=\"596\" data-end=\"771\">Elle convient aussi bien aux peaux grasses, mixtes, s\u00e8ches ou sensibles. Parfaite en soin du visage, d\u00e9maquillant naturel, ou pour nourrir les cheveux secs et le cuir chevelu.<\/p>\n<p class=\"\" data-start=\"773\" data-end=\"863\"><strong data-start=\"773\" data-end=\"788\">Utilisation<\/strong> : appliquer quelques gouttes sur la peau ou les cheveux, matin et\/ou soir.<\/p>\n","protected":false},"featured_media":25121,"comment_status":"open","ping_status":"closed","template":"","meta":[],"product_cat":[211],"product_tag":[],"class_list":{"0":"post-21203","1":"product","2":"type-product","3":"status-publish","4":"has-post-thumbnail","6":"product_cat-cheveux","8":"first","9":"instock","10":"shipping-taxable","11":"purchasable","12":"product-type-simple"},"jetpack_sharing_enabled":true,"_links":{"self":[{"href":"https:\/\/para-pharmacity.tn\/index.php?rest_route=\/wp\/v2\/product\/21203","targetHints":{"allow":["GET"]}}],"collection":[{"href":"https:\/\/para-pharmacity.tn\/index.php?rest_route=\/wp\/v2\/product"}],"about":[{"href":"https:\/\/para-pharmacity.tn\/index.php?rest_route=\/wp\/v2\/types\/product"}],"replies":[{"embeddable":true,"href":"https:\/\/para-pharmacity.tn\/index.php?rest_route=%2Fwp%2Fv2%2Fcomments&post=21203"}],"version-history":[{"count":2,"href":"https:\/\/para-pharmacity.tn\/index.php?rest_route=\/wp\/v2\/product\/21203\/revisions"}],"predecessor-version":[{"id":25122,"href":"https:\/\/para-pharmacity.tn\/index.php?rest_route=\/wp\/v2\/product\/21203\/revisions\/25122"}],"wp:featuredmedia":[{"embeddable":true,"href":"https:\/\/para-pharmacity.tn\/index.php?rest_route=\/wp\/v2\/media\/25121"}],"wp:attachment":[{"href":"https:\/\/para-pharmacity.tn\/index.php?rest_route=%2Fwp%2Fv2%2Fmedia&parent=21203"}],"wp:term":[{"taxonomy":"product_cat","embeddable":true,"href":"https:\/\/para-pharmacity.tn\/index.php?rest_route=%2Fwp%2Fv2%2Fproduct_cat&post=21203"},{"taxonomy":"product_tag","embeddable":true,"href":"https:\/\/para-pharmacity.tn\/index.php?rest_route=%2Fwp%2Fv2%2Fproduct_tag&post=21203"}],"curies":[{"name":"wp","href":"https:\/\/api.w.org\/{rel}","templated":true}]}}