{"id":21200,"date":"2024-07-11T10:20:32","date_gmt":"2024-07-11T10:20:32","guid":{"rendered":"https:\/\/para-pharmacity.tn\/?product=xeral-bb-spray-buccal-bouche-seche-30ml"},"modified":"2025-05-02T13:30:27","modified_gmt":"2025-05-02T13:30:27","slug":"xeral-bb-spray-buccal-bouche-seche-30ml","status":"publish","type":"product","link":"https:\/\/para-pharmacity.tn\/?product=xeral-bb-spray-buccal-bouche-seche-30ml","title":{"rendered":"XERAL BB SPRAY BUCCAL BOUCHE SECHE 30ML"},"content":{"rendered":"<p>Soulage imm\u00e9diatement et durablement les inconforts li\u00e9s \u00e0 la s\u00e9cheresse buccale (sensation de bouche s\u00e8che, difficult\u00e9 \u00e0 mastiquer, \u00e0 avaler, \u00e0 parler, sensation de soif, &#8230;)<\/p>\n<p>Lubrifie durablement<\/p>\n<p>Prot\u00e8ge les muqueuses contre les agressions.<\/p>\n<h2>Conseils d&rsquo;utilisation :<\/h2>\n<p>A l&rsquo;aide du goblet doseur, verser 10 \u00e0 15ml du produit et remuer dans la bouche pendant au moins 1 minute en laissant le produit d&rsquo;\u00e9taler sur les parois des joues, la langue.<\/p>\n<p>A utiliser aussi souvent que n\u00e9cessaire dans la limite de 8 applications par jour.<\/p>\n<p>A utiliser dans les 2 mois apr\u00e8s la premi\u00e8re utilisation.<\/p>\n<h2>Contenance : 250ml<\/h2>\n","protected":false},"excerpt":{"rendered":"<p>Humidifie &#8211; Soulage &#8211; Prot\u00e8ge<\/p>\n<p>0% alcool<\/p>\n","protected":false},"featured_media":25709,"comment_status":"open","ping_status":"closed","template":"","meta":[],"product_cat":[20],"product_tag":[],"class_list":{"0":"post-21200","1":"product","2":"type-product","3":"status-publish","4":"has-post-thumbnail","6":"product_cat-accessories","8":"first","9":"instock","10":"shipping-taxable","11":"purchasable","12":"product-type-simple"},"jetpack_sharing_enabled":true,"_links":{"self":[{"href":"https:\/\/para-pharmacity.tn\/index.php?rest_route=\/wp\/v2\/product\/21200","targetHints":{"allow":["GET"]}}],"collection":[{"href":"https:\/\/para-pharmacity.tn\/index.php?rest_route=\/wp\/v2\/product"}],"about":[{"href":"https:\/\/para-pharmacity.tn\/index.php?rest_route=\/wp\/v2\/types\/product"}],"replies":[{"embeddable":true,"href":"https:\/\/para-pharmacity.tn\/index.php?rest_route=%2Fwp%2Fv2%2Fcomments&post=21200"}],"version-history":[{"count":3,"href":"https:\/\/para-pharmacity.tn\/index.php?rest_route=\/wp\/v2\/product\/21200\/revisions"}],"predecessor-version":[{"id":25710,"href":"https:\/\/para-pharmacity.tn\/index.php?rest_route=\/wp\/v2\/product\/21200\/revisions\/25710"}],"wp:featuredmedia":[{"embeddable":true,"href":"https:\/\/para-pharmacity.tn\/index.php?rest_route=\/wp\/v2\/media\/25709"}],"wp:attachment":[{"href":"https:\/\/para-pharmacity.tn\/index.php?rest_route=%2Fwp%2Fv2%2Fmedia&parent=21200"}],"wp:term":[{"taxonomy":"product_cat","embeddable":true,"href":"https:\/\/para-pharmacity.tn\/index.php?rest_route=%2Fwp%2Fv2%2Fproduct_cat&post=21200"},{"taxonomy":"product_tag","embeddable":true,"href":"https:\/\/para-pharmacity.tn\/index.php?rest_route=%2Fwp%2Fv2%2Fproduct_tag&post=21200"}],"curies":[{"name":"wp","href":"https:\/\/api.w.org\/{rel}","templated":true}]}}