{"id":21197,"date":"2024-07-11T10:20:31","date_gmt":"2024-07-11T10:20:31","guid":{"rendered":"https:\/\/para-pharmacity.tn\/?product=xen-veinorroid-b10-unidose"},"modified":"2025-05-02T14:07:14","modified_gmt":"2025-05-02T14:07:14","slug":"xen-veinorroid-b10-unidose","status":"publish","type":"product","link":"https:\/\/para-pharmacity.tn\/?product=xen-veinorroid-b10-unidose","title":{"rendered":"XEN VEINORROID B10 UNIDOSE"},"content":{"rendered":"<div>Veinorroid est un dispositif m\u00e9dical, une pommade rectale sans conservateur, contenant de l\u2019acide hyaluronique, des extraits de plantes et des huiles essentielles. Il agit localement pour soulager les troubles h\u00e9morro\u00efdaires et leurs complications. Il recouvre et prot\u00e8ge l\u2019\u00e9piderme, apaisant les inflammations et les d\u00e9mangeaisons, favorisant ainsi la r\u00e9g\u00e9n\u00e9ration cutan\u00e9e. Il r\u00e9duit la s\u00e9cheresse cutan\u00e9e et contribue \u00e0 la cicatrisation des l\u00e9sions.<\/div>\n<div><\/div>\n<div>Deux pr\u00e9sentations sont disponibles :<\/div>\n<ul>\n<li>5 unit\u00e9s unidoses de 5 g<\/li>\n<li>10 unit\u00e9s unidoses de 5 g<\/li>\n<li>Conseils d\u2019utilisation<\/li>\n<li>Usage rectal uniquement.<\/li>\n<\/ul>\n<div>Utilisez la pommade Veinorroid 1 \u00e0 2 fois par jour : une fois le matin et une fois le soir, de pr\u00e9f\u00e9rence apr\u00e8s \u00eatre all\u00e9 \u00e0 la selle.<\/div>\n","protected":false},"excerpt":{"rendered":"<p>Veinorroid est une pommade qui soulage les h\u00e9morro\u00efdes, apaise les d\u00e9mangeaisons et aide la peau \u00e0 gu\u00e9rir.<\/p>\n","protected":false},"featured_media":25727,"comment_status":"open","ping_status":"closed","template":"","meta":[],"product_cat":[286],"product_tag":[],"class_list":{"0":"post-21197","1":"product","2":"type-product","3":"status-publish","4":"has-post-thumbnail","6":"product_cat-complement-alimentaire","8":"first","9":"instock","10":"shipping-taxable","11":"purchasable","12":"product-type-simple"},"jetpack_sharing_enabled":true,"_links":{"self":[{"href":"https:\/\/para-pharmacity.tn\/index.php?rest_route=\/wp\/v2\/product\/21197","targetHints":{"allow":["GET"]}}],"collection":[{"href":"https:\/\/para-pharmacity.tn\/index.php?rest_route=\/wp\/v2\/product"}],"about":[{"href":"https:\/\/para-pharmacity.tn\/index.php?rest_route=\/wp\/v2\/types\/product"}],"replies":[{"embeddable":true,"href":"https:\/\/para-pharmacity.tn\/index.php?rest_route=%2Fwp%2Fv2%2Fcomments&post=21197"}],"version-history":[{"count":2,"href":"https:\/\/para-pharmacity.tn\/index.php?rest_route=\/wp\/v2\/product\/21197\/revisions"}],"predecessor-version":[{"id":25728,"href":"https:\/\/para-pharmacity.tn\/index.php?rest_route=\/wp\/v2\/product\/21197\/revisions\/25728"}],"wp:featuredmedia":[{"embeddable":true,"href":"https:\/\/para-pharmacity.tn\/index.php?rest_route=\/wp\/v2\/media\/25727"}],"wp:attachment":[{"href":"https:\/\/para-pharmacity.tn\/index.php?rest_route=%2Fwp%2Fv2%2Fmedia&parent=21197"}],"wp:term":[{"taxonomy":"product_cat","embeddable":true,"href":"https:\/\/para-pharmacity.tn\/index.php?rest_route=%2Fwp%2Fv2%2Fproduct_cat&post=21197"},{"taxonomy":"product_tag","embeddable":true,"href":"https:\/\/para-pharmacity.tn\/index.php?rest_route=%2Fwp%2Fv2%2Fproduct_tag&post=21197"}],"curies":[{"name":"wp","href":"https:\/\/api.w.org\/{rel}","templated":true}]}}