{"id":21192,"date":"2024-07-11T10:20:29","date_gmt":"2024-07-11T10:20:29","guid":{"rendered":"https:\/\/para-pharmacity.tn\/?product=vital-vitonic-zinc-vit-d3-bte-30-capsule"},"modified":"2025-05-08T09:32:43","modified_gmt":"2025-05-08T09:32:43","slug":"vital-vitonic-zinc-vit-d3-bte-30-capsule","status":"publish","type":"product","link":"https:\/\/para-pharmacity.tn\/?product=vital-vitonic-zinc-vit-d3-bte-30-capsule","title":{"rendered":"VITAL VITONIC ZINC VIT D3 BTE 30 CAPSULE"},"content":{"rendered":"<div class=\"tab\">\n<p style=\"font-weight: 400\"><b><strong>INDICATIONS<\/strong><\/b><\/p>\n<ul style=\"font-weight: 400\">\n<li>Aide \u00e0 renforcer le syst\u00e8me immunitaire<\/li>\n<li>Participe \u00e0 la r\u00e9gulation de l\u2019immunit\u00e9<\/li>\n<li>Le maintien et le d\u00e9veloppement des cellules dans le syst\u00e8me immunitaire<\/li>\n<li>Bon fonctionnement du syst\u00e8me immunitaire et syst\u00e8me redox<\/li>\n<\/ul>\n<p style=\"font-weight: 400\"><b><strong>COMPOSITIONS<\/strong><\/b><\/p>\n<p style=\"font-weight: 400\">25 mg de Zinc \/ 200 UI de Vitamine D3<\/p>\n<p style=\"font-weight: 400\"><b><strong>CONSEILS D&rsquo;UTILISATION<\/strong><\/b><\/p>\n<p style=\"font-weight: 400\">Adulte : 1 \u00e0 2 g\u00e9lules par jour<\/p>\n<\/div>\n","protected":false},"excerpt":{"rendered":"<p>Vitonic Zinc Vit D3 est un compl\u00e9ment alimentaire qui contribue au fonctionnement normal du syst\u00e8me nerveux reproductif, renforce le syst\u00e8me immunitaire, maintient et favorise le d\u00e9veloppement des cellules dans le syst\u00e8me immunitaire.<\/p>\n","protected":false},"featured_media":25969,"comment_status":"open","ping_status":"closed","template":"","meta":[],"product_cat":[286],"product_tag":[],"class_list":{"0":"post-21192","1":"product","2":"type-product","3":"status-publish","4":"has-post-thumbnail","6":"product_cat-complement-alimentaire","8":"first","9":"instock","10":"shipping-taxable","11":"purchasable","12":"product-type-simple"},"jetpack_sharing_enabled":true,"_links":{"self":[{"href":"https:\/\/para-pharmacity.tn\/index.php?rest_route=\/wp\/v2\/product\/21192","targetHints":{"allow":["GET"]}}],"collection":[{"href":"https:\/\/para-pharmacity.tn\/index.php?rest_route=\/wp\/v2\/product"}],"about":[{"href":"https:\/\/para-pharmacity.tn\/index.php?rest_route=\/wp\/v2\/types\/product"}],"replies":[{"embeddable":true,"href":"https:\/\/para-pharmacity.tn\/index.php?rest_route=%2Fwp%2Fv2%2Fcomments&post=21192"}],"version-history":[{"count":2,"href":"https:\/\/para-pharmacity.tn\/index.php?rest_route=\/wp\/v2\/product\/21192\/revisions"}],"predecessor-version":[{"id":25970,"href":"https:\/\/para-pharmacity.tn\/index.php?rest_route=\/wp\/v2\/product\/21192\/revisions\/25970"}],"wp:featuredmedia":[{"embeddable":true,"href":"https:\/\/para-pharmacity.tn\/index.php?rest_route=\/wp\/v2\/media\/25969"}],"wp:attachment":[{"href":"https:\/\/para-pharmacity.tn\/index.php?rest_route=%2Fwp%2Fv2%2Fmedia&parent=21192"}],"wp:term":[{"taxonomy":"product_cat","embeddable":true,"href":"https:\/\/para-pharmacity.tn\/index.php?rest_route=%2Fwp%2Fv2%2Fproduct_cat&post=21192"},{"taxonomy":"product_tag","embeddable":true,"href":"https:\/\/para-pharmacity.tn\/index.php?rest_route=%2Fwp%2Fv2%2Fproduct_tag&post=21192"}],"curies":[{"name":"wp","href":"https:\/\/api.w.org\/{rel}","templated":true}]}}