{"id":21191,"date":"2024-07-11T10:20:28","date_gmt":"2024-07-11T10:20:28","guid":{"rendered":"https:\/\/para-pharmacity.tn\/?product=vital-vitonic-conception"},"modified":"2025-05-08T10:24:04","modified_gmt":"2025-05-08T10:24:04","slug":"vital-vitonic-conception","status":"publish","type":"product","link":"https:\/\/para-pharmacity.tn\/?product=vital-vitonic-conception","title":{"rendered":"VITAL VITONIC CONCEPTION"},"content":{"rendered":"<p style=\"font-weight: 400\"><b><strong>Description :<\/strong><\/b><\/p>\n<p>VITONIC CONCEPTION apporte les \u00e9l\u00e9ments n\u00e9cessaires pour \u00e9viter toute carence et pr\u00e9parer la future grossesse en associant 10 vitamines et 4 min\u00e9raux, aux om\u00e9ga 3, aux Probiotique et \u00e0 un extrait de gattilier vitex : une plante qui augmente la fertilit\u00e9 et les chances de procr\u00e9ation.<\/p>\n<p style=\"font-weight: 400\"><b><strong>Indication :<\/strong><\/b><\/p>\n<p>Fertilit\u00e9, Vitalit\u00e9, Tonus, Bien-\u00eatre<\/p>\n<p><b><strong>Composition :<\/strong><\/b><\/p>\n<p>ropufa, acide ascorbique, saccharomyces cerveciae, fumarate de fer, acide nicotinique, alphatocopherol, zinc, extrait de gatillier vitex, acide pnatoth\u00e9nique, pyroxidine, thiamine, riboflavine, acide folique, iode, s\u00e9l\u00e9nom\u00e9thionine, biotine, cyanocobalamine.<\/p>\n<p><b><strong>Conseils d&rsquo;utilisation :<\/strong><\/b><\/p>\n<p>1 g\u00e9lule par jour \u00e0 avaler de pr\u00e9f\u00e9rence, au moment des repas avec un grand verre d&rsquo;eau.<\/p>\n","protected":false},"excerpt":{"rendered":"<p>VITONIC CONCEPTION apporte les \u00e9l\u00e9ments n\u00e9cessaires pour \u00e9viter toute carence et pr\u00e9parer la future grossesse en associant 10 vitamines et 4 min\u00e9raux, aux om\u00e9ga 3, aux Probiotique et \u00e0 un extrait de gattilier vitex : une plante qui augmente la fertilit\u00e9 et les chances de procr\u00e9ation.<\/p>\n","protected":false},"featured_media":25985,"comment_status":"open","ping_status":"closed","template":"","meta":[],"product_cat":[286],"product_tag":[],"class_list":{"0":"post-21191","1":"product","2":"type-product","3":"status-publish","4":"has-post-thumbnail","6":"product_cat-complement-alimentaire","8":"first","9":"instock","10":"shipping-taxable","11":"purchasable","12":"product-type-simple"},"jetpack_sharing_enabled":true,"_links":{"self":[{"href":"https:\/\/para-pharmacity.tn\/index.php?rest_route=\/wp\/v2\/product\/21191","targetHints":{"allow":["GET"]}}],"collection":[{"href":"https:\/\/para-pharmacity.tn\/index.php?rest_route=\/wp\/v2\/product"}],"about":[{"href":"https:\/\/para-pharmacity.tn\/index.php?rest_route=\/wp\/v2\/types\/product"}],"replies":[{"embeddable":true,"href":"https:\/\/para-pharmacity.tn\/index.php?rest_route=%2Fwp%2Fv2%2Fcomments&post=21191"}],"version-history":[{"count":2,"href":"https:\/\/para-pharmacity.tn\/index.php?rest_route=\/wp\/v2\/product\/21191\/revisions"}],"predecessor-version":[{"id":25986,"href":"https:\/\/para-pharmacity.tn\/index.php?rest_route=\/wp\/v2\/product\/21191\/revisions\/25986"}],"wp:featuredmedia":[{"embeddable":true,"href":"https:\/\/para-pharmacity.tn\/index.php?rest_route=\/wp\/v2\/media\/25985"}],"wp:attachment":[{"href":"https:\/\/para-pharmacity.tn\/index.php?rest_route=%2Fwp%2Fv2%2Fmedia&parent=21191"}],"wp:term":[{"taxonomy":"product_cat","embeddable":true,"href":"https:\/\/para-pharmacity.tn\/index.php?rest_route=%2Fwp%2Fv2%2Fproduct_cat&post=21191"},{"taxonomy":"product_tag","embeddable":true,"href":"https:\/\/para-pharmacity.tn\/index.php?rest_route=%2Fwp%2Fv2%2Fproduct_tag&post=21191"}],"curies":[{"name":"wp","href":"https:\/\/api.w.org\/{rel}","templated":true}]}}