{"id":21186,"date":"2024-07-11T10:20:27","date_gmt":"2024-07-11T10:20:27","guid":{"rendered":"https:\/\/para-pharmacity.tn\/?product=vital-calmodent-baume-dentaire"},"modified":"2025-05-23T10:53:13","modified_gmt":"2025-05-23T10:53:13","slug":"vital-calmodent-baume-dentaire","status":"publish","type":"product","link":"https:\/\/para-pharmacity.tn\/?product=vital-calmodent-baume-dentaire","title":{"rendered":"VITAL CALMODENT BAUME DENTAIRE"},"content":{"rendered":"<p>Le produit Vital Phytothera Calmodent est un compl\u00e9ment alimentaire con\u00e7u pour am\u00e9liorer la sant\u00e9 bucco-dentaire de mani\u00e8re naturelle. Sa formule exclusive associe des extraits de plantes reconnues pour leurs propri\u00e9t\u00e9s apaisantes et protectrices, telles que la camomille, la sauge et la m\u00e9lisse. En agissant directement sur les infections buccales et les inflammations des gencives, ce produit contribue \u00e0 soulager les douleurs dentaires et \u00e0 favoriser une meilleure hygi\u00e8ne bucco-dentaire. Facile \u00e0 prendre, Vital Phytothera Calmodent est \u00e9galement recommand\u00e9 pour calmer les tensions li\u00e9es au stress et favoriser la relaxation. Son efficacit\u00e9 a \u00e9t\u00e9 prouv\u00e9e et il convient \u00e0 toute la famille. N&rsquo;h\u00e9sitez plus et optez pour une solution naturelle pour prendre soin de votre sant\u00e9 bucco-dentaire avec Vital Phytothera Calmodent.<br \/>\n&#8211; Extrait de calendula<br \/>\n&#8211; Camomille<br \/>\n&#8211; Millepertuis<br \/>\n&#8211; Lithothamne<br \/>\n&#8211; Propolis<br \/>\n&#8211; Xylitol<br \/>\n&#8211; Menthe poivr\u00e9e<br \/>\n&#8211; Anis<br \/>\n&#8211; S\u00e8ve de bouleau<br \/>\n&#8211; Acide hyaluronique<br \/>\nConseils d&rsquo;utilisation du produit parapharmacie undefined VITAL PHYTOTHERA CALMODENT:<\/p>\n<p>1. Brossez-vous les dents apr\u00e8s chaque repas pendant au moins deux minutes, en utilisant une petite quantit\u00e9 de VITAL PHYTOTHERA CALMODENT.<\/p>\n<p>2. Utilisez une brosse \u00e0 dents souple pour \u00e9viter d&rsquo;endommager vos gencives et votre \u00e9mail dentaire.<\/p>\n<p>3. Pour un nettoyage en profondeur, utilisez une petite quantit\u00e9 de produit et brossez en effectuant des mouvements circulaires pour atteindre toutes les zones de vos dents.<\/p>\n<p>4. Rincez votre bouche apr\u00e8s le brossage pour \u00e9liminer tout exc\u00e8s de produit.<\/p>\n<p>5. Utilisez VITAL PHYTOTHERA CALMODENT deux fois par jour, matin et soir, pour des r\u00e9sultats optimaux.<\/p>\n<p>6. Consultez votre dentiste r\u00e9guli\u00e8rement pour un suivi de votre sant\u00e9 bucco-dentaire.<\/p>\n<p>7. Conservez le produit dans un endroit frais et sec, \u00e0 l&rsquo;abri de la lumi\u00e8re directe du soleil.<\/p>\n<p>8. Tenir hors de la port\u00e9e des enfants.<\/p>\n<p>En suivant ces conseils d&rsquo;utilisation, vous pourrez profiter pleinement des bienfaits de VITAL PHYTOTHERA CALMODENT pour une bonne hygi\u00e8ne bucco-dentaire.<\/p>\n","protected":false},"excerpt":{"rendered":"<p>Le produit\u00a0<strong>CALMODENT<\/strong>\u00a0pour le combattre efficace contre l\u2019hypersensibilit\u00e9 et la carie soulagement des douleurs dentaires.<\/p>\n","protected":false},"featured_media":26324,"comment_status":"open","ping_status":"closed","template":"","meta":[],"product_cat":[235],"product_tag":[],"class_list":{"0":"post-21186","1":"product","2":"type-product","3":"status-publish","4":"has-post-thumbnail","6":"product_cat-corps","8":"first","9":"instock","10":"shipping-taxable","11":"purchasable","12":"product-type-simple"},"jetpack_sharing_enabled":true,"_links":{"self":[{"href":"https:\/\/para-pharmacity.tn\/index.php?rest_route=\/wp\/v2\/product\/21186","targetHints":{"allow":["GET"]}}],"collection":[{"href":"https:\/\/para-pharmacity.tn\/index.php?rest_route=\/wp\/v2\/product"}],"about":[{"href":"https:\/\/para-pharmacity.tn\/index.php?rest_route=\/wp\/v2\/types\/product"}],"replies":[{"embeddable":true,"href":"https:\/\/para-pharmacity.tn\/index.php?rest_route=%2Fwp%2Fv2%2Fcomments&post=21186"}],"version-history":[{"count":2,"href":"https:\/\/para-pharmacity.tn\/index.php?rest_route=\/wp\/v2\/product\/21186\/revisions"}],"predecessor-version":[{"id":26325,"href":"https:\/\/para-pharmacity.tn\/index.php?rest_route=\/wp\/v2\/product\/21186\/revisions\/26325"}],"wp:featuredmedia":[{"embeddable":true,"href":"https:\/\/para-pharmacity.tn\/index.php?rest_route=\/wp\/v2\/media\/26324"}],"wp:attachment":[{"href":"https:\/\/para-pharmacity.tn\/index.php?rest_route=%2Fwp%2Fv2%2Fmedia&parent=21186"}],"wp:term":[{"taxonomy":"product_cat","embeddable":true,"href":"https:\/\/para-pharmacity.tn\/index.php?rest_route=%2Fwp%2Fv2%2Fproduct_cat&post=21186"},{"taxonomy":"product_tag","embeddable":true,"href":"https:\/\/para-pharmacity.tn\/index.php?rest_route=%2Fwp%2Fv2%2Fproduct_tag&post=21186"}],"curies":[{"name":"wp","href":"https:\/\/api.w.org\/{rel}","templated":true}]}}