{"id":21185,"date":"2024-07-11T10:20:26","date_gmt":"2024-07-11T10:20:26","guid":{"rendered":"https:\/\/para-pharmacity.tn\/?product=vitafer-b30"},"modified":"2025-05-23T14:45:29","modified_gmt":"2025-05-23T14:45:29","slug":"vitafer-b30","status":"publish","type":"product","link":"https:\/\/para-pharmacity.tn\/?product=vitafer-b30","title":{"rendered":"VITAFER B30"},"content":{"rendered":"<p>Vitafer est un\u00a0<a href=\"https:\/\/www.maparatunisie.tn\/categorie-produit\/complements-alimentaires\/\">compl\u00e9ment alimentaire<\/a>\u00a0qui fournit du fer bisglycinate ch\u00e9lat\u00e9, de la vitamine C et de la vitamine B12. Les principales caract\u00e9ristiques sont :<\/p>\n<ul>\n<li>Fer bisglycinate ch\u00e9lat\u00e9 : Cette forme de fer est bien absorb\u00e9e par l\u2019organisme.<\/li>\n<li>Vitamine C : Soutient la formation normale des globules rouges.<\/li>\n<li>Vitamine B12 : Contribue \u00e0 la croissance normale des cellules.<\/li>\n<li>Aide \u00e0 maintenir des niveaux normaux d\u2019h\u00e9moglobine et soutient les processus de croissance cellulaire de l\u2019organisme.<\/li>\n<li>Conditionn\u00e9 en bo\u00eete de 30 comprim\u00e9s.<\/li>\n<\/ul>\n<p>La combinaison de fer, de vitamine C et de vitamine B12 dans Vitafer vise \u00e0 soutenir la sant\u00e9 globale des globules rouges et le fonctionnement cellulaire.<\/p>\n<p><strong>Conseils D\u2019utilisation :<\/strong><\/p>\n<p>1 comprim\u00e9 par jour .<\/p>\n","protected":false},"excerpt":{"rendered":"<p>Vitafer est un suppl\u00e9ment de fer bisglycinate ch\u00e9lat\u00e9 contenant de la vitamine C et de la vitamine B12 pour soutenir la formation normale des globules rouges et la croissance des cellules.<\/p>\n","protected":false},"featured_media":26360,"comment_status":"open","ping_status":"closed","template":"","meta":[],"product_cat":[286],"product_tag":[],"class_list":{"0":"post-21185","1":"product","2":"type-product","3":"status-publish","4":"has-post-thumbnail","6":"product_cat-complement-alimentaire","8":"first","9":"instock","10":"shipping-taxable","11":"purchasable","12":"product-type-simple"},"jetpack_sharing_enabled":true,"_links":{"self":[{"href":"https:\/\/para-pharmacity.tn\/index.php?rest_route=\/wp\/v2\/product\/21185","targetHints":{"allow":["GET"]}}],"collection":[{"href":"https:\/\/para-pharmacity.tn\/index.php?rest_route=\/wp\/v2\/product"}],"about":[{"href":"https:\/\/para-pharmacity.tn\/index.php?rest_route=\/wp\/v2\/types\/product"}],"replies":[{"embeddable":true,"href":"https:\/\/para-pharmacity.tn\/index.php?rest_route=%2Fwp%2Fv2%2Fcomments&post=21185"}],"version-history":[{"count":2,"href":"https:\/\/para-pharmacity.tn\/index.php?rest_route=\/wp\/v2\/product\/21185\/revisions"}],"predecessor-version":[{"id":26361,"href":"https:\/\/para-pharmacity.tn\/index.php?rest_route=\/wp\/v2\/product\/21185\/revisions\/26361"}],"wp:featuredmedia":[{"embeddable":true,"href":"https:\/\/para-pharmacity.tn\/index.php?rest_route=\/wp\/v2\/media\/26360"}],"wp:attachment":[{"href":"https:\/\/para-pharmacity.tn\/index.php?rest_route=%2Fwp%2Fv2%2Fmedia&parent=21185"}],"wp:term":[{"taxonomy":"product_cat","embeddable":true,"href":"https:\/\/para-pharmacity.tn\/index.php?rest_route=%2Fwp%2Fv2%2Fproduct_cat&post=21185"},{"taxonomy":"product_tag","embeddable":true,"href":"https:\/\/para-pharmacity.tn\/index.php?rest_route=%2Fwp%2Fv2%2Fproduct_tag&post=21185"}],"curies":[{"name":"wp","href":"https:\/\/api.w.org\/{rel}","templated":true}]}}