{"id":21174,"date":"2024-07-11T10:20:21","date_gmt":"2024-07-11T10:20:21","guid":{"rendered":"https:\/\/para-pharmacity.tn\/?product=svr-topialyse-palpebral-15-ml"},"modified":"2025-06-23T08:39:00","modified_gmt":"2025-06-23T08:39:00","slug":"svr-topialyse-palpebral-15-ml","status":"publish","type":"product","link":"https:\/\/para-pharmacity.tn\/?product=svr-topialyse-palpebral-15-ml","title":{"rendered":"SVR TOPIALYSE PALPEBRAL 15 ML"},"content":{"rendered":"<p>SVR Topialyse Palp\u00e9bral Cr\u00e8me Apaisante Anti-Grattage Paupi\u00e8res Irrit\u00e9es 15 ml est une cr\u00e8me apaisante sp\u00e9cialement formul\u00e9e pour les peaux atopiques. Elle permet d\u2019apaiser les irritations des paupi\u00e8res s\u00e8ches et irrit\u00e9es.<\/p>\n<p>Cette cr\u00e8me est formul\u00e9e \u00e0 base d\u2019Om\u00e9ga 3, 6 et 9 associ\u00e9es \u00e0 l\u2019Acide Glycyrrhizique qui permettent de prot\u00e9ger et de restaurer la barri\u00e8re cutan\u00e9e. Elle agit efficacement afin d\u2019apaiser les paupi\u00e8res et de limiter l\u2019apparition des irritations. D\u00e8s son application, cette cr\u00e8me vous procure une sensation de confort imm\u00e9diate.<\/p>\n<p>Sans parfum, sans paraben.<\/p>\n<p>Test\u00e9e sur paupi\u00e8res sensibles<\/p>\n","protected":false},"excerpt":{"rendered":"<div id=\"product-description-short-728\" class=\"product-description-short\">\n<p>Cr\u00e8me apaisante anti-grattage paupi\u00e8res irrit\u00e9es Topialyse Palp\u00e9bral Cr\u00e8me anti-d\u00e9mangeaisons permet d&rsquo;apaise et de diminuer les sensations de grattage des yeux tout en prot\u00e8geant des agressions ext\u00e9rieures gr\u00e2ce \u00e0 un effet barri\u00e8re. NB: Hypoallerg\u00e9nique Sans parfum &#8211; Sans paraben<\/p>\n<\/div>\n","protected":false},"featured_media":26886,"comment_status":"open","ping_status":"closed","template":"","meta":[],"product_cat":[213],"product_tag":[],"class_list":{"0":"post-21174","1":"product","2":"type-product","3":"status-publish","4":"has-post-thumbnail","6":"product_cat-visage","8":"first","9":"instock","10":"shipping-taxable","11":"purchasable","12":"product-type-simple"},"jetpack_sharing_enabled":true,"_links":{"self":[{"href":"https:\/\/para-pharmacity.tn\/index.php?rest_route=\/wp\/v2\/product\/21174","targetHints":{"allow":["GET"]}}],"collection":[{"href":"https:\/\/para-pharmacity.tn\/index.php?rest_route=\/wp\/v2\/product"}],"about":[{"href":"https:\/\/para-pharmacity.tn\/index.php?rest_route=\/wp\/v2\/types\/product"}],"replies":[{"embeddable":true,"href":"https:\/\/para-pharmacity.tn\/index.php?rest_route=%2Fwp%2Fv2%2Fcomments&post=21174"}],"version-history":[{"count":2,"href":"https:\/\/para-pharmacity.tn\/index.php?rest_route=\/wp\/v2\/product\/21174\/revisions"}],"predecessor-version":[{"id":26887,"href":"https:\/\/para-pharmacity.tn\/index.php?rest_route=\/wp\/v2\/product\/21174\/revisions\/26887"}],"wp:featuredmedia":[{"embeddable":true,"href":"https:\/\/para-pharmacity.tn\/index.php?rest_route=\/wp\/v2\/media\/26886"}],"wp:attachment":[{"href":"https:\/\/para-pharmacity.tn\/index.php?rest_route=%2Fwp%2Fv2%2Fmedia&parent=21174"}],"wp:term":[{"taxonomy":"product_cat","embeddable":true,"href":"https:\/\/para-pharmacity.tn\/index.php?rest_route=%2Fwp%2Fv2%2Fproduct_cat&post=21174"},{"taxonomy":"product_tag","embeddable":true,"href":"https:\/\/para-pharmacity.tn\/index.php?rest_route=%2Fwp%2Fv2%2Fproduct_tag&post=21174"}],"curies":[{"name":"wp","href":"https:\/\/api.w.org\/{rel}","templated":true}]}}