{"id":21119,"date":"2024-07-11T10:19:55","date_gmt":"2024-07-11T10:19:55","guid":{"rendered":"https:\/\/para-pharmacity.tn\/?product=figalgic-extra-10-gellules"},"modified":"2024-08-21T12:46:47","modified_gmt":"2024-08-21T12:46:47","slug":"figalgic-extra-10-gellules","status":"publish","type":"product","link":"https:\/\/para-pharmacity.tn\/?product=figalgic-extra-10-gellules","title":{"rendered":"FIGALGIC EXTRA 10 GELLULES"},"content":{"rendered":"<p>FIGALGIC EXTRA g\u00e9lules est une association \u00e0 e\u00adffet synergique de poudres de plantes qui contribue \u00e0 calmer les douleurs ost\u00e9o-articulaires (en rhumatologie et traumatologie), les douleurs dentaires, les maux de t\u00eate, dysm\u00e9norrh\u00e9es et \u00e0 baisser la fi\u00e8vre.<\/p>\n<p>Il se pr\u00e9sente sous forme de boite de 10 et 30 g\u00e9lules.<\/p>\n<h4>Conseils d&rsquo;utilisation<\/h4>\n<ul>\n<li>Adulte : 1 g\u00e9lule quatre fois par jour<\/li>\n<li>Enfant entre 12 ans et 16 ans &gt; 40 kg : 1 g\u00e9lule trois fois par jour<\/li>\n<\/ul>\n<p>Mode et voie d\u2019administration : Prendre les g\u00e9lules avec un verre d\u2019eau loin de toutes prises alimentaires et m\u00e9dicamenteuses.<\/p>\n<p>Par mesure de pr\u00e9caution, pour la femme enceinte, il est pr\u00e9f\u00e9rable de demander conseil \u00e0 votre m\u00e9decin ou \u00e0 votre pharmacien avant de prendre le FIGALGIC EXTRA g\u00e9lules.<\/p>\n","protected":false},"excerpt":{"rendered":"<p>FIGALGIC EXTRA g\u00e9lules est une association \u00e0 e\u00adffet synergique de poudres de plantes qui contribue \u00e0 calmer les douleurs ost\u00e9o-articulaires (en rhumatologie et traumatologie), les douleurs dentaires, les maux de t\u00eate, dysm\u00e9norrh\u00e9es et \u00e0 baisser la fi\u00e8vre.<\/p>\n","protected":false},"featured_media":23796,"comment_status":"open","ping_status":"closed","template":"","meta":[],"product_cat":[20],"product_tag":[],"class_list":{"0":"post-21119","1":"product","2":"type-product","3":"status-publish","4":"has-post-thumbnail","6":"product_cat-accessories","8":"first","9":"instock","10":"shipping-taxable","11":"product-type-simple"},"jetpack_sharing_enabled":true,"_links":{"self":[{"href":"https:\/\/para-pharmacity.tn\/index.php?rest_route=\/wp\/v2\/product\/21119","targetHints":{"allow":["GET"]}}],"collection":[{"href":"https:\/\/para-pharmacity.tn\/index.php?rest_route=\/wp\/v2\/product"}],"about":[{"href":"https:\/\/para-pharmacity.tn\/index.php?rest_route=\/wp\/v2\/types\/product"}],"replies":[{"embeddable":true,"href":"https:\/\/para-pharmacity.tn\/index.php?rest_route=%2Fwp%2Fv2%2Fcomments&post=21119"}],"version-history":[{"count":2,"href":"https:\/\/para-pharmacity.tn\/index.php?rest_route=\/wp\/v2\/product\/21119\/revisions"}],"predecessor-version":[{"id":23795,"href":"https:\/\/para-pharmacity.tn\/index.php?rest_route=\/wp\/v2\/product\/21119\/revisions\/23795"}],"wp:featuredmedia":[{"embeddable":true,"href":"https:\/\/para-pharmacity.tn\/index.php?rest_route=\/wp\/v2\/media\/23796"}],"wp:attachment":[{"href":"https:\/\/para-pharmacity.tn\/index.php?rest_route=%2Fwp%2Fv2%2Fmedia&parent=21119"}],"wp:term":[{"taxonomy":"product_cat","embeddable":true,"href":"https:\/\/para-pharmacity.tn\/index.php?rest_route=%2Fwp%2Fv2%2Fproduct_cat&post=21119"},{"taxonomy":"product_tag","embeddable":true,"href":"https:\/\/para-pharmacity.tn\/index.php?rest_route=%2Fwp%2Fv2%2Fproduct_tag&post=21119"}],"curies":[{"name":"wp","href":"https:\/\/api.w.org\/{rel}","templated":true}]}}