{"id":21083,"date":"2024-07-11T10:19:40","date_gmt":"2024-07-11T10:19:40","guid":{"rendered":"https:\/\/para-pharmacity.tn\/?product=beesline-instant-bright-facial-tonner"},"modified":"2025-05-02T13:23:47","modified_gmt":"2025-05-02T13:23:47","slug":"beesline-instant-bright-facial-tonner","status":"publish","type":"product","link":"https:\/\/para-pharmacity.tn\/?product=beesline-instant-bright-facial-tonner","title":{"rendered":"BEESLINE INSTANT BRIGHT FACIAL TONNER"},"content":{"rendered":"<p class=\"\" data-start=\"318\" data-end=\"932\"><strong data-start=\"318\" data-end=\"358\">BEESLINE INSTANT BRIGHT FACIAL TONER<\/strong> est un tonique visage \u00e9claircissant formul\u00e9 pour <strong data-start=\"408\" data-end=\"450\">rafra\u00eechir, apaiser et unifier la peau<\/strong> apr\u00e8s le nettoyage. Enrichi en <strong data-start=\"482\" data-end=\"496\">vitamine C<\/strong>, <strong data-start=\"498\" data-end=\"527\">extraits de rose de Damas<\/strong> et <strong data-start=\"531\" data-end=\"565\">agents \u00e9claircissants naturels<\/strong>, il aide \u00e0 <strong data-start=\"577\" data-end=\"600\">resserrer les pores<\/strong>, \u00e9liminer les r\u00e9sidus de maquillage ou de calcaire, et <strong data-start=\"656\" data-end=\"694\">restaurer le pH naturel de la peau<\/strong>. Sa formule l\u00e9g\u00e8re et non irritante laisse la peau douce, lumineuse et parfaitement pr\u00e9par\u00e9e \u00e0 recevoir les soins suivants. Id\u00e9al pour tous les types de peau, m\u00eame sensibles, ce tonique est l\u2019alli\u00e9 d\u2019un teint \u00e9clatant, frais et uniforme.<\/p>\n","protected":false},"excerpt":{"rendered":"<p>Tonique \u00e9claircissant pour le visage, rafra\u00eechit, \u00e9quilibre le pH et illumine le teint tout en pr\u00e9parant la peau aux soins.<\/p>\n","protected":false},"featured_media":25704,"comment_status":"open","ping_status":"closed","template":"","meta":[],"product_cat":[20],"product_tag":[],"class_list":{"0":"post-21083","1":"product","2":"type-product","3":"status-publish","4":"has-post-thumbnail","6":"product_cat-accessories","8":"first","9":"instock","10":"shipping-taxable","11":"purchasable","12":"product-type-simple"},"jetpack_sharing_enabled":true,"_links":{"self":[{"href":"https:\/\/para-pharmacity.tn\/index.php?rest_route=\/wp\/v2\/product\/21083","targetHints":{"allow":["GET"]}}],"collection":[{"href":"https:\/\/para-pharmacity.tn\/index.php?rest_route=\/wp\/v2\/product"}],"about":[{"href":"https:\/\/para-pharmacity.tn\/index.php?rest_route=\/wp\/v2\/types\/product"}],"replies":[{"embeddable":true,"href":"https:\/\/para-pharmacity.tn\/index.php?rest_route=%2Fwp%2Fv2%2Fcomments&post=21083"}],"version-history":[{"count":2,"href":"https:\/\/para-pharmacity.tn\/index.php?rest_route=\/wp\/v2\/product\/21083\/revisions"}],"predecessor-version":[{"id":25705,"href":"https:\/\/para-pharmacity.tn\/index.php?rest_route=\/wp\/v2\/product\/21083\/revisions\/25705"}],"wp:featuredmedia":[{"embeddable":true,"href":"https:\/\/para-pharmacity.tn\/index.php?rest_route=\/wp\/v2\/media\/25704"}],"wp:attachment":[{"href":"https:\/\/para-pharmacity.tn\/index.php?rest_route=%2Fwp%2Fv2%2Fmedia&parent=21083"}],"wp:term":[{"taxonomy":"product_cat","embeddable":true,"href":"https:\/\/para-pharmacity.tn\/index.php?rest_route=%2Fwp%2Fv2%2Fproduct_cat&post=21083"},{"taxonomy":"product_tag","embeddable":true,"href":"https:\/\/para-pharmacity.tn\/index.php?rest_route=%2Fwp%2Fv2%2Fproduct_tag&post=21083"}],"curies":[{"name":"wp","href":"https:\/\/api.w.org\/{rel}","templated":true}]}}