{"id":21080,"date":"2024-07-11T10:19:39","date_gmt":"2024-07-11T10:19:39","guid":{"rendered":"https:\/\/para-pharmacity.tn\/?product=baby-t-suc-2-age-anatomique135"},"modified":"2025-04-21T11:05:39","modified_gmt":"2025-04-21T11:05:39","slug":"baby-t-suc-2-age-anatomique135","status":"publish","type":"product","link":"https:\/\/para-pharmacity.tn\/?product=baby-t-suc-2-age-anatomique135","title":{"rendered":"BABY.T SUC 2? AGE ANATOMIQUE135"},"content":{"rendered":"<p><span class=\"relative -mx-px my-[-0.2rem] rounded px-px py-[0.2rem] transition-colors duration-100 ease-in-out\">La sucette anatomique Baby Nova 2\u1d49 \u00e2ge est sp\u00e9cialement con\u00e7ue pour accompagner le d\u00e9veloppement oral de votre enfant entre 6 et 18 mois.<\/span> <span class=\"relative -mx-px my-[-0.2rem] rounded px-px py-[0.2rem] transition-colors duration-100 ease-in-out\">Sa t\u00e9tine en silicone souple \u00e9pouse la forme naturelle du palais, r\u00e9duisant ainsi la pression sur les gencives et les dents en formation.<\/span> <span class=\"relative -mx-px my-[-0.2rem] rounded px-px py-[0.2rem] transition-colors duration-100 ease-in-out\">Le bouclier ergonomique est dot\u00e9 de trous de ventilation pour pr\u00e9venir les irritations cutan\u00e9es, et l&rsquo;anneau de pr\u00e9hension facilite la manipulation.<\/span> <span class=\"relative -mx-px my-[-0.2rem] rounded px-px py-[0.2rem] transition-colors duration-100 ease-in-out\">Disponible en plusieurs coloris attrayants, cette sucette est conforme aux normes de s\u00e9curit\u00e9 europ\u00e9ennes.<\/span><\/p>\n","protected":false},"excerpt":{"rendered":"<p class=\"\" data-start=\"125\" data-end=\"206\"><span class=\"relative -mx-px my-[-0.2rem] rounded px-px py-[0.2rem] transition-colors duration-100 ease-in-out\">Sucette anatomique Baby Nova 2\u1d49 \u00e2ge (6\u201318 mois), en silicone souple, sans BPA, con\u00e7ue pour favoriser le d\u00e9veloppement buccodentaire naturel de b\u00e9b\u00e9.<\/span>\u200b<\/p>\n","protected":false},"featured_media":25394,"comment_status":"open","ping_status":"closed","template":"","meta":[],"product_cat":[243],"product_tag":[],"class_list":{"0":"post-21080","1":"product","2":"type-product","3":"status-publish","4":"has-post-thumbnail","6":"product_cat-bebe-et-maman","8":"first","9":"instock","10":"shipping-taxable","11":"purchasable","12":"product-type-simple"},"jetpack_sharing_enabled":true,"_links":{"self":[{"href":"https:\/\/para-pharmacity.tn\/index.php?rest_route=\/wp\/v2\/product\/21080","targetHints":{"allow":["GET"]}}],"collection":[{"href":"https:\/\/para-pharmacity.tn\/index.php?rest_route=\/wp\/v2\/product"}],"about":[{"href":"https:\/\/para-pharmacity.tn\/index.php?rest_route=\/wp\/v2\/types\/product"}],"replies":[{"embeddable":true,"href":"https:\/\/para-pharmacity.tn\/index.php?rest_route=%2Fwp%2Fv2%2Fcomments&post=21080"}],"version-history":[{"count":2,"href":"https:\/\/para-pharmacity.tn\/index.php?rest_route=\/wp\/v2\/product\/21080\/revisions"}],"predecessor-version":[{"id":25395,"href":"https:\/\/para-pharmacity.tn\/index.php?rest_route=\/wp\/v2\/product\/21080\/revisions\/25395"}],"wp:featuredmedia":[{"embeddable":true,"href":"https:\/\/para-pharmacity.tn\/index.php?rest_route=\/wp\/v2\/media\/25394"}],"wp:attachment":[{"href":"https:\/\/para-pharmacity.tn\/index.php?rest_route=%2Fwp%2Fv2%2Fmedia&parent=21080"}],"wp:term":[{"taxonomy":"product_cat","embeddable":true,"href":"https:\/\/para-pharmacity.tn\/index.php?rest_route=%2Fwp%2Fv2%2Fproduct_cat&post=21080"},{"taxonomy":"product_tag","embeddable":true,"href":"https:\/\/para-pharmacity.tn\/index.php?rest_route=%2Fwp%2Fv2%2Fproduct_tag&post=21080"}],"curies":[{"name":"wp","href":"https:\/\/api.w.org\/{rel}","templated":true}]}}