{"id":21078,"date":"2024-07-11T10:19:38","date_gmt":"2024-07-11T10:19:38","guid":{"rendered":"https:\/\/para-pharmacity.tn\/?product=babirose-lingette"},"modified":"2025-04-21T09:37:33","modified_gmt":"2025-04-21T09:37:33","slug":"babirose-lingette","status":"publish","type":"product","link":"https:\/\/para-pharmacity.tn\/?product=babirose-lingette","title":{"rendered":"BABIROSE LINGETTE"},"content":{"rendered":"<p>Les <strong data-start=\"433\" data-end=\"467\">lingettes Babirose (72 pi\u00e8ces)<\/strong> sont sp\u00e9cialement formul\u00e9es pour respecter la peau d\u00e9licate des nourrissons et jeunes enfants. Douces et \u00e9paisses, elles permettent un nettoyage efficace du visage, des mains et du si\u00e8ge, sans n\u00e9cessiter de rin\u00e7age. Leur composition sans parfum, sans parab\u00e8nes, sans ph\u00e9noxy\u00e9thanol et sans m\u00e9thylisothiazolinone minimise les risques d&rsquo;irritation, offrant ainsi une tol\u00e9rance optimale pour les peaux sensibles. Pratiques \u00e0 la maison comme en d\u00e9placement, ces lingettes sont enrichies en agents hydratants pour pr\u00e9server l&rsquo;hydratation naturelle de la peau .<\/p>\n","protected":false},"excerpt":{"rendered":"<p class=\"\" data-start=\"219\" data-end=\"392\">Lingettes dermo-apaisantes sans rin\u00e7age, con\u00e7ues pour nettoyer en douceur la peau sensible des b\u00e9b\u00e9s. Sans parfum, parab\u00e8nes ni ph\u00e9noxy\u00e9thanol. Conviennent d\u00e8s la naissance.<\/p>\n","protected":false},"featured_media":25364,"comment_status":"open","ping_status":"closed","template":"","meta":[],"product_cat":[243],"product_tag":[],"class_list":{"0":"post-21078","1":"product","2":"type-product","3":"status-publish","4":"has-post-thumbnail","6":"product_cat-bebe-et-maman","8":"first","9":"instock","10":"shipping-taxable","11":"purchasable","12":"product-type-simple"},"jetpack_sharing_enabled":true,"_links":{"self":[{"href":"https:\/\/para-pharmacity.tn\/index.php?rest_route=\/wp\/v2\/product\/21078","targetHints":{"allow":["GET"]}}],"collection":[{"href":"https:\/\/para-pharmacity.tn\/index.php?rest_route=\/wp\/v2\/product"}],"about":[{"href":"https:\/\/para-pharmacity.tn\/index.php?rest_route=\/wp\/v2\/types\/product"}],"replies":[{"embeddable":true,"href":"https:\/\/para-pharmacity.tn\/index.php?rest_route=%2Fwp%2Fv2%2Fcomments&post=21078"}],"version-history":[{"count":2,"href":"https:\/\/para-pharmacity.tn\/index.php?rest_route=\/wp\/v2\/product\/21078\/revisions"}],"predecessor-version":[{"id":25366,"href":"https:\/\/para-pharmacity.tn\/index.php?rest_route=\/wp\/v2\/product\/21078\/revisions\/25366"}],"wp:featuredmedia":[{"embeddable":true,"href":"https:\/\/para-pharmacity.tn\/index.php?rest_route=\/wp\/v2\/media\/25364"}],"wp:attachment":[{"href":"https:\/\/para-pharmacity.tn\/index.php?rest_route=%2Fwp%2Fv2%2Fmedia&parent=21078"}],"wp:term":[{"taxonomy":"product_cat","embeddable":true,"href":"https:\/\/para-pharmacity.tn\/index.php?rest_route=%2Fwp%2Fv2%2Fproduct_cat&post=21078"},{"taxonomy":"product_tag","embeddable":true,"href":"https:\/\/para-pharmacity.tn\/index.php?rest_route=%2Fwp%2Fv2%2Fproduct_tag&post=21078"}],"curies":[{"name":"wp","href":"https:\/\/api.w.org\/{rel}","templated":true}]}}