{"id":21075,"date":"2024-07-11T10:19:37","date_gmt":"2024-07-11T10:19:37","guid":{"rendered":"https:\/\/para-pharmacity.tn\/?product=avent-2-suc-ultra-air-night-0-6m-376-10"},"modified":"2025-04-16T11:17:33","modified_gmt":"2025-04-16T11:17:33","slug":"avent-2-suc-ultra-air-night-0-6m-376-10","status":"publish","type":"product","link":"https:\/\/para-pharmacity.tn\/?product=avent-2-suc-ultra-air-night-0-6m-376-10","title":{"rendered":"AVENT 2 SUC ULTRA AIR NIGHT 0-6M 376\/10"},"content":{"rendered":"<p><span class=\"relative -mx-px my-[-0.2rem] rounded px-px py-[0.2rem] transition-colors duration-100 ease-in-out\">Les sucettes Ultra Air Night Philips Avent (r\u00e9f\u00e9rence SCF376\/10) sont sp\u00e9cialement con\u00e7ues pour les nourrissons de 0 \u00e0 6 mois.<\/span> <span class=\"relative -mx-px my-[-0.2rem] rounded px-px py-[0.2rem] transition-colors duration-100 ease-in-out\">Elles pr\u00e9sentent de larges a\u00e9rations qui permettent \u00e0 la peau de rester s\u00e8che et respirante, r\u00e9duisant ainsi les risques d&rsquo;irritation.<\/span> <span class=\"relative -mx-px my-[-0.2rem] rounded px-px py-[0.2rem] transition-colors duration-100 ease-in-out\">La t\u00e9tine sym\u00e9trique respecte la forme naturelle du palais, des dents et des gencives de votre b\u00e9b\u00e9, contribuant \u00e0 un d\u00e9veloppement bucco-dentaire sain.<\/span> <span class=\"relative -mx-px my-[-0.2rem] rounded px-px py-[0.2rem] transition-colors duration-100 ease-in-out\">Leur pastille phosphorescente permet de les retrouver facilement dans l&rsquo;obscurit\u00e9, offrant un confort suppl\u00e9mentaire lors des r\u00e9veils nocturnes.<\/span> <span class=\"relative -mx-px my-[-0.2rem] rounded px-px py-[0.2rem] transition-colors duration-100 ease-in-out\">Le lot comprend deux sucettes accompagn\u00e9es d&rsquo;un \u00e9tui de transport et de st\u00e9rilisation, garantissant une hygi\u00e8ne optimale.<\/span> <span class=\"relative -mx-px my-[-0.2rem] rounded px-px py-[0.2rem] transition-colors duration-100 ease-in-out\">Ces sucettes sont \u00e9galement compatibles avec le lave-vaisselle et sont exemptes de BPA pour la s\u00e9curit\u00e9 de votre enfant<\/span><\/p>\n","protected":false},"excerpt":{"rendered":"<p><span class=\"relative -mx-px my-[-0.2rem] rounded px-px py-[0.2rem] transition-colors duration-100 ease-in-out\">Lot de 2 sucettes Ultra Air Night Philips Avent pour nourrissons de 0 \u00e0 6 mois.<\/span> <span class=\"relative -mx-px my-[-0.2rem] rounded px-px py-[0.2rem] transition-colors duration-100 ease-in-out\">Dot\u00e9es de larges a\u00e9rations pour une peau s\u00e8che et saine, elles respectent le d\u00e9veloppement bucco-dentaire de votre b\u00e9b\u00e9.<\/span> <span class=\"relative -mx-px my-[-0.2rem] rounded px-px py-[0.2rem] transition-colors duration-100 ease-in-out\">Leur pastille phosphorescente permet de les retrouver facilement dans l&rsquo;obscurit\u00e9.<\/span> <span class=\"relative -mx-px my-[-0.2rem] rounded px-px py-[0.2rem] transition-colors duration-100 ease-in-out\">Livr\u00e9es avec un \u00e9tui de transport et de st\u00e9rilisation pratique.<\/span><\/p>\n","protected":false},"featured_media":25265,"comment_status":"open","ping_status":"closed","template":"","meta":[],"product_cat":[243],"product_tag":[],"class_list":{"0":"post-21075","1":"product","2":"type-product","3":"status-publish","4":"has-post-thumbnail","6":"product_cat-bebe-et-maman","8":"first","9":"instock","10":"shipping-taxable","11":"purchasable","12":"product-type-simple"},"jetpack_sharing_enabled":true,"_links":{"self":[{"href":"https:\/\/para-pharmacity.tn\/index.php?rest_route=\/wp\/v2\/product\/21075","targetHints":{"allow":["GET"]}}],"collection":[{"href":"https:\/\/para-pharmacity.tn\/index.php?rest_route=\/wp\/v2\/product"}],"about":[{"href":"https:\/\/para-pharmacity.tn\/index.php?rest_route=\/wp\/v2\/types\/product"}],"replies":[{"embeddable":true,"href":"https:\/\/para-pharmacity.tn\/index.php?rest_route=%2Fwp%2Fv2%2Fcomments&post=21075"}],"version-history":[{"count":2,"href":"https:\/\/para-pharmacity.tn\/index.php?rest_route=\/wp\/v2\/product\/21075\/revisions"}],"predecessor-version":[{"id":25266,"href":"https:\/\/para-pharmacity.tn\/index.php?rest_route=\/wp\/v2\/product\/21075\/revisions\/25266"}],"wp:featuredmedia":[{"embeddable":true,"href":"https:\/\/para-pharmacity.tn\/index.php?rest_route=\/wp\/v2\/media\/25265"}],"wp:attachment":[{"href":"https:\/\/para-pharmacity.tn\/index.php?rest_route=%2Fwp%2Fv2%2Fmedia&parent=21075"}],"wp:term":[{"taxonomy":"product_cat","embeddable":true,"href":"https:\/\/para-pharmacity.tn\/index.php?rest_route=%2Fwp%2Fv2%2Fproduct_cat&post=21075"},{"taxonomy":"product_tag","embeddable":true,"href":"https:\/\/para-pharmacity.tn\/index.php?rest_route=%2Fwp%2Fv2%2Fproduct_tag&post=21075"}],"curies":[{"name":"wp","href":"https:\/\/api.w.org\/{rel}","templated":true}]}}