{"id":21073,"date":"2024-07-11T10:19:36","date_gmt":"2024-07-11T10:19:36","guid":{"rendered":"https:\/\/para-pharmacity.tn\/?product=arnifort-gel-creme-100ml"},"modified":"2025-06-13T13:49:24","modified_gmt":"2025-06-13T13:49:24","slug":"arnifort-gel-creme-100ml","status":"publish","type":"product","link":"https:\/\/para-pharmacity.tn\/?product=arnifort-gel-creme-100ml","title":{"rendered":"ARNIFORT GEL-CREME 100ML"},"content":{"rendered":"<p>Arnifort Gel-Cr\u00e8me de Th\u00e9rapia est un antidouleur recommand\u00e9 dans les cas d\u2019arthrite, arthrose, douleurs musculaires, contractures, douleurs, effort sportif, fibromyalgie, ecchymoses, h\u00e9matomes, tendinite, entorses ou pour soulager les jambes lourdes, varices et cellulite.<\/p>\n<h2>Composition:<\/h2>\n<p>Huile mac\u00e9r\u00e9e d\u2019Arnicamontana (5%), menthol, huile essentielle d\u2019eucalyptus, huile essentielle de romarin, huile essentielle de menthe poivr\u00e9e, huile essentielle de gaulth\u00e9rie, huile essentielle de clou de girofle, camphre, gel d\u2019aloe Vera, salicylate de m\u00e9thyle.<\/p>\n<h2>Propri\u00e9t\u00e9s et mode d&rsquo;action:<\/h2>\n<ul>\n<li>Arnica : Anti-inflammatoire, Anti-rhumatismale, Relaxant musculaire local, Anti-ecchymotique.<\/li>\n<li>Menthol : Analg\u00e9sique, Rafra\u00eechissant et Fortement astringent.<\/li>\n<li>Huile essentielle d\u2019eucalyptus : Anti-inflammatoire.<\/li>\n<li>Huile essentielle de romarin : Anti-inflammatoire par inhibition de la migration des leucocytes, Analg\u00e9sique, Relaxant musculaire, Lipolytique.<\/li>\n<li>Huile essentielle de menthe poivr\u00e9e : Relaxant musculaire, Analg\u00e9sique.<\/li>\n<li>Huile essentielle de Gaulth\u00e9rie couch\u00e9e : Analg\u00e9sique, Anti-inflammatoire (salicylate de m\u00e9thyle), Antirhumatismale.<\/li>\n<li>Gel d\u2019aloe Vera : Cicatrisant, Hydratant et Anti-inflammatoire.<\/li>\n<li>Huile essentielle de clou de girofle : Anti-inflammatoire, Tonique g\u00e9n\u00e9rale, Anti-infectieuse.<\/li>\n<\/ul>\n<h2>Conseils d&rsquo;utilisation:<\/h2>\n<p>Appliquer 2 \u00e0 3 fois par jour en massage sur la partie douloureuse.<\/p>\n<h2>Pr\u00e9cautions d&#8217;emploi :<\/h2>\n<ul>\n<li>Pour les adultes et les enfants de plus de 6 ans.<\/li>\n<li>Utilisation externe.<\/li>\n<li>Ne pas utiliser sur une peau ab\u00eem\u00e9e.<\/li>\n<li>\u00c9viter tout contact avec les yeux et les muqueuses.<\/li>\n<li>Se laver les mains apr\u00e8s chaque utilisation.<\/li>\n<\/ul>\n","protected":false},"excerpt":{"rendered":"<p>Arnifort Gel-Cr\u00e8me de Th\u00e9rapia est un antidouleur recommand\u00e9 dans les cas d\u2019arthrite, arthrose, douleurs musculaires, contractures, douleurs, effort sportif, fibromyalgie, ecchymoses, h\u00e9matomes, tendinite, entorses ou pour soulager les jambes lourdes, varices et cellulite.<\/p>\n","protected":false},"featured_media":26791,"comment_status":"open","ping_status":"closed","template":"","meta":[],"product_cat":[204,217],"product_tag":[],"class_list":{"0":"post-21073","1":"product","2":"type-product","3":"status-publish","4":"has-post-thumbnail","6":"product_cat-complement","7":"product_cat-vitamines","9":"first","10":"instock","11":"shipping-taxable","12":"purchasable","13":"product-type-simple"},"jetpack_sharing_enabled":true,"_links":{"self":[{"href":"https:\/\/para-pharmacity.tn\/index.php?rest_route=\/wp\/v2\/product\/21073","targetHints":{"allow":["GET"]}}],"collection":[{"href":"https:\/\/para-pharmacity.tn\/index.php?rest_route=\/wp\/v2\/product"}],"about":[{"href":"https:\/\/para-pharmacity.tn\/index.php?rest_route=\/wp\/v2\/types\/product"}],"replies":[{"embeddable":true,"href":"https:\/\/para-pharmacity.tn\/index.php?rest_route=%2Fwp%2Fv2%2Fcomments&post=21073"}],"version-history":[{"count":2,"href":"https:\/\/para-pharmacity.tn\/index.php?rest_route=\/wp\/v2\/product\/21073\/revisions"}],"predecessor-version":[{"id":26792,"href":"https:\/\/para-pharmacity.tn\/index.php?rest_route=\/wp\/v2\/product\/21073\/revisions\/26792"}],"wp:featuredmedia":[{"embeddable":true,"href":"https:\/\/para-pharmacity.tn\/index.php?rest_route=\/wp\/v2\/media\/26791"}],"wp:attachment":[{"href":"https:\/\/para-pharmacity.tn\/index.php?rest_route=%2Fwp%2Fv2%2Fmedia&parent=21073"}],"wp:term":[{"taxonomy":"product_cat","embeddable":true,"href":"https:\/\/para-pharmacity.tn\/index.php?rest_route=%2Fwp%2Fv2%2Fproduct_cat&post=21073"},{"taxonomy":"product_tag","embeddable":true,"href":"https:\/\/para-pharmacity.tn\/index.php?rest_route=%2Fwp%2Fv2%2Fproduct_tag&post=21073"}],"curies":[{"name":"wp","href":"https:\/\/api.w.org\/{rel}","templated":true}]}}