{"id":21072,"date":"2024-07-11T10:19:36","date_gmt":"2024-07-11T10:19:36","guid":{"rendered":"https:\/\/para-pharmacity.tn\/?product=aphtakalm-bain-d-bouche-250ml"},"modified":"2025-04-16T09:07:01","modified_gmt":"2025-04-16T09:07:01","slug":"aphtakalm-bain-d-bouche-250ml","status":"publish","type":"product","link":"https:\/\/para-pharmacity.tn\/?product=aphtakalm-bain-d-bouche-250ml","title":{"rendered":"APHTAKALM BAIN D BOUCHE 250ML"},"content":{"rendered":"<p class=\"\" data-start=\"363\" data-end=\"744\">APHTAKALM Bain de Bouche 250 ml**<br data-start=\"396\" data-end=\"399\" \/>Aphtakalm est un bain de bouche sp\u00e9cialement formul\u00e9 pour apaiser les douleurs caus\u00e9es par les aphtes, irritations ou petites l\u00e9sions de la bouche. Sa formule douce contient des agents apaisants et cicatrisants qui favorisent la r\u00e9g\u00e9n\u00e9ration des tissus buccaux tout en procurant une sensation de fra\u00eecheur imm\u00e9diate gr\u00e2ce \u00e0 son ar\u00f4me menthol\u00e9.<\/p>\n<p class=\"\" data-start=\"746\" data-end=\"945\">Il peut \u00eatre utilis\u00e9 au quotidien pour maintenir une bonne hygi\u00e8ne bucco-dentaire et pr\u00e9venir l\u2019apparition de nouvelles l\u00e9sions. Sans alcool, il respecte la muqueuse buccale, m\u00eame la plus sensible.<\/p>\n<p class=\"\" data-start=\"947\" data-end=\"964\"><strong data-start=\"947\" data-end=\"962\">Bienfaits :<\/strong><\/p>\n<ul data-start=\"965\" data-end=\"1114\">\n<li class=\"\" data-start=\"965\" data-end=\"1009\">\n<p class=\"\" data-start=\"967\" data-end=\"1009\">Soulagement rapide des douleurs buccales<\/p>\n<\/li>\n<li class=\"\" data-start=\"1010\" data-end=\"1050\">\n<p class=\"\" data-start=\"1012\" data-end=\"1050\">Acc\u00e9l\u00e8re la cicatrisation des aphtes<\/p>\n<\/li>\n<li class=\"\" data-start=\"1051\" data-end=\"1077\">\n<p class=\"\" data-start=\"1053\" data-end=\"1077\">Go\u00fbt frais \u00e0 la menthe<\/p>\n<\/li>\n<li class=\"\" data-start=\"1078\" data-end=\"1114\">\n<p class=\"\" data-start=\"1080\" data-end=\"1114\">Sans alcool, doux pour la bouche<\/p>\n<\/li>\n<\/ul>\n<p class=\"\" data-start=\"1116\" data-end=\"1239\"><strong data-start=\"1116\" data-end=\"1144\">Conseils d&rsquo;utilisation :<\/strong><br data-start=\"1144\" data-end=\"1147\" \/>Utiliser 10 \u00e0 15 ml en bain de bouche apr\u00e8s le brossage, 2 \u00e0 3 fois par jour. Ne pas avaler.<\/p>\n","protected":false},"excerpt":{"rendered":"<p>APHTAKALM Bain de Bouche 250 ml**<br data-start=\"135\" data-end=\"138\" \/>Bain de bouche apaisant qui soulage efficacement les douleurs li\u00e9es aux aphtes et favorise la cicatrisation des l\u00e9sions buccales. Go\u00fbt menthe agr\u00e9able, pour une hygi\u00e8ne buccale renforc\u00e9e.<\/p>\n","protected":false},"featured_media":25214,"comment_status":"open","ping_status":"closed","template":"","meta":[],"product_cat":[230],"product_tag":[],"class_list":{"0":"post-21072","1":"product","2":"type-product","3":"status-publish","4":"has-post-thumbnail","6":"product_cat-hygiene","8":"first","9":"instock","10":"shipping-taxable","11":"purchasable","12":"product-type-simple"},"jetpack_sharing_enabled":true,"_links":{"self":[{"href":"https:\/\/para-pharmacity.tn\/index.php?rest_route=\/wp\/v2\/product\/21072","targetHints":{"allow":["GET"]}}],"collection":[{"href":"https:\/\/para-pharmacity.tn\/index.php?rest_route=\/wp\/v2\/product"}],"about":[{"href":"https:\/\/para-pharmacity.tn\/index.php?rest_route=\/wp\/v2\/types\/product"}],"replies":[{"embeddable":true,"href":"https:\/\/para-pharmacity.tn\/index.php?rest_route=%2Fwp%2Fv2%2Fcomments&post=21072"}],"version-history":[{"count":2,"href":"https:\/\/para-pharmacity.tn\/index.php?rest_route=\/wp\/v2\/product\/21072\/revisions"}],"predecessor-version":[{"id":25216,"href":"https:\/\/para-pharmacity.tn\/index.php?rest_route=\/wp\/v2\/product\/21072\/revisions\/25216"}],"wp:featuredmedia":[{"embeddable":true,"href":"https:\/\/para-pharmacity.tn\/index.php?rest_route=\/wp\/v2\/media\/25214"}],"wp:attachment":[{"href":"https:\/\/para-pharmacity.tn\/index.php?rest_route=%2Fwp%2Fv2%2Fmedia&parent=21072"}],"wp:term":[{"taxonomy":"product_cat","embeddable":true,"href":"https:\/\/para-pharmacity.tn\/index.php?rest_route=%2Fwp%2Fv2%2Fproduct_cat&post=21072"},{"taxonomy":"product_tag","embeddable":true,"href":"https:\/\/para-pharmacity.tn\/index.php?rest_route=%2Fwp%2Fv2%2Fproduct_tag&post=21072"}],"curies":[{"name":"wp","href":"https:\/\/api.w.org\/{rel}","templated":true}]}}