{"id":21071,"date":"2024-07-11T10:19:36","date_gmt":"2024-07-11T10:19:36","guid":{"rendered":"https:\/\/para-pharmacity.tn\/?product=anivagene-serum-anti-chute"},"modified":"2025-04-16T08:30:35","modified_gmt":"2025-04-16T08:30:35","slug":"anivagene-serum-anti-chute","status":"publish","type":"product","link":"https:\/\/para-pharmacity.tn\/?product=anivagene-serum-anti-chute","title":{"rendered":"ANIVAGENE SERUM ANTI CHUTE"},"content":{"rendered":"<p class=\"\" data-start=\"309\" data-end=\"721\"><strong data-start=\"309\" data-end=\"339\">ANIVAG\u00c8NE S\u00e9rum Anti-Chute<\/strong> est un traitement capillaire concentr\u00e9 formul\u00e9 pour <strong data-start=\"392\" data-end=\"438\">ralentir efficacement la chute des cheveux<\/strong> et favoriser leur <strong data-start=\"457\" data-end=\"479\">repousse naturelle<\/strong>. Sa formule associe des <strong data-start=\"504\" data-end=\"524\">actifs puissants<\/strong> (vitamines, peptides, extraits v\u00e9g\u00e9taux) qui agissent directement sur le cuir chevelu pour <strong data-start=\"616\" data-end=\"649\">renforcer la fibre capillaire<\/strong>, <strong data-start=\"651\" data-end=\"683\">stimuler la microcirculation<\/strong> et <strong data-start=\"687\" data-end=\"720\">r\u00e9activer les bulbes dormants<\/strong>.<\/p>\n<p class=\"\" data-start=\"723\" data-end=\"934\">Ce s\u00e9rum est adapt\u00e9 aussi bien aux <strong data-start=\"758\" data-end=\"768\">hommes<\/strong> qu\u2019aux <strong data-start=\"776\" data-end=\"786\">femmes<\/strong>, notamment en cas de chute saisonni\u00e8re, hormonale ou li\u00e9e au stress. Il aide \u00e0 restaurer une chevelure plus <strong data-start=\"895\" data-end=\"904\">dense<\/strong>, <strong data-start=\"906\" data-end=\"915\">forte<\/strong> et <strong data-start=\"919\" data-end=\"933\">r\u00e9sistante<\/strong>.<\/p>\n<p class=\"\" data-start=\"936\" data-end=\"1019\"><strong data-start=\"936\" data-end=\"958\">Application facile<\/strong> gr\u00e2ce \u00e0 son embout pr\u00e9cis, sans rin\u00e7age, \u00e0 utiliser en cure.<\/p>\n<p class=\"\" data-start=\"1021\" data-end=\"1142\"><strong data-start=\"1021\" data-end=\"1036\">Utilisation<\/strong> : Appliquer quotidiennement sur le cuir chevelu propre, masser doucement. Cure recommand\u00e9e de 2 \u00e0 3 mois.<\/p>\n","protected":false},"excerpt":{"rendered":"<p class=\"\" data-start=\"146\" data-end=\"249\">S\u00e9rum intensif pour freiner la chute de cheveux et stimuler leur repousse, adapt\u00e9 aux hommes et femmes.<\/p>\n","protected":false},"featured_media":25200,"comment_status":"open","ping_status":"closed","template":"","meta":[],"product_cat":[217],"product_tag":[],"class_list":{"0":"post-21071","1":"product","2":"type-product","3":"status-publish","4":"has-post-thumbnail","6":"product_cat-vitamines","8":"first","9":"instock","10":"shipping-taxable","11":"purchasable","12":"product-type-simple"},"jetpack_sharing_enabled":true,"_links":{"self":[{"href":"https:\/\/para-pharmacity.tn\/index.php?rest_route=\/wp\/v2\/product\/21071","targetHints":{"allow":["GET"]}}],"collection":[{"href":"https:\/\/para-pharmacity.tn\/index.php?rest_route=\/wp\/v2\/product"}],"about":[{"href":"https:\/\/para-pharmacity.tn\/index.php?rest_route=\/wp\/v2\/types\/product"}],"replies":[{"embeddable":true,"href":"https:\/\/para-pharmacity.tn\/index.php?rest_route=%2Fwp%2Fv2%2Fcomments&post=21071"}],"version-history":[{"count":2,"href":"https:\/\/para-pharmacity.tn\/index.php?rest_route=\/wp\/v2\/product\/21071\/revisions"}],"predecessor-version":[{"id":25201,"href":"https:\/\/para-pharmacity.tn\/index.php?rest_route=\/wp\/v2\/product\/21071\/revisions\/25201"}],"wp:featuredmedia":[{"embeddable":true,"href":"https:\/\/para-pharmacity.tn\/index.php?rest_route=\/wp\/v2\/media\/25200"}],"wp:attachment":[{"href":"https:\/\/para-pharmacity.tn\/index.php?rest_route=%2Fwp%2Fv2%2Fmedia&parent=21071"}],"wp:term":[{"taxonomy":"product_cat","embeddable":true,"href":"https:\/\/para-pharmacity.tn\/index.php?rest_route=%2Fwp%2Fv2%2Fproduct_cat&post=21071"},{"taxonomy":"product_tag","embeddable":true,"href":"https:\/\/para-pharmacity.tn\/index.php?rest_route=%2Fwp%2Fv2%2Fproduct_tag&post=21071"}],"curies":[{"name":"wp","href":"https:\/\/api.w.org\/{rel}","templated":true}]}}