{"id":21070,"date":"2024-07-11T10:19:35","date_gmt":"2024-07-11T10:19:35","guid":{"rendered":"https:\/\/para-pharmacity.tn\/?product=angicalm-m-gorge-citron-16-comprimee"},"modified":"2025-04-16T08:03:29","modified_gmt":"2025-04-16T08:03:29","slug":"angicalm-m-gorge-citron-16-comprimee","status":"publish","type":"product","link":"https:\/\/para-pharmacity.tn\/?product=angicalm-m-gorge-citron-16-comprimee","title":{"rendered":"ANGICALM M GORGE CITRON 16 COMPRIMEE"},"content":{"rendered":"<p class=\"\" data-start=\"360\" data-end=\"518\"><strong data-start=\"360\" data-end=\"387\">ANGICALM M Gorge Citron<\/strong> est un compl\u00e9ment formul\u00e9 pour apaiser efficacement les <strong data-start=\"444\" data-end=\"471\">irritations de la gorge<\/strong>, les picotements et les sensations de br\u00fblure.<\/p>\n<p class=\"\" data-start=\"520\" data-end=\"746\">Enrichi en <strong data-start=\"531\" data-end=\"539\">miel<\/strong>, <strong data-start=\"541\" data-end=\"566\">plantes adoucissantes<\/strong> (comme la guimauve ou la mauve selon la version) et au <strong data-start=\"622\" data-end=\"649\">go\u00fbt agr\u00e9able de citron<\/strong>, il forme un film protecteur sur les muqueuses irrit\u00e9es et aide \u00e0 calmer rapidement l&rsquo;inconfort.<\/p>\n<p class=\"\" data-start=\"748\" data-end=\"810\">Id\u00e9al en cas de gorge sensible, d&rsquo;enrouement ou de toux s\u00e8che.<\/p>\n<p class=\"\" data-start=\"812\" data-end=\"892\"><strong data-start=\"812\" data-end=\"825\">Posologie<\/strong> : Sucer lentement 1 comprim\u00e9, jusqu\u2019\u00e0 4 \u00e0 6 par jour selon besoin.<\/p>\n","protected":false},"excerpt":{"rendered":"<p>Comprim\u00e9s adoucissants pour la gorge, go\u00fbt citron, \u00e0 base de plantes et de miel. Soulage rapidement les irritations et maux de gorge.<\/p>\n","protected":false},"featured_media":25178,"comment_status":"open","ping_status":"closed","template":"","meta":[],"product_cat":[204],"product_tag":[],"class_list":{"0":"post-21070","1":"product","2":"type-product","3":"status-publish","4":"has-post-thumbnail","6":"product_cat-complement","8":"first","9":"instock","10":"shipping-taxable","11":"purchasable","12":"product-type-simple"},"jetpack_sharing_enabled":true,"_links":{"self":[{"href":"https:\/\/para-pharmacity.tn\/index.php?rest_route=\/wp\/v2\/product\/21070","targetHints":{"allow":["GET"]}}],"collection":[{"href":"https:\/\/para-pharmacity.tn\/index.php?rest_route=\/wp\/v2\/product"}],"about":[{"href":"https:\/\/para-pharmacity.tn\/index.php?rest_route=\/wp\/v2\/types\/product"}],"replies":[{"embeddable":true,"href":"https:\/\/para-pharmacity.tn\/index.php?rest_route=%2Fwp%2Fv2%2Fcomments&post=21070"}],"version-history":[{"count":2,"href":"https:\/\/para-pharmacity.tn\/index.php?rest_route=\/wp\/v2\/product\/21070\/revisions"}],"predecessor-version":[{"id":25179,"href":"https:\/\/para-pharmacity.tn\/index.php?rest_route=\/wp\/v2\/product\/21070\/revisions\/25179"}],"wp:featuredmedia":[{"embeddable":true,"href":"https:\/\/para-pharmacity.tn\/index.php?rest_route=\/wp\/v2\/media\/25178"}],"wp:attachment":[{"href":"https:\/\/para-pharmacity.tn\/index.php?rest_route=%2Fwp%2Fv2%2Fmedia&parent=21070"}],"wp:term":[{"taxonomy":"product_cat","embeddable":true,"href":"https:\/\/para-pharmacity.tn\/index.php?rest_route=%2Fwp%2Fv2%2Fproduct_cat&post=21070"},{"taxonomy":"product_tag","embeddable":true,"href":"https:\/\/para-pharmacity.tn\/index.php?rest_route=%2Fwp%2Fv2%2Fproduct_tag&post=21070"}],"curies":[{"name":"wp","href":"https:\/\/api.w.org\/{rel}","templated":true}]}}