{"id":21069,"date":"2024-07-11T10:19:35","date_gmt":"2024-07-11T10:19:35","guid":{"rendered":"https:\/\/para-pharmacity.tn\/?product=almaflore-huile-d-ortie-10-ml"},"modified":"2025-04-15T11:47:23","modified_gmt":"2025-04-15T11:47:23","slug":"almaflore-huile-d-ortie-10-ml","status":"publish","type":"product","link":"https:\/\/para-pharmacity.tn\/?product=almaflore-huile-d-ortie-10-ml","title":{"rendered":"ALMAFLORE HUILE D ORTIE 10 ML"},"content":{"rendered":"<p class=\"\" data-start=\"317\" data-end=\"648\"><strong data-start=\"317\" data-end=\"346\">L\u2019huile d\u2019ortie Almaflore<\/strong> est r\u00e9put\u00e9e pour ses vertus <strong data-start=\"375\" data-end=\"390\">tonifiantes<\/strong>, <strong data-start=\"392\" data-end=\"407\">purifiantes<\/strong> et <strong data-start=\"411\" data-end=\"428\">\u00e9quilibrantes<\/strong>. Riche en min\u00e9raux et vitamines, elle est id\u00e9ale pour les cuirs chevelus sujets aux pellicules ou \u00e0 la chute de cheveux. Elle aide \u00e0 <strong data-start=\"562\" data-end=\"588\">stimuler la croissance<\/strong>, <strong data-start=\"590\" data-end=\"615\">renforcer les racines<\/strong> et <strong data-start=\"619\" data-end=\"647\">r\u00e9duire l\u2019exc\u00e8s de s\u00e9bum<\/strong>.<\/p>\n<ul data-start=\"650\" data-end=\"821\">\n<li class=\"\" data-start=\"650\" data-end=\"695\">\n<p class=\"\" data-start=\"652\" data-end=\"695\">Fortifie les cheveux et freine leur chute<\/p>\n<\/li>\n<li class=\"\" data-start=\"696\" data-end=\"744\">\n<p class=\"\" data-start=\"698\" data-end=\"744\">Purifie les peaux grasses et \u00e0 imperfections<\/p>\n<\/li>\n<li class=\"\" data-start=\"745\" data-end=\"778\">\n<p class=\"\" data-start=\"747\" data-end=\"778\">Apporte brillance et vitalit\u00e9<\/p>\n<\/li>\n<li class=\"\" data-start=\"779\" data-end=\"821\">\n<p class=\"\" data-start=\"781\" data-end=\"821\">Adapt\u00e9e aux soins capillaires et cutan\u00e9s<\/p>\n<\/li>\n<\/ul>\n","protected":false},"excerpt":{"rendered":"<p class=\"\" data-start=\"127\" data-end=\"240\"><strong data-start=\"127\" data-end=\"160\">Almaflore Huile d\u2019Ortie 10 ml<\/strong><br data-start=\"160\" data-end=\"163\" \/>Soin naturel fortifiant pour les <strong data-start=\"196\" data-end=\"207\">cheveux<\/strong> et purifiant pour la <strong data-start=\"229\" data-end=\"237\">peau<\/strong>.<\/p>\n<ul data-start=\"241\" data-end=\"277\">\n<li class=\"\" data-start=\"241\" data-end=\"277\">\n<p class=\"\" data-start=\"243\" data-end=\"277\">Stimule la pousse, r\u00e9gule le s\u00e9bum<\/p>\n<\/li>\n<\/ul>\n","protected":false},"featured_media":25099,"comment_status":"open","ping_status":"closed","template":"","meta":[],"product_cat":[211],"product_tag":[],"class_list":{"0":"post-21069","1":"product","2":"type-product","3":"status-publish","4":"has-post-thumbnail","6":"product_cat-cheveux","8":"first","9":"instock","10":"shipping-taxable","11":"purchasable","12":"product-type-simple"},"jetpack_sharing_enabled":true,"_links":{"self":[{"href":"https:\/\/para-pharmacity.tn\/index.php?rest_route=\/wp\/v2\/product\/21069","targetHints":{"allow":["GET"]}}],"collection":[{"href":"https:\/\/para-pharmacity.tn\/index.php?rest_route=\/wp\/v2\/product"}],"about":[{"href":"https:\/\/para-pharmacity.tn\/index.php?rest_route=\/wp\/v2\/types\/product"}],"replies":[{"embeddable":true,"href":"https:\/\/para-pharmacity.tn\/index.php?rest_route=%2Fwp%2Fv2%2Fcomments&post=21069"}],"version-history":[{"count":2,"href":"https:\/\/para-pharmacity.tn\/index.php?rest_route=\/wp\/v2\/product\/21069\/revisions"}],"predecessor-version":[{"id":25100,"href":"https:\/\/para-pharmacity.tn\/index.php?rest_route=\/wp\/v2\/product\/21069\/revisions\/25100"}],"wp:featuredmedia":[{"embeddable":true,"href":"https:\/\/para-pharmacity.tn\/index.php?rest_route=\/wp\/v2\/media\/25099"}],"wp:attachment":[{"href":"https:\/\/para-pharmacity.tn\/index.php?rest_route=%2Fwp%2Fv2%2Fmedia&parent=21069"}],"wp:term":[{"taxonomy":"product_cat","embeddable":true,"href":"https:\/\/para-pharmacity.tn\/index.php?rest_route=%2Fwp%2Fv2%2Fproduct_cat&post=21069"},{"taxonomy":"product_tag","embeddable":true,"href":"https:\/\/para-pharmacity.tn\/index.php?rest_route=%2Fwp%2Fv2%2Fproduct_tag&post=21069"}],"curies":[{"name":"wp","href":"https:\/\/api.w.org\/{rel}","templated":true}]}}