{"id":21060,"date":"2024-07-11T10:19:29","date_gmt":"2024-07-11T10:19:29","guid":{"rendered":"https:\/\/para-pharmacity.tn\/?product=vital-vaseline-salicylee-2-40g"},"modified":"2025-05-08T14:30:59","modified_gmt":"2025-05-08T14:30:59","slug":"vital-vaseline-salicylee-2-40g","status":"publish","type":"product","link":"https:\/\/para-pharmacity.tn\/?product=vital-vaseline-salicylee-2-40g","title":{"rendered":"VITAL VASELINE SALICYLEE 2% 40G"},"content":{"rendered":"<div class=\"product-description\">\n<p>La Vaseline salicyl\u00e9e 2% de la marque Vital est un produit incontournable de la parapharmacie. Id\u00e9ale pour hydrater et prot\u00e9ger la peau, cette formule enrichie en salicylate de sodium apaise les peaux irrit\u00e9es, notamment celles sujettes aux rougeurs et aux imperfections. Gr\u00e2ce \u00e0 ses propri\u00e9t\u00e9s anti-inflammatoires et k\u00e9ratolytiques, elle aide \u00e0 r\u00e9duire les manifestations de l&rsquo;acn\u00e9 et \u00e0 lisser le grain de peau. Ce soin convient \u00e0 tous les types de peaux, m\u00eame les plus sensibles. Son format pratique de 40g permet de l&#8217;emporter partout avec soi pour une utilisation quotidienne. N&rsquo;h\u00e9sitez plus, offrez \u00e0 votre peau le soin qu&rsquo;elle m\u00e9rite avec la Vaseline salicyl\u00e9e 2% de Vital.<br \/>\n&#8211; Vaseline<br \/>\n&#8211; Acide salicylique 2%<br \/>\n&#8211; Excipients : Paraffine liquide, parahydroxybenzoate de m\u00e9thyle, parahydroxybenzoate de propyle, alcool ceto-st\u00e9arylique, palmitost\u00e9arate de sorbitan, octyldod\u00e9canol, hydroxyde de sodium, eau purifi\u00e9e<br \/>\nConseils d&rsquo;utilisation du produit parapharmacie VITAL VASELINE SALICYL\u00c9E 2% 40G :<\/p>\n<p>1. Appliquer une petite quantit\u00e9 de VITAL VASELINE SALICYL\u00c9E 2% sur la zone affect\u00e9e de la peau, une \u00e0 deux fois par jour.<\/p>\n<p>2. Masser doucement la zone pour favoriser la p\u00e9n\u00e9tration du produit.<\/p>\n<p>3. \u00c9viter tout contact avec les yeux et les muqueuses.<\/p>\n<p>4. Ne pas utiliser sur une peau irrit\u00e9e ou l\u00e9s\u00e9e.<\/p>\n<p>5. En cas de r\u00e9action allergique ou d&rsquo;irritation, cesser l&rsquo;utilisation du produit et consulter un m\u00e9decin.<\/p>\n<p>6. Tenir hors de la port\u00e9e des enfants.<\/p>\n<p>7. Conserver le produit \u00e0 l&rsquo;abri de la chaleur et de l&rsquo;humidit\u00e9.<\/p>\n<p>8. En cas d&rsquo;ingestion accidentelle, consulter imm\u00e9diatement un m\u00e9decin.<\/p>\n<p>9. Ne pas utiliser ce produit sur les enfants de moins de 12 ans sans avis m\u00e9dical.<\/p>\n<p>10. En cas de doute sur l&rsquo;utilisation du produit, demander conseil \u00e0 un professionnel de la sant\u00e9.<\/p>\n<\/div>\n","protected":false},"excerpt":{"rendered":"<p>Cro\u00fbtes<br \/>\nCallosit\u00e9s<br \/>\nFissures<br \/>\nSquames<\/p>\n","protected":false},"featured_media":26001,"comment_status":"open","ping_status":"closed","template":"","meta":[],"product_cat":[243],"product_tag":[],"class_list":{"0":"post-21060","1":"product","2":"type-product","3":"status-publish","4":"has-post-thumbnail","6":"product_cat-bebe-et-maman","8":"first","9":"instock","10":"shipping-taxable","11":"purchasable","12":"product-type-simple"},"jetpack_sharing_enabled":true,"_links":{"self":[{"href":"https:\/\/para-pharmacity.tn\/index.php?rest_route=\/wp\/v2\/product\/21060","targetHints":{"allow":["GET"]}}],"collection":[{"href":"https:\/\/para-pharmacity.tn\/index.php?rest_route=\/wp\/v2\/product"}],"about":[{"href":"https:\/\/para-pharmacity.tn\/index.php?rest_route=\/wp\/v2\/types\/product"}],"replies":[{"embeddable":true,"href":"https:\/\/para-pharmacity.tn\/index.php?rest_route=%2Fwp%2Fv2%2Fcomments&post=21060"}],"version-history":[{"count":2,"href":"https:\/\/para-pharmacity.tn\/index.php?rest_route=\/wp\/v2\/product\/21060\/revisions"}],"predecessor-version":[{"id":26002,"href":"https:\/\/para-pharmacity.tn\/index.php?rest_route=\/wp\/v2\/product\/21060\/revisions\/26002"}],"wp:featuredmedia":[{"embeddable":true,"href":"https:\/\/para-pharmacity.tn\/index.php?rest_route=\/wp\/v2\/media\/26001"}],"wp:attachment":[{"href":"https:\/\/para-pharmacity.tn\/index.php?rest_route=%2Fwp%2Fv2%2Fmedia&parent=21060"}],"wp:term":[{"taxonomy":"product_cat","embeddable":true,"href":"https:\/\/para-pharmacity.tn\/index.php?rest_route=%2Fwp%2Fv2%2Fproduct_cat&post=21060"},{"taxonomy":"product_tag","embeddable":true,"href":"https:\/\/para-pharmacity.tn\/index.php?rest_route=%2Fwp%2Fv2%2Fproduct_tag&post=21060"}],"curies":[{"name":"wp","href":"https:\/\/api.w.org\/{rel}","templated":true}]}}