{"id":21058,"date":"2024-07-11T10:19:28","date_gmt":"2024-07-11T10:19:28","guid":{"rendered":"https:\/\/para-pharmacity.tn\/?product=vital-oligovit-melatonine-15g"},"modified":"2025-05-19T09:10:59","modified_gmt":"2025-05-19T09:10:59","slug":"vital-oligovit-melatonine-15g","status":"publish","type":"product","link":"https:\/\/para-pharmacity.tn\/?product=vital-oligovit-melatonine-15g","title":{"rendered":"VITAL OLIGOVIT MELATONINE 15G"},"content":{"rendered":"<p>oligovit m\u00e9latonine &#8211; bo\u00eete de 15 g\u00e9lules<\/p>\n<p>ce compl\u00e9ment alimentaire oligovit \u00e0 base de m\u00e9latonine est formul\u00e9 pour favoriser un sommeil de qualit\u00e9 :<\/p>\n<p>bienfaits :<\/p>\n<p>faciliter l&rsquo;endormissement :<\/p>\n<p>la m\u00e9latonine est une hormone naturelle qui r\u00e9gule le cycle veille-sommeil.<\/p>\n<p>aide \u00e0 r\u00e9duire le temps n\u00e9cessaire pour s&rsquo;endormir.<\/p>\n<p>am\u00e9liorer la qualit\u00e9 du sommeil :<\/p>\n<p>contribue \u00e0 une meilleure r\u00e9gulation des phases de sommeil.<\/p>\n<p>conseils d&rsquo;utilisation :<\/p>\n<p>prendre 1 g\u00e9lule au coucher, de pr\u00e9f\u00e9rence environ 30 minutes avant d&rsquo;aller dormir.<\/p>\n<p>il est conseill\u00e9 de consulter un professionnel de la sant\u00e9 avant de commencer tout compl\u00e9ment alimentaire, surtout si vous avez des pr\u00e9occupations m\u00e9dicales sp\u00e9cifiques li\u00e9es au sommeil.<\/p>\n","protected":false},"excerpt":{"rendered":"<div class=\"product-short-description\">\n<p>la m\u00e9latonine est une hormone naturelle qui r\u00e9gule le cycle veille-sommeil.<\/p>\n<\/div>\n","protected":false},"featured_media":26210,"comment_status":"open","ping_status":"closed","template":"","meta":[],"product_cat":[286],"product_tag":[],"class_list":{"0":"post-21058","1":"product","2":"type-product","3":"status-publish","4":"has-post-thumbnail","6":"product_cat-complement-alimentaire","8":"first","9":"instock","10":"shipping-taxable","11":"purchasable","12":"product-type-simple"},"jetpack_sharing_enabled":true,"_links":{"self":[{"href":"https:\/\/para-pharmacity.tn\/index.php?rest_route=\/wp\/v2\/product\/21058","targetHints":{"allow":["GET"]}}],"collection":[{"href":"https:\/\/para-pharmacity.tn\/index.php?rest_route=\/wp\/v2\/product"}],"about":[{"href":"https:\/\/para-pharmacity.tn\/index.php?rest_route=\/wp\/v2\/types\/product"}],"replies":[{"embeddable":true,"href":"https:\/\/para-pharmacity.tn\/index.php?rest_route=%2Fwp%2Fv2%2Fcomments&post=21058"}],"version-history":[{"count":2,"href":"https:\/\/para-pharmacity.tn\/index.php?rest_route=\/wp\/v2\/product\/21058\/revisions"}],"predecessor-version":[{"id":26211,"href":"https:\/\/para-pharmacity.tn\/index.php?rest_route=\/wp\/v2\/product\/21058\/revisions\/26211"}],"wp:featuredmedia":[{"embeddable":true,"href":"https:\/\/para-pharmacity.tn\/index.php?rest_route=\/wp\/v2\/media\/26210"}],"wp:attachment":[{"href":"https:\/\/para-pharmacity.tn\/index.php?rest_route=%2Fwp%2Fv2%2Fmedia&parent=21058"}],"wp:term":[{"taxonomy":"product_cat","embeddable":true,"href":"https:\/\/para-pharmacity.tn\/index.php?rest_route=%2Fwp%2Fv2%2Fproduct_cat&post=21058"},{"taxonomy":"product_tag","embeddable":true,"href":"https:\/\/para-pharmacity.tn\/index.php?rest_route=%2Fwp%2Fv2%2Fproduct_tag&post=21058"}],"curies":[{"name":"wp","href":"https:\/\/api.w.org\/{rel}","templated":true}]}}