{"id":21056,"date":"2024-07-11T10:19:27","date_gmt":"2024-07-11T10:19:27","guid":{"rendered":"https:\/\/para-pharmacity.tn\/?product=vital-hydravera-90g"},"modified":"2025-05-21T10:53:47","modified_gmt":"2025-05-21T10:53:47","slug":"vital-hydravera-90g","status":"publish","type":"product","link":"https:\/\/para-pharmacity.tn\/?product=vital-hydravera-90g","title":{"rendered":"VITAL HYDRAVERA 90G"},"content":{"rendered":"<p><b>Deprecated<\/b>: La fonction wp_make_content_images_responsive est\u00a0<strong>obsol\u00e8te<\/strong>\u00a0depuis la version 5.5.0\u00a0! Utilisez wp_filter_content_tags() \u00e0 la place. in\u00a0<b>\/var\/www\/vhosts\/vital.com.tn\/httpsdocs\/wp-includes\/functions.php<\/b>\u00a0on line\u00a0<b>5413<\/b><\/p>\n<div class=\"tab\">\n<h5 class=\"tab-title\"><i class=\"fa fa-square\" aria-hidden=\"true\"><\/i>\u00a0INDICATIONS<\/h5>\n<div class=\"tab-content\">\n<p>Stimule le renouvellement cellulaire<br \/>\nFacilite le processus de r\u00e9paration de la peau<br \/>\nR\u00e9duit les imperfections cutan\u00e9es et laisse<br \/>\nla peau douce et \u00e9clatantE<\/p>\n<\/div>\n<\/div>\n<div class=\"tab\">\n<h5 class=\"tab-title\"><i class=\"fa fa-square\" aria-hidden=\"true\"><\/i>\u00a0COMPOSITIONS<\/h5>\n<div class=\"tab-content\">Alo\u00e8s Vera<\/div>\n<\/div>\n<p><b>Deprecated<\/b>: La fonction wp_make_content_images_responsive est\u00a0<strong>obsol\u00e8te<\/strong>\u00a0depuis la version 5.5.0\u00a0! Utilisez wp_filter_content_tags() \u00e0 la place. in\u00a0<b>\/var\/www\/vhosts\/vital.com.tn\/httpsdocs\/wp-includes\/functions.php<\/b>\u00a0on line\u00a0<b>5413<\/b><\/p>\n<div class=\"tab\">\n<h5 class=\"tab-title\"><i class=\"fa fa-square\" aria-hidden=\"true\"><\/i>\u00a0Conseils d&rsquo;utilisation<\/h5>\n<div class=\"tab-content\">\n<p>Appliquer une noisette de gel sur une peau propre<br \/>\net s\u00e8che, masser l\u00e9g\u00e8rement jusqu\u2019\u00e0 p\u00e9n\u00e9tration<\/p>\n<\/div>\n<\/div>\n","protected":false},"excerpt":{"rendered":"<p>Stimule le renouvellement cellulaireFacilite le processus de r\u00e9paration de la peauR\u00e9duit les imperfections cutan\u00e9es et laissela peau douce et \u00e9clatantE\u00c2\u00a0COMPOSITIONSAlo\u00e9s Vera<\/p>\n","protected":false},"featured_media":26243,"comment_status":"open","ping_status":"closed","template":"","meta":[],"product_cat":[235],"product_tag":[],"class_list":{"0":"post-21056","1":"product","2":"type-product","3":"status-publish","4":"has-post-thumbnail","6":"product_cat-corps","8":"first","9":"instock","10":"shipping-taxable","11":"purchasable","12":"product-type-simple"},"jetpack_sharing_enabled":true,"_links":{"self":[{"href":"https:\/\/para-pharmacity.tn\/index.php?rest_route=\/wp\/v2\/product\/21056","targetHints":{"allow":["GET"]}}],"collection":[{"href":"https:\/\/para-pharmacity.tn\/index.php?rest_route=\/wp\/v2\/product"}],"about":[{"href":"https:\/\/para-pharmacity.tn\/index.php?rest_route=\/wp\/v2\/types\/product"}],"replies":[{"embeddable":true,"href":"https:\/\/para-pharmacity.tn\/index.php?rest_route=%2Fwp%2Fv2%2Fcomments&post=21056"}],"version-history":[{"count":2,"href":"https:\/\/para-pharmacity.tn\/index.php?rest_route=\/wp\/v2\/product\/21056\/revisions"}],"predecessor-version":[{"id":26244,"href":"https:\/\/para-pharmacity.tn\/index.php?rest_route=\/wp\/v2\/product\/21056\/revisions\/26244"}],"wp:featuredmedia":[{"embeddable":true,"href":"https:\/\/para-pharmacity.tn\/index.php?rest_route=\/wp\/v2\/media\/26243"}],"wp:attachment":[{"href":"https:\/\/para-pharmacity.tn\/index.php?rest_route=%2Fwp%2Fv2%2Fmedia&parent=21056"}],"wp:term":[{"taxonomy":"product_cat","embeddable":true,"href":"https:\/\/para-pharmacity.tn\/index.php?rest_route=%2Fwp%2Fv2%2Fproduct_cat&post=21056"},{"taxonomy":"product_tag","embeddable":true,"href":"https:\/\/para-pharmacity.tn\/index.php?rest_route=%2Fwp%2Fv2%2Fproduct_tag&post=21056"}],"curies":[{"name":"wp","href":"https:\/\/api.w.org\/{rel}","templated":true}]}}