{"id":21055,"date":"2024-07-11T10:19:27","date_gmt":"2024-07-11T10:19:27","guid":{"rendered":"https:\/\/para-pharmacity.tn\/?product=vital-grossivit-sirop-250ml"},"modified":"2025-05-21T11:20:31","modified_gmt":"2025-05-21T11:20:31","slug":"vital-grossivit-sirop-250ml","status":"publish","type":"product","link":"https:\/\/para-pharmacity.tn\/?product=vital-grossivit-sirop-250ml","title":{"rendered":"VITAL GROSSIVIT SIROP 250ML"},"content":{"rendered":"<h2>Compl\u00e9ment alimentaire &#8211; sirop prise de poids &#8211; Grossivit &#8211; B\u00e9b\u00e9 &amp; enfant &#8211; 250ml<\/h2>\n<p>Grossivit est un compl\u00e9ment nutritionnel qui favorise la prise de poids et assure un pr\u00e9cieux apport en \u00e9l\u00e9ment nutritifs.<\/p>\n<ul>\n<li><strong>Le pollen<\/strong>\u00a0est un produit de la ruche tr\u00e8s riche en vitamines et en \u00e9l\u00e9ment min\u00e9raux qui assure \u00e0 votre organisme un apport de nutriments pr\u00e9cieux absents dans notre alimentation.<\/li>\n<li><strong>Le F\u00e9nugrec<\/strong>\u00a0est une plante naturellement tr\u00e8s riche en prot\u00e9ines v\u00e9g\u00e9tales.<\/li>\n<li><strong>Le Curcuma<\/strong>\u00a0est consid\u00e9r\u00e9 comme un tonique du syst\u00e8me digestif et un rem\u00e8de contre les troubles digestifs.<\/li>\n<\/ul>\n<h5>indications :<\/h5>\n<ul>\n<li>Favorise la prise de poids<\/li>\n<li>Assure un pr\u00e9cieux apport en \u00e9l\u00e9ments nutritifs<\/li>\n<li>Am\u00e9liore la digestion<\/li>\n<li>Stimule l\u2019app\u00e9tit<\/li>\n<\/ul>\n<h5>Composition :<\/h5>\n<p>Pollen d&rsquo;abeille, Extrait sec de Fenugrec, Extrait sec de Curcuma, Vit C<\/p>\n<h5>Conseils d&rsquo;utilisation :<\/h5>\n<ul>\n<li>Moins de 3 ans : 5ml deux fois par jour<\/li>\n<li>Plus de 3 ans : 5ml trois fois par jour<\/li>\n<\/ul>\n","protected":false},"excerpt":{"rendered":"<div id=\"product-description-short-1379\" class=\"product-description\">\n<p>Manque d&rsquo;app\u00e9tit, Prise de poids, P\u00e9riode de croissance, Activit\u00e9 Physique.<\/p>\n<\/div>\n","protected":false},"featured_media":26252,"comment_status":"open","ping_status":"closed","template":"","meta":[],"product_cat":[286],"product_tag":[],"class_list":{"0":"post-21055","1":"product","2":"type-product","3":"status-publish","4":"has-post-thumbnail","6":"product_cat-complement-alimentaire","8":"first","9":"instock","10":"shipping-taxable","11":"purchasable","12":"product-type-simple"},"jetpack_sharing_enabled":true,"_links":{"self":[{"href":"https:\/\/para-pharmacity.tn\/index.php?rest_route=\/wp\/v2\/product\/21055","targetHints":{"allow":["GET"]}}],"collection":[{"href":"https:\/\/para-pharmacity.tn\/index.php?rest_route=\/wp\/v2\/product"}],"about":[{"href":"https:\/\/para-pharmacity.tn\/index.php?rest_route=\/wp\/v2\/types\/product"}],"replies":[{"embeddable":true,"href":"https:\/\/para-pharmacity.tn\/index.php?rest_route=%2Fwp%2Fv2%2Fcomments&post=21055"}],"version-history":[{"count":2,"href":"https:\/\/para-pharmacity.tn\/index.php?rest_route=\/wp\/v2\/product\/21055\/revisions"}],"predecessor-version":[{"id":26253,"href":"https:\/\/para-pharmacity.tn\/index.php?rest_route=\/wp\/v2\/product\/21055\/revisions\/26253"}],"wp:featuredmedia":[{"embeddable":true,"href":"https:\/\/para-pharmacity.tn\/index.php?rest_route=\/wp\/v2\/media\/26252"}],"wp:attachment":[{"href":"https:\/\/para-pharmacity.tn\/index.php?rest_route=%2Fwp%2Fv2%2Fmedia&parent=21055"}],"wp:term":[{"taxonomy":"product_cat","embeddable":true,"href":"https:\/\/para-pharmacity.tn\/index.php?rest_route=%2Fwp%2Fv2%2Fproduct_cat&post=21055"},{"taxonomy":"product_tag","embeddable":true,"href":"https:\/\/para-pharmacity.tn\/index.php?rest_route=%2Fwp%2Fv2%2Fproduct_tag&post=21055"}],"curies":[{"name":"wp","href":"https:\/\/api.w.org\/{rel}","templated":true}]}}