{"id":21049,"date":"2024-07-11T10:19:24","date_gmt":"2024-07-11T10:19:24","guid":{"rendered":"https:\/\/para-pharmacity.tn\/?product=tynor-poignet-simple-s"},"modified":"2025-06-11T10:14:08","modified_gmt":"2025-06-11T10:14:08","slug":"tynor-poignet-simple-s","status":"publish","type":"product","link":"https:\/\/para-pharmacity.tn\/?product=tynor-poignet-simple-s","title":{"rendered":"TYNOR POIGNET SIMPLE S"},"content":{"rendered":"<section id=\"wrapper\">\n<div id=\"inner-wrapper\" class=\"container\">\n<div id=\"content-wrapper\" class=\"js-content-wrapper\">\n<section id=\"main\">\n<div id=\"main-product-wrapper\" class=\"product-container js-product-container\">\n<div class=\"tabs product-tabs\">\n<div id=\"product-infos-tabs-content\" class=\"tab-content\">\n<div id=\"description\" class=\"tab-pane in active\">\n<div class=\"product-description\">\n<div class=\"rte-content\">\n<p>Poignet Simple\u00a0prot\u00e8ge et immobilise partiellement le poignet.\u00a0Il comprime la zone et retient la chaleur corporelle pour apaiser la douleur et l\u2019inflammation locales.<\/p>\n<ul>\n<li>Adh\u00e9rence suppl\u00e9mentaire.<\/li>\n<li>Extra poreux<\/li>\n<li>Application facile.<\/li>\n<li>Compression contr\u00f4l\u00e9e.<\/li>\n<li>La sangle \u00e9lastique ray\u00e9e de haute qualit\u00e9 est solide et durable, a une porosit\u00e9 \u00e9lev\u00e9e et une excellente r\u00e9sistance \u00e0 la compression, offre un toucher et une sensation confortables.\u00a0Il a un module d\u2019\u00e9lasticit\u00e9 \u00e9lev\u00e9, conserve sa forme et sa taille pendant longtemps.<\/li>\n<li>Les fermetures \u00e0 boucle de crochet offrent une compression personnalis\u00e9e et optimale, assurent un meilleur ajustement, un dimensionnement universel, une application et un retrait faciles.<\/li>\n<\/ul>\n<\/div>\n<\/div>\n<\/div>\n<div id=\"product-details-tab\" class=\"tab-pane \"><\/div>\n<\/div>\n<\/div>\n<\/div>\n<\/section>\n<\/div>\n<\/div>\n<\/section>\n","protected":false},"excerpt":{"rendered":"<p>L\u2019attelle de poignet \u00e0 double verrouillage soutient, prot\u00e8ge et immobilise partiellement le poignet.<\/p>\n","protected":false},"featured_media":26570,"comment_status":"open","ping_status":"closed","template":"","meta":[],"product_cat":[20],"product_tag":[],"class_list":{"0":"post-21049","1":"product","2":"type-product","3":"status-publish","4":"has-post-thumbnail","6":"product_cat-accessories","8":"first","9":"instock","10":"shipping-taxable","11":"purchasable","12":"product-type-simple"},"jetpack_sharing_enabled":true,"_links":{"self":[{"href":"https:\/\/para-pharmacity.tn\/index.php?rest_route=\/wp\/v2\/product\/21049","targetHints":{"allow":["GET"]}}],"collection":[{"href":"https:\/\/para-pharmacity.tn\/index.php?rest_route=\/wp\/v2\/product"}],"about":[{"href":"https:\/\/para-pharmacity.tn\/index.php?rest_route=\/wp\/v2\/types\/product"}],"replies":[{"embeddable":true,"href":"https:\/\/para-pharmacity.tn\/index.php?rest_route=%2Fwp%2Fv2%2Fcomments&post=21049"}],"version-history":[{"count":2,"href":"https:\/\/para-pharmacity.tn\/index.php?rest_route=\/wp\/v2\/product\/21049\/revisions"}],"predecessor-version":[{"id":26569,"href":"https:\/\/para-pharmacity.tn\/index.php?rest_route=\/wp\/v2\/product\/21049\/revisions\/26569"}],"wp:featuredmedia":[{"embeddable":true,"href":"https:\/\/para-pharmacity.tn\/index.php?rest_route=\/wp\/v2\/media\/26570"}],"wp:attachment":[{"href":"https:\/\/para-pharmacity.tn\/index.php?rest_route=%2Fwp%2Fv2%2Fmedia&parent=21049"}],"wp:term":[{"taxonomy":"product_cat","embeddable":true,"href":"https:\/\/para-pharmacity.tn\/index.php?rest_route=%2Fwp%2Fv2%2Fproduct_cat&post=21049"},{"taxonomy":"product_tag","embeddable":true,"href":"https:\/\/para-pharmacity.tn\/index.php?rest_route=%2Fwp%2Fv2%2Fproduct_tag&post=21049"}],"curies":[{"name":"wp","href":"https:\/\/api.w.org\/{rel}","templated":true}]}}