{"id":21042,"date":"2024-07-11T10:19:21","date_gmt":"2024-07-11T10:19:21","guid":{"rendered":"https:\/\/para-pharmacity.tn\/?product=thermogel-kine-pack-l-3035"},"modified":"2025-06-12T16:41:13","modified_gmt":"2025-06-12T16:41:13","slug":"thermogel-kine-pack-l-3035","status":"publish","type":"product","link":"https:\/\/para-pharmacity.tn\/?product=thermogel-kine-pack-l-3035","title":{"rendered":"THERMOGEL KINE PACK L 30*35"},"content":{"rendered":"<p>Pour utiliser chaud : chauffer la poche au micro-ondes pendant quelques secondes ou la plonger dans de l\u2019eau chaude pendant quelques minutes. Pour utiliser froid : placer la poche au cong\u00e9lateur pendant au moins une heure avant utilisation. Toujours envelopper la poche dans un linge fin avant de l\u2019appliquer directement sur la peau pour \u00e9viter les br\u00fblures ou les engelures. Le Polypharma Kin\u00e9 Pack Poche de Gel Chaud Froid Medium 20\u00d730 est un outil polyvalent et pratique pour soulager une vari\u00e9t\u00e9 de douleurs et de blessures. Son design moyen lui permet de traiter des zones plus grandes du corps avec efficacit\u00e9.<\/p>\n","protected":false},"excerpt":{"rendered":"<p><strong data-start=\"0\" data-end=\"30\" data-is-only-node=\"\">Polypharma Kin\u00e9 Pack 20\u00d730<\/strong> soulage par chaud ou froid. \u00c0 chauffer ou congeler, toujours avec un linge. Id\u00e9al pour zones moyennes.<\/p>\n","protected":false},"featured_media":26734,"comment_status":"open","ping_status":"closed","template":"","meta":[],"product_cat":[20],"product_tag":[],"class_list":{"0":"post-21042","1":"product","2":"type-product","3":"status-publish","4":"has-post-thumbnail","6":"product_cat-accessories","8":"first","9":"instock","10":"shipping-taxable","11":"purchasable","12":"product-type-simple"},"jetpack_sharing_enabled":true,"_links":{"self":[{"href":"https:\/\/para-pharmacity.tn\/index.php?rest_route=\/wp\/v2\/product\/21042","targetHints":{"allow":["GET"]}}],"collection":[{"href":"https:\/\/para-pharmacity.tn\/index.php?rest_route=\/wp\/v2\/product"}],"about":[{"href":"https:\/\/para-pharmacity.tn\/index.php?rest_route=\/wp\/v2\/types\/product"}],"replies":[{"embeddable":true,"href":"https:\/\/para-pharmacity.tn\/index.php?rest_route=%2Fwp%2Fv2%2Fcomments&post=21042"}],"version-history":[{"count":2,"href":"https:\/\/para-pharmacity.tn\/index.php?rest_route=\/wp\/v2\/product\/21042\/revisions"}],"predecessor-version":[{"id":26735,"href":"https:\/\/para-pharmacity.tn\/index.php?rest_route=\/wp\/v2\/product\/21042\/revisions\/26735"}],"wp:featuredmedia":[{"embeddable":true,"href":"https:\/\/para-pharmacity.tn\/index.php?rest_route=\/wp\/v2\/media\/26734"}],"wp:attachment":[{"href":"https:\/\/para-pharmacity.tn\/index.php?rest_route=%2Fwp%2Fv2%2Fmedia&parent=21042"}],"wp:term":[{"taxonomy":"product_cat","embeddable":true,"href":"https:\/\/para-pharmacity.tn\/index.php?rest_route=%2Fwp%2Fv2%2Fproduct_cat&post=21042"},{"taxonomy":"product_tag","embeddable":true,"href":"https:\/\/para-pharmacity.tn\/index.php?rest_route=%2Fwp%2Fv2%2Fproduct_tag&post=21042"}],"curies":[{"name":"wp","href":"https:\/\/api.w.org\/{rel}","templated":true}]}}