{"id":20924,"date":"2024-07-11T10:18:25","date_gmt":"2024-07-11T10:18:25","guid":{"rendered":"https:\/\/para-pharmacity.tn\/?product=baumix-nez-bouche-a-partir-de-2-ans100ml"},"modified":"2025-04-24T10:01:29","modified_gmt":"2025-04-24T10:01:29","slug":"baumix-nez-bouche-a-partir-de-2-ans100ml","status":"publish","type":"product","link":"https:\/\/para-pharmacity.tn\/?product=baumix-nez-bouche-a-partir-de-2-ans100ml","title":{"rendered":"baumix nez bouche a partir de 2 ans100ml"},"content":{"rendered":"<p class=\"\" data-start=\"245\" data-end=\"364\"><span class=\"relative -mx-px my-[-0.2rem] rounded px-px py-[0.2rem] transition-colors duration-100 ease-in-out\">Le <strong data-start=\"3\" data-end=\"37\">BAUMIX\u00ae Spray Nasal Nez Bouch\u00e9<\/strong> est formul\u00e9 avec de l\u2019eau de mer atomis\u00e9e hypertonique (22 g\/L), enrichie en sels min\u00e9raux et oligo-\u00e9l\u00e9ments tels que le cuivre, le zinc et le magn\u00e9sium.<\/span> <span class=\"relative -mx-px my-[-0.2rem] rounded px-px py-[0.2rem] transition-colors duration-100 ease-in-out\">Gr\u00e2ce \u00e0 son action osmotique, il d\u00e9congestionne efficacement les voies nasales en attirant l\u2019eau des tissus enfl\u00e9s, r\u00e9duisant ainsi l\u2019inflammation et facilitant l\u2019\u00e9limination du mucus.<\/span>\u200b<\/p>\n<p class=\"\" data-start=\"366\" data-end=\"392\"><strong data-start=\"366\" data-end=\"392\">Principaux bienfaits :<\/strong><\/p>\n<ul data-start=\"394\" data-end=\"643\">\n<li class=\"\" data-start=\"394\" data-end=\"433\">\n<p class=\"\" data-start=\"396\" data-end=\"433\"><span class=\"relative -mx-px my-[-0.2rem] rounded px-px py-[0.2rem] transition-colors duration-100 ease-in-out\">D\u00e9congestionne le nez bouch\u00e9 en cas de rhume, sinusite ou allergies saisonni\u00e8res.<\/span><\/p>\n<\/li>\n<li class=\"\" data-start=\"434\" data-end=\"473\">\n<p class=\"\" data-start=\"436\" data-end=\"473\"><span class=\"relative -mx-px my-[-0.2rem] rounded px-px py-[0.2rem] transition-colors duration-100 ease-in-out\">Fluidifie le mucus et facilite son \u00e9vacuation.<\/span><\/p>\n<\/li>\n<li class=\"\" data-start=\"474\" data-end=\"513\">\n<p class=\"\" data-start=\"476\" data-end=\"513\"><span class=\"relative -mx-px my-[-0.2rem] rounded px-px py-[0.2rem] transition-colors duration-100 ease-in-out\">\u00c9limine les agents infectieux et allerg\u00e8nes.<\/span><\/p>\n<\/li>\n<li class=\"\" data-start=\"514\" data-end=\"555\">\n<p class=\"\" data-start=\"516\" data-end=\"555\"><span class=\"relative -mx-px my-[-0.2rem] rounded px-px py-[0.2rem] transition-colors duration-100 ease-in-out\">Respecte la muqueuse nasale sans l\u2019irriter.<\/span><\/p>\n<\/li>\n<li class=\"\" data-start=\"556\" data-end=\"643\">\n<p class=\"\" data-start=\"558\" data-end=\"643\"><span class=\"relative -mx-px my-[-0.2rem] rounded px-px py-[0.2rem] transition-colors duration-100 ease-in-out\">Convient aux enfants d\u00e8s 2 ans, aux adultes, aux femmes enceintes et allaitantes.<\/span><\/p>\n<\/li>\n<\/ul>\n<p class=\"\" data-start=\"645\" data-end=\"673\"><strong data-start=\"645\" data-end=\"673\">Conseils d&rsquo;utilisation :<\/strong><\/p>\n<ul data-start=\"675\" data-end=\"804\">\n<li class=\"\" data-start=\"675\" data-end=\"716\">\n<p class=\"\" data-start=\"677\" data-end=\"716\"><span class=\"relative -mx-px my-[-0.2rem] rounded px-px py-[0.2rem] transition-colors duration-100 ease-in-out\">Effectuer 1 \u00e0 3 pulv\u00e9risations dans chaque narine, 2 \u00e0 3 fois par jour.<\/span><\/p>\n<\/li>\n<li class=\"\" data-start=\"717\" data-end=\"804\">\n<p class=\"\" data-start=\"719\" data-end=\"804\"><span class=\"relative -mx-px my-[-0.2rem] rounded px-px py-[0.2rem] transition-colors duration-100 ease-in-out\">Nettoyer l&#8217;embout apr\u00e8s chaque utilisation pour garantir une hygi\u00e8ne optimale.<\/span><\/p>\n<\/li>\n<\/ul>\n<p class=\"\" data-start=\"806\" data-end=\"839\"><strong data-start=\"806\" data-end=\"839\">Caract\u00e9ristiques techniques :<\/strong><\/p>\n<ul data-start=\"841\" data-end=\"1012\">\n<li class=\"\" data-start=\"841\" data-end=\"882\">\n<p class=\"\" data-start=\"843\" data-end=\"882\"><span class=\"relative -mx-px my-[-0.2rem] rounded px-px py-[0.2rem] transition-colors duration-100 ease-in-out\">Syst\u00e8me de pulv\u00e9risation sans conservateur avec valve anti-reflux.<\/span><\/p>\n<\/li>\n<li class=\"\" data-start=\"883\" data-end=\"924\">\n<p class=\"\" data-start=\"885\" data-end=\"924\"><span class=\"relative -mx-px my-[-0.2rem] rounded px-px py-[0.2rem] transition-colors duration-100 ease-in-out\">Embout ergonomique facile \u00e0 nettoyer.<\/span><\/p>\n<\/li>\n<li class=\"\" data-start=\"925\" data-end=\"1012\">\n<p class=\"\" data-start=\"927\" data-end=\"1012\"><span class=\"relative -mx-px my-[-0.2rem] rounded px-px py-[0.2rem] bg-[#FCECC1] dark:bg-[#64572A] transition-colors duration-100 ease-in-out\">Sans gaz propulseur irritant.<\/span><\/p>\n<\/li>\n<\/ul>\n","protected":false},"excerpt":{"rendered":"<p><span class=\"relative -mx-px my-[-0.2rem] rounded px-px py-[0.2rem] transition-colors duration-100 ease-in-out\">Spray nasal hypertonique \u00e0 base d&rsquo;eau de mer 100% naturelle, destin\u00e9 \u00e0 d\u00e9congestionner le nez bouch\u00e9 et \u00e0 faciliter la respiration d\u00e8s 2 ans.<\/span>\u200b<\/p>\n","protected":false},"featured_media":25571,"comment_status":"open","ping_status":"closed","template":"","meta":[],"product_cat":[243],"product_tag":[],"class_list":{"0":"post-20924","1":"product","2":"type-product","3":"status-publish","4":"has-post-thumbnail","6":"product_cat-bebe-et-maman","8":"first","9":"instock","10":"shipping-taxable","11":"purchasable","12":"product-type-simple"},"jetpack_sharing_enabled":true,"_links":{"self":[{"href":"https:\/\/para-pharmacity.tn\/index.php?rest_route=\/wp\/v2\/product\/20924","targetHints":{"allow":["GET"]}}],"collection":[{"href":"https:\/\/para-pharmacity.tn\/index.php?rest_route=\/wp\/v2\/product"}],"about":[{"href":"https:\/\/para-pharmacity.tn\/index.php?rest_route=\/wp\/v2\/types\/product"}],"replies":[{"embeddable":true,"href":"https:\/\/para-pharmacity.tn\/index.php?rest_route=%2Fwp%2Fv2%2Fcomments&post=20924"}],"version-history":[{"count":2,"href":"https:\/\/para-pharmacity.tn\/index.php?rest_route=\/wp\/v2\/product\/20924\/revisions"}],"predecessor-version":[{"id":25572,"href":"https:\/\/para-pharmacity.tn\/index.php?rest_route=\/wp\/v2\/product\/20924\/revisions\/25572"}],"wp:featuredmedia":[{"embeddable":true,"href":"https:\/\/para-pharmacity.tn\/index.php?rest_route=\/wp\/v2\/media\/25571"}],"wp:attachment":[{"href":"https:\/\/para-pharmacity.tn\/index.php?rest_route=%2Fwp%2Fv2%2Fmedia&parent=20924"}],"wp:term":[{"taxonomy":"product_cat","embeddable":true,"href":"https:\/\/para-pharmacity.tn\/index.php?rest_route=%2Fwp%2Fv2%2Fproduct_cat&post=20924"},{"taxonomy":"product_tag","embeddable":true,"href":"https:\/\/para-pharmacity.tn\/index.php?rest_route=%2Fwp%2Fv2%2Fproduct_tag&post=20924"}],"curies":[{"name":"wp","href":"https:\/\/api.w.org\/{rel}","templated":true}]}}