{"id":20922,"date":"2024-07-11T10:18:24","date_gmt":"2024-07-11T10:18:24","guid":{"rendered":"https:\/\/para-pharmacity.tn\/?product=bambini-kit-manucure-4-pieces-479"},"modified":"2025-04-21T15:11:55","modified_gmt":"2025-04-21T15:11:55","slug":"bambini-kit-manucure-4-pieces-479","status":"publish","type":"product","link":"https:\/\/para-pharmacity.tn\/?product=bambini-kit-manucure-4-pieces-479","title":{"rendered":"BAMBINI KIT MANUCURE 4 PIECES 479"},"content":{"rendered":"<p class=\"\" data-start=\"482\" data-end=\"735\">Le <strong data-start=\"485\" data-end=\"529\">BAMBINI Kit Manucure 4 Pi\u00e8ces (R\u00e9f. 479)<\/strong> est l&rsquo;ensemble id\u00e9al pour prendre soin des ongles de votre b\u00e9b\u00e9 en toute s\u00e9curit\u00e9. Con\u00e7u pour r\u00e9pondre aux besoins sp\u00e9cifiques des tout-petits, ce kit comprend :\u200b<\/p>\n<ul data-start=\"737\" data-end=\"1237\">\n<li class=\"\" data-start=\"737\" data-end=\"868\">\n<p class=\"\" data-start=\"739\" data-end=\"868\"><strong data-start=\"739\" data-end=\"772\">Des ciseaux \u00e0 lame inoxydable<\/strong> : pour une d\u00e9coupe pr\u00e9cise et s\u00e9curis\u00e9e des ongles.\u200b<\/p>\n<\/li>\n<li class=\"\" data-start=\"870\" data-end=\"1009\">\n<p class=\"\" data-start=\"872\" data-end=\"1009\"><strong data-start=\"872\" data-end=\"896\">Un coupe-ongles doux<\/strong> : adapt\u00e9 aux ongles fins des b\u00e9b\u00e9s, permettant une coupe en douceur.\u200b<\/p>\n<\/li>\n<li class=\"\" data-start=\"1011\" data-end=\"1127\">\n<p class=\"\" data-start=\"1013\" data-end=\"1127\"><strong data-start=\"1013\" data-end=\"1043\">Une lime en verre arrondie<\/strong> : <span class=\"relative -mx-px my-[-0.2rem] rounded px-px py-[0.2rem] transition-colors duration-100 ease-in-out\">pour polir les bords des ongles sans risque d&rsquo;irritation.<\/span>\u200b<\/p>\n<\/li>\n<li class=\"\" data-start=\"1129\" data-end=\"1237\">\n<p class=\"\" data-start=\"1131\" data-end=\"1237\"><strong data-start=\"1131\" data-end=\"1153\">Une pince \u00e0 ongles<\/strong> : <span class=\"relative -mx-px my-[-0.2rem] rounded px-px py-[0.2rem] transition-colors duration-100 ease-in-out\">facilitant la r\u00e9cup\u00e9ration des petits bouts d&rsquo;ongles coup\u00e9s<\/span><\/p>\n<\/li>\n<\/ul>\n<p class=\"\" data-start=\"1239\" data-end=\"1360\"><span class=\"relative -mx-px my-[-0.2rem] rounded px-px py-[0.2rem] transition-colors duration-100 ease-in-out\">L&rsquo;ensemble est pr\u00e9sent\u00e9 dans une bo\u00eete de rangement hygi\u00e9nique, id\u00e9ale pour le transport et le stockage.<\/span> <span class=\"relative -mx-px my-[-0.2rem] rounded px-px py-[0.2rem] transition-colors duration-100 ease-in-out\">Ce kit est un indispensable pour assurer l&rsquo;hygi\u00e8ne et le confort de votre b\u00e9b\u00e9.<\/span>\u200b<\/p>\n","protected":false},"excerpt":{"rendered":"<p class=\"\" data-start=\"132\" data-end=\"444\">Le kit manucure BAMBINI 479 est sp\u00e9cialement con\u00e7u pour l&rsquo;entretien des ongles d\u00e9licats de b\u00e9b\u00e9. Il comprend des ciseaux en acier inoxydable, un coupe-ongles doux, une lime en verre arrondie et une pince \u00e0 ongles, le tout pr\u00e9sent\u00e9 dans une bo\u00eete de rangement pratique.\u200b<\/p>\n","protected":false},"featured_media":25487,"comment_status":"open","ping_status":"closed","template":"","meta":[],"product_cat":[243],"product_tag":[],"class_list":{"0":"post-20922","1":"product","2":"type-product","3":"status-publish","4":"has-post-thumbnail","6":"product_cat-bebe-et-maman","8":"first","9":"instock","10":"shipping-taxable","11":"purchasable","12":"product-type-simple"},"jetpack_sharing_enabled":true,"_links":{"self":[{"href":"https:\/\/para-pharmacity.tn\/index.php?rest_route=\/wp\/v2\/product\/20922","targetHints":{"allow":["GET"]}}],"collection":[{"href":"https:\/\/para-pharmacity.tn\/index.php?rest_route=\/wp\/v2\/product"}],"about":[{"href":"https:\/\/para-pharmacity.tn\/index.php?rest_route=\/wp\/v2\/types\/product"}],"replies":[{"embeddable":true,"href":"https:\/\/para-pharmacity.tn\/index.php?rest_route=%2Fwp%2Fv2%2Fcomments&post=20922"}],"version-history":[{"count":2,"href":"https:\/\/para-pharmacity.tn\/index.php?rest_route=\/wp\/v2\/product\/20922\/revisions"}],"predecessor-version":[{"id":25489,"href":"https:\/\/para-pharmacity.tn\/index.php?rest_route=\/wp\/v2\/product\/20922\/revisions\/25489"}],"wp:featuredmedia":[{"embeddable":true,"href":"https:\/\/para-pharmacity.tn\/index.php?rest_route=\/wp\/v2\/media\/25487"}],"wp:attachment":[{"href":"https:\/\/para-pharmacity.tn\/index.php?rest_route=%2Fwp%2Fv2%2Fmedia&parent=20922"}],"wp:term":[{"taxonomy":"product_cat","embeddable":true,"href":"https:\/\/para-pharmacity.tn\/index.php?rest_route=%2Fwp%2Fv2%2Fproduct_cat&post=20922"},{"taxonomy":"product_tag","embeddable":true,"href":"https:\/\/para-pharmacity.tn\/index.php?rest_route=%2Fwp%2Fv2%2Fproduct_tag&post=20922"}],"curies":[{"name":"wp","href":"https:\/\/api.w.org\/{rel}","templated":true}]}}