{"id":20914,"date":"2024-07-11T10:18:22","date_gmt":"2024-07-11T10:18:22","guid":{"rendered":"https:\/\/para-pharmacity.tn\/?product=acide-salicylique-coff-para-1005gr"},"modified":"2025-04-14T10:16:01","modified_gmt":"2025-04-14T10:16:01","slug":"acide-salicylique-coff-para-1005gr","status":"publish","type":"product","link":"https:\/\/para-pharmacity.tn\/?product=acide-salicylique-coff-para-1005gr","title":{"rendered":"ACIDE SALICYLIQUE COFF PARA 100*5GR"},"content":{"rendered":"","protected":false},"excerpt":{"rendered":"<p class=\"\" data-start=\"76\" data-end=\"215\"><strong data-start=\"76\" data-end=\"127\">Acide Salicylique COFF PARA \u2013 100 sachets de 5g<\/strong><br data-start=\"127\" data-end=\"130\" \/>Poudre \u00e0 usage externe, utilis\u00e9e pour ses propri\u00e9t\u00e9s k\u00e9ratolytiques et antiseptiques.<\/p>\n<ul data-start=\"217\" data-end=\"516\">\n<li class=\"\" data-start=\"217\" data-end=\"324\">\n<p class=\"\" data-start=\"219\" data-end=\"324\">Contient <strong data-start=\"228\" data-end=\"254\">de l&rsquo;acide salicylique<\/strong>, efficace contre les affections cutan\u00e9es (verrues, cors, durillons)<\/p>\n<\/li>\n<li class=\"\" data-start=\"325\" data-end=\"389\">\n<p class=\"\" data-start=\"327\" data-end=\"389\"><strong data-start=\"327\" data-end=\"355\">Conditionnement pratique<\/strong> : 100 sachets individuels de 5g<\/p>\n<\/li>\n<li class=\"\" data-start=\"390\" data-end=\"470\">\n<p class=\"\" data-start=\"392\" data-end=\"470\">Aide \u00e0 \u00e9liminer les cellules mortes et favorise le renouvellement de la peau<\/p>\n<\/li>\n<li class=\"\" data-start=\"471\" data-end=\"516\">\n<p class=\"\" data-start=\"473\" data-end=\"516\">Utilisation locale sur peau propre et s\u00e8che<\/p>\n<\/li>\n<\/ul>\n","protected":false},"featured_media":24994,"comment_status":"open","ping_status":"closed","template":"","meta":[],"product_cat":[202],"product_tag":[],"class_list":{"0":"post-20914","1":"product","2":"type-product","3":"status-publish","4":"has-post-thumbnail","6":"product_cat-consommable","8":"first","9":"instock","10":"shipping-taxable","11":"purchasable","12":"product-type-simple"},"jetpack_sharing_enabled":true,"_links":{"self":[{"href":"https:\/\/para-pharmacity.tn\/index.php?rest_route=\/wp\/v2\/product\/20914","targetHints":{"allow":["GET"]}}],"collection":[{"href":"https:\/\/para-pharmacity.tn\/index.php?rest_route=\/wp\/v2\/product"}],"about":[{"href":"https:\/\/para-pharmacity.tn\/index.php?rest_route=\/wp\/v2\/types\/product"}],"replies":[{"embeddable":true,"href":"https:\/\/para-pharmacity.tn\/index.php?rest_route=%2Fwp%2Fv2%2Fcomments&post=20914"}],"version-history":[{"count":1,"href":"https:\/\/para-pharmacity.tn\/index.php?rest_route=\/wp\/v2\/product\/20914\/revisions"}],"predecessor-version":[{"id":24995,"href":"https:\/\/para-pharmacity.tn\/index.php?rest_route=\/wp\/v2\/product\/20914\/revisions\/24995"}],"wp:featuredmedia":[{"embeddable":true,"href":"https:\/\/para-pharmacity.tn\/index.php?rest_route=\/wp\/v2\/media\/24994"}],"wp:attachment":[{"href":"https:\/\/para-pharmacity.tn\/index.php?rest_route=%2Fwp%2Fv2%2Fmedia&parent=20914"}],"wp:term":[{"taxonomy":"product_cat","embeddable":true,"href":"https:\/\/para-pharmacity.tn\/index.php?rest_route=%2Fwp%2Fv2%2Fproduct_cat&post=20914"},{"taxonomy":"product_tag","embeddable":true,"href":"https:\/\/para-pharmacity.tn\/index.php?rest_route=%2Fwp%2Fv2%2Fproduct_tag&post=20914"}],"curies":[{"name":"wp","href":"https:\/\/api.w.org\/{rel}","templated":true}]}}