{"id":20907,"date":"2024-07-11T10:18:15","date_gmt":"2024-07-11T10:18:15","guid":{"rendered":"https:\/\/para-pharmacity.tn\/?product=vitilo-regul-zones-depig-30cp"},"modified":"2025-05-07T09:52:53","modified_gmt":"2025-05-07T09:52:53","slug":"vitilo-regul-zones-depig-30cp","status":"publish","type":"product","link":"https:\/\/para-pharmacity.tn\/?product=vitilo-regul-zones-depig-30cp","title":{"rendered":"VITILO REGUL ZONES DEPIG 30CP"},"content":{"rendered":"<p>Le Compl\u00e9ment Alimentaire\u00a0Vitilo\u00ae, formul\u00e9 pour les peaux d\u00e9pigment\u00e9es, est riche en vitamines (C, E, B9, B12) et min\u00e9raux (S\u00e9l\u00e9nium, Cuivre, Zinc).\u00a0Vitilo\u00ae\u00a0Compl\u00e9ment Alimentaire est un r\u00e9gulateur de la d\u00e9pigmentation sous forme de comprim\u00e9s. Une bo\u00eete de 30 comprim\u00e9s associe des antioxydants primaires et secondaires pour aider l\u2019organisme \u00e0 faire face aux p\u00e9riodes de production excessive de radicaux libres.<\/p>\n<p class=\"bullet-para\">1 comprim\u00e9 par jour avec un peu d\u2019eau au cours d\u2019un repas pendant 3 \u00e0 6 mois.<\/p>\n<p class=\"bullet-para\">Ne pas d\u00e9passer la dose journali\u00e8re recommand\u00e9e.<\/p>\n","protected":false},"excerpt":{"rendered":"<p>Le Compl\u00e9ment Alimentaire\u00a0Vitilo, formul\u00e9 pour les peaux d\u00e9pigment\u00e9es, est riche en vitamines (C, E, B9, B12) et min\u00e9raux (S\u00e9l\u00e9nium, Cuivre, Zinc).<\/p>\n","protected":false},"featured_media":25936,"comment_status":"open","ping_status":"closed","template":"","meta":[],"product_cat":[20],"product_tag":[],"class_list":{"0":"post-20907","1":"product","2":"type-product","3":"status-publish","4":"has-post-thumbnail","6":"product_cat-accessories","8":"first","9":"instock","10":"shipping-taxable","11":"purchasable","12":"product-type-simple"},"jetpack_sharing_enabled":true,"_links":{"self":[{"href":"https:\/\/para-pharmacity.tn\/index.php?rest_route=\/wp\/v2\/product\/20907","targetHints":{"allow":["GET"]}}],"collection":[{"href":"https:\/\/para-pharmacity.tn\/index.php?rest_route=\/wp\/v2\/product"}],"about":[{"href":"https:\/\/para-pharmacity.tn\/index.php?rest_route=\/wp\/v2\/types\/product"}],"replies":[{"embeddable":true,"href":"https:\/\/para-pharmacity.tn\/index.php?rest_route=%2Fwp%2Fv2%2Fcomments&post=20907"}],"version-history":[{"count":2,"href":"https:\/\/para-pharmacity.tn\/index.php?rest_route=\/wp\/v2\/product\/20907\/revisions"}],"predecessor-version":[{"id":25937,"href":"https:\/\/para-pharmacity.tn\/index.php?rest_route=\/wp\/v2\/product\/20907\/revisions\/25937"}],"wp:featuredmedia":[{"embeddable":true,"href":"https:\/\/para-pharmacity.tn\/index.php?rest_route=\/wp\/v2\/media\/25936"}],"wp:attachment":[{"href":"https:\/\/para-pharmacity.tn\/index.php?rest_route=%2Fwp%2Fv2%2Fmedia&parent=20907"}],"wp:term":[{"taxonomy":"product_cat","embeddable":true,"href":"https:\/\/para-pharmacity.tn\/index.php?rest_route=%2Fwp%2Fv2%2Fproduct_cat&post=20907"},{"taxonomy":"product_tag","embeddable":true,"href":"https:\/\/para-pharmacity.tn\/index.php?rest_route=%2Fwp%2Fv2%2Fproduct_tag&post=20907"}],"curies":[{"name":"wp","href":"https:\/\/api.w.org\/{rel}","templated":true}]}}