{"id":20898,"date":"2024-07-11T10:18:12","date_gmt":"2024-07-11T10:18:12","guid":{"rendered":"https:\/\/para-pharmacity.tn\/?product=uriage-bariesun-spf-50-fluide-ultra"},"modified":"2025-06-02T11:00:32","modified_gmt":"2025-06-02T11:00:32","slug":"uriage-bariesun-spf-50-fluide-ultra","status":"publish","type":"product","link":"https:\/\/para-pharmacity.tn\/?product=uriage-bariesun-spf-50-fluide-ultra","title":{"rendered":"URIAGE BARIESUN SPF 50+ FLUIDE ULTRA"},"content":{"rendered":"<p>Le Fluide Ultra-L\u00e9ger SPF50+ \u00a0de la gamme Bari\u00e9sun d\u2019URIAGE a \u00e9t\u00e9 sp\u00e9cialement d\u00e9velopp\u00e9 pour les peaux sensibles. Il apporte une tr\u00e8s haute protection contre les UVA, les UVB et les radicaux libres. Gr\u00e2ce \u00e0 sa texture ultra-fluide r\u00e9sistante \u00e0 l\u2019eau, il assure une p\u00e9n\u00e9tration rapide et un fini sec, sans effet blanc. De plus, son format de poche le rend tr\u00e8s pratique d&rsquo;utilisation, en toute occasion.<\/p>\n<p>Ce fluide l\u00e9ger sans parfum pr\u00e9vient contre le photo-vieillissement. En effet, l\u2019Eau Thermale d\u2019Uriage aide \u00e0 lutter contre les m\u00e9faits du soleil. Ainsi, la barri\u00e8re cutan\u00e9e est renforc\u00e9e et l\u2019ADN est prot\u00e9g\u00e9 de sa d\u00e9gradation par les UV.<\/p>\n<p>Gr\u00e2ce \u00e0 son complexe de filtres de derni\u00e8re g\u00e9n\u00e9ration, il apporte une tr\u00e8s haute protection solaire. Ce soin garantit une large couverture UVB-UVA et une tr\u00e8s haute tol\u00e9rance.<\/p>\n<p><strong>Conseils d&rsquo;utilisation :<\/strong><\/p>\n<p>Agiter avant emploi. Avant l\u2019exposition, appliquer une dose suffisante pour bien couvrir la zone expos\u00e9e, par exemple l\u2019\u00e9quivalent d\u2019une cuill\u00e8re \u00e0 caf\u00e9 de produit pour le visage et le cou. La r\u00e9duction de cette quantit\u00e9 diminue le niveau de protection. Renouveler l\u2019application fr\u00e9quemment, surtout apr\u00e8s avoir transpir\u00e9, nag\u00e9 ou s\u2019\u00eatre essuy\u00e9. M\u00eame bien prot\u00e9g\u00e9, r\u00e9duire au maximum l\u2019exposition. Ne pas exposer les b\u00e9b\u00e9s et les jeunes enfants directement au soleil.<\/p>\n","protected":false},"excerpt":{"rendered":"<p>Ce fluide, sp\u00e9cialement d\u00e9velopp\u00e9 pour les peaux sensibles, apporte une tr\u00e8s haute protection contre les UVA, les UVB et les radicaux libres.<\/p>\n","protected":false},"featured_media":26502,"comment_status":"open","ping_status":"closed","template":"","meta":[],"product_cat":[213],"product_tag":[],"class_list":{"0":"post-20898","1":"product","2":"type-product","3":"status-publish","4":"has-post-thumbnail","6":"product_cat-visage","8":"first","9":"instock","10":"shipping-taxable","11":"purchasable","12":"product-type-simple"},"jetpack_sharing_enabled":true,"_links":{"self":[{"href":"https:\/\/para-pharmacity.tn\/index.php?rest_route=\/wp\/v2\/product\/20898","targetHints":{"allow":["GET"]}}],"collection":[{"href":"https:\/\/para-pharmacity.tn\/index.php?rest_route=\/wp\/v2\/product"}],"about":[{"href":"https:\/\/para-pharmacity.tn\/index.php?rest_route=\/wp\/v2\/types\/product"}],"replies":[{"embeddable":true,"href":"https:\/\/para-pharmacity.tn\/index.php?rest_route=%2Fwp%2Fv2%2Fcomments&post=20898"}],"version-history":[{"count":2,"href":"https:\/\/para-pharmacity.tn\/index.php?rest_route=\/wp\/v2\/product\/20898\/revisions"}],"predecessor-version":[{"id":26503,"href":"https:\/\/para-pharmacity.tn\/index.php?rest_route=\/wp\/v2\/product\/20898\/revisions\/26503"}],"wp:featuredmedia":[{"embeddable":true,"href":"https:\/\/para-pharmacity.tn\/index.php?rest_route=\/wp\/v2\/media\/26502"}],"wp:attachment":[{"href":"https:\/\/para-pharmacity.tn\/index.php?rest_route=%2Fwp%2Fv2%2Fmedia&parent=20898"}],"wp:term":[{"taxonomy":"product_cat","embeddable":true,"href":"https:\/\/para-pharmacity.tn\/index.php?rest_route=%2Fwp%2Fv2%2Fproduct_cat&post=20898"},{"taxonomy":"product_tag","embeddable":true,"href":"https:\/\/para-pharmacity.tn\/index.php?rest_route=%2Fwp%2Fv2%2Fproduct_tag&post=20898"}],"curies":[{"name":"wp","href":"https:\/\/api.w.org\/{rel}","templated":true}]}}