{"id":20895,"date":"2024-07-11T10:18:10","date_gmt":"2024-07-11T10:18:10","guid":{"rendered":"https:\/\/para-pharmacity.tn\/?product=tynor-lombostat-renforce-special"},"modified":"2025-06-11T10:43:42","modified_gmt":"2025-06-11T10:43:42","slug":"tynor-lombostat-renforce-special","status":"publish","type":"product","link":"https:\/\/para-pharmacity.tn\/?product=tynor-lombostat-renforce-special","title":{"rendered":"TYNOR LOMBOSTAT RENFORCE SPECIAL"},"content":{"rendered":"<p>la ceinture abdominale renforc\u00e9e tynor a-03 soutient et comprime les muscles abdominaux, contribuant \u00e0 r\u00e9duire la taille, et est particuli\u00e8rement utile en tant qu&rsquo;aide postop\u00e9ratoire ou apr\u00e8s l&rsquo;accouchement. voici ses caract\u00e9ristiques principales :<\/p>\n<p>mat\u00e9riaux respirants et dermatophiles : la ceinture est fabriqu\u00e9e avec des mat\u00e9riaux respirants et dermatophiles, \u00e9vitant tout retournement ou flambage. elle offre ainsi un confort optimal.<\/p>\n<p>sangle poreuse \u00e0 trois panneaux : am\u00e9liore la ventilation et le confort gr\u00e2ce \u00e0 sa conception poreuse en trois panneaux.<\/p>\n<p>large panneau de ruban auto-agrippant : offre une meilleure flexibilit\u00e9 de maintien et de dimensionnement, assurant un ajustement pr\u00e9cis et confortable.<\/p>\n<p>compression optimale : tonifie les muscles abdominaux apr\u00e8s une chirurgie ou une grossesse, offrant un soutien id\u00e9al. la compression optimale lie les incisions chirurgicales, favorisant une cicatrisation am\u00e9lior\u00e9e de l&rsquo;abdomen et de la poitrine.<\/p>\n<p>soulagement de la douleur : fournit un soulagement de la douleur lors des mouvements ou de la toux, am\u00e9liorant ainsi le confort du patient.<\/p>\n<p>rembourrages en nylon sp\u00e9ciaux : pr\u00e9viennent le roulement de la ceinture, assurant un positionnement stable et confortable.<\/p>\n<p>utilisation dans une hernie ventrale : peut \u00eatre utilis\u00e9e dans le cas d&rsquo;une hernie ventrale, offrant un soutien additionnel \u00e0 la zone concern\u00e9e.<\/p>\n<p>cette ceinture abdominale renforc\u00e9e est con\u00e7ue pour r\u00e9pondre aux besoins postop\u00e9ratoires ou post-accouchement, en offrant un soutien optimal, une compression ajustable et un confort tout au long de son utilisation.<\/p>\n","protected":false},"excerpt":{"rendered":"<p>la ceinture abdominale renforc\u00e9e tynor a-03 soutient et comprime les muscles abdominaux, contribuant \u00e0 r\u00e9duire la taille, et est particuli\u00e8rement utile en tant qu&rsquo;aide postop\u00e9ratoire ou apr\u00e8s l&rsquo;accouchement.<\/p>\n","protected":false},"featured_media":26578,"comment_status":"open","ping_status":"closed","template":"","meta":[],"product_cat":[20],"product_tag":[],"class_list":{"0":"post-20895","1":"product","2":"type-product","3":"status-publish","4":"has-post-thumbnail","6":"product_cat-accessories","8":"first","9":"instock","10":"shipping-taxable","11":"purchasable","12":"product-type-simple"},"jetpack_sharing_enabled":true,"_links":{"self":[{"href":"https:\/\/para-pharmacity.tn\/index.php?rest_route=\/wp\/v2\/product\/20895","targetHints":{"allow":["GET"]}}],"collection":[{"href":"https:\/\/para-pharmacity.tn\/index.php?rest_route=\/wp\/v2\/product"}],"about":[{"href":"https:\/\/para-pharmacity.tn\/index.php?rest_route=\/wp\/v2\/types\/product"}],"replies":[{"embeddable":true,"href":"https:\/\/para-pharmacity.tn\/index.php?rest_route=%2Fwp%2Fv2%2Fcomments&post=20895"}],"version-history":[{"count":2,"href":"https:\/\/para-pharmacity.tn\/index.php?rest_route=\/wp\/v2\/product\/20895\/revisions"}],"predecessor-version":[{"id":26579,"href":"https:\/\/para-pharmacity.tn\/index.php?rest_route=\/wp\/v2\/product\/20895\/revisions\/26579"}],"wp:featuredmedia":[{"embeddable":true,"href":"https:\/\/para-pharmacity.tn\/index.php?rest_route=\/wp\/v2\/media\/26578"}],"wp:attachment":[{"href":"https:\/\/para-pharmacity.tn\/index.php?rest_route=%2Fwp%2Fv2%2Fmedia&parent=20895"}],"wp:term":[{"taxonomy":"product_cat","embeddable":true,"href":"https:\/\/para-pharmacity.tn\/index.php?rest_route=%2Fwp%2Fv2%2Fproduct_cat&post=20895"},{"taxonomy":"product_tag","embeddable":true,"href":"https:\/\/para-pharmacity.tn\/index.php?rest_route=%2Fwp%2Fv2%2Fproduct_tag&post=20895"}],"curies":[{"name":"wp","href":"https:\/\/api.w.org\/{rel}","templated":true}]}}