{"id":20894,"date":"2024-07-11T10:18:09","date_gmt":"2024-07-11T10:18:09","guid":{"rendered":"https:\/\/para-pharmacity.tn\/?product=tynor-chevillere-ligamentaire-immob"},"modified":"2025-06-11T15:53:07","modified_gmt":"2025-06-11T15:53:07","slug":"tynor-chevillere-ligamentaire-immob","status":"publish","type":"product","link":"https:\/\/para-pharmacity.tn\/?product=tynor-chevillere-ligamentaire-immob","title":{"rendered":"TYNOR CHEVILLERE LIGAMENTAIRE IMMOB"},"content":{"rendered":"<p><strong>Poignet Pouce Arthrose\u00a0<\/strong>est un appareil pratique con\u00e7u pour immobiliser le pouce en position d\u2019abduction (fonctionnellement neutre).\u00a0Soutenez l\u2019articulation CMC et immobilisez l\u2019articulation MCP du pouce sans emp\u00eacher le mouvement de la main.<\/p>\n<ul>\n<li>Intelligent et \u00e9l\u00e9gant<\/li>\n<li>Matrice respirante<\/li>\n<li>Attelle mall\u00e9able amovible<\/li>\n<li>Permet le libre mouvement de la main<\/li>\n<\/ul>\n<ul>\n<li>Fabriqu\u00e9 en tissu fusionn\u00e9 PUF respirant \u00e0 3 couches qui est durable, est tr\u00e8s confortable et a une excellente esth\u00e9tique.<\/li>\n<li>Il a une attelle mall\u00e9able amovible qui fournit un abduction personnalis\u00e9e du pouce, assure une excellente immobilisation et stabilit\u00e9 aux articulations CMC et MCP<\/li>\n<li>La conception ergonomique permet un mouvement complet des mains et des doigts.\u00a0Il est \u00e9l\u00e9gant, tendance et confortable<\/li>\n<\/ul>\n","protected":false},"excerpt":{"rendered":"<p>la chevill\u00e8re tynor avec lacets est con\u00e7ue pour soutenir, stabiliser et limiter la gamme de mouvements de l&rsquo;articulation de la cheville. elle est utilis\u00e9e en cas de blessure ou pour offrir une protection aux personnes sujettes aux entorses de la cheville.<\/p>\n","protected":false},"featured_media":26633,"comment_status":"open","ping_status":"closed","template":"","meta":[],"product_cat":[20],"product_tag":[],"class_list":{"0":"post-20894","1":"product","2":"type-product","3":"status-publish","4":"has-post-thumbnail","6":"product_cat-accessories","8":"first","9":"instock","10":"shipping-taxable","11":"purchasable","12":"product-type-simple"},"jetpack_sharing_enabled":true,"_links":{"self":[{"href":"https:\/\/para-pharmacity.tn\/index.php?rest_route=\/wp\/v2\/product\/20894","targetHints":{"allow":["GET"]}}],"collection":[{"href":"https:\/\/para-pharmacity.tn\/index.php?rest_route=\/wp\/v2\/product"}],"about":[{"href":"https:\/\/para-pharmacity.tn\/index.php?rest_route=\/wp\/v2\/types\/product"}],"replies":[{"embeddable":true,"href":"https:\/\/para-pharmacity.tn\/index.php?rest_route=%2Fwp%2Fv2%2Fcomments&post=20894"}],"version-history":[{"count":2,"href":"https:\/\/para-pharmacity.tn\/index.php?rest_route=\/wp\/v2\/product\/20894\/revisions"}],"predecessor-version":[{"id":26635,"href":"https:\/\/para-pharmacity.tn\/index.php?rest_route=\/wp\/v2\/product\/20894\/revisions\/26635"}],"wp:featuredmedia":[{"embeddable":true,"href":"https:\/\/para-pharmacity.tn\/index.php?rest_route=\/wp\/v2\/media\/26633"}],"wp:attachment":[{"href":"https:\/\/para-pharmacity.tn\/index.php?rest_route=%2Fwp%2Fv2%2Fmedia&parent=20894"}],"wp:term":[{"taxonomy":"product_cat","embeddable":true,"href":"https:\/\/para-pharmacity.tn\/index.php?rest_route=%2Fwp%2Fv2%2Fproduct_cat&post=20894"},{"taxonomy":"product_tag","embeddable":true,"href":"https:\/\/para-pharmacity.tn\/index.php?rest_route=%2Fwp%2Fv2%2Fproduct_tag&post=20894"}],"curies":[{"name":"wp","href":"https:\/\/api.w.org\/{rel}","templated":true}]}}