{"id":20888,"date":"2024-07-11T10:18:07","date_gmt":"2024-07-11T10:18:07","guid":{"rendered":"https:\/\/para-pharmacity.tn\/?product=totokill-lotion-anti-poux-100ml"},"modified":"2025-06-12T16:08:52","modified_gmt":"2025-06-12T16:08:52","slug":"totokill-lotion-anti-poux-100ml","status":"publish","type":"product","link":"https:\/\/para-pharmacity.tn\/?product=totokill-lotion-anti-poux-100ml","title":{"rendered":"TOTOKILL LOTION ANTI POUX 100ML"},"content":{"rendered":"<p>Ce produit ne contient pas de substance toxiques,il agit par effet physique.<\/p>\n<p>Killpoux est doux, il ne p\u00e9n\u00e9tre pas le cuir chevelu, il peut \u00eatre utilis\u00e9 par les enfants d\u00e9s 6 mois et par les femmes enceintes.<\/p>\n<p><b>Conseils d&rsquo;utilisation:<\/b><\/p>\n<p>Appliquer la lotion killpoux sur le cuir chevelu et les cheveux secs.<\/p>\n<p>Masser les cheveux afin d&rsquo;obtenir une impr\u00e9gnation compl\u00e9te de la chevelure.<\/p>\n<p>Laisser s\u00e9cher les cheveux naturellement \u00e0 l&rsquo;air ( ne pas utiliser de s\u00e9che-cheveux).<\/p>\n<p>Laisser agir le produit 1heure.<\/p>\n<p>Laver les cheveux avec killpoux shampooing doux,puis rincer \u00e0 l&rsquo;eau.<\/p>\n<p>R\u00e9p\u00e9ter imp\u00e9rativement le traitement apr\u00e9s 7 jours.<\/p>\n","protected":false},"excerpt":{"rendered":"<p>Killpoux est indiqu\u00e9 dans le traitement des poux chez l\u2019adulte et l\u2019enfant de plus de 6 mois.<br \/>\nCe produit ne contient pas de substance toxiques,il agit par effet physique<\/p>\n","protected":false},"featured_media":26721,"comment_status":"open","ping_status":"closed","template":"","meta":[],"product_cat":[211],"product_tag":[],"class_list":{"0":"post-20888","1":"product","2":"type-product","3":"status-publish","4":"has-post-thumbnail","6":"product_cat-cheveux","8":"first","9":"instock","10":"shipping-taxable","11":"purchasable","12":"product-type-simple"},"jetpack_sharing_enabled":true,"_links":{"self":[{"href":"https:\/\/para-pharmacity.tn\/index.php?rest_route=\/wp\/v2\/product\/20888","targetHints":{"allow":["GET"]}}],"collection":[{"href":"https:\/\/para-pharmacity.tn\/index.php?rest_route=\/wp\/v2\/product"}],"about":[{"href":"https:\/\/para-pharmacity.tn\/index.php?rest_route=\/wp\/v2\/types\/product"}],"replies":[{"embeddable":true,"href":"https:\/\/para-pharmacity.tn\/index.php?rest_route=%2Fwp%2Fv2%2Fcomments&post=20888"}],"version-history":[{"count":2,"href":"https:\/\/para-pharmacity.tn\/index.php?rest_route=\/wp\/v2\/product\/20888\/revisions"}],"predecessor-version":[{"id":26722,"href":"https:\/\/para-pharmacity.tn\/index.php?rest_route=\/wp\/v2\/product\/20888\/revisions\/26722"}],"wp:featuredmedia":[{"embeddable":true,"href":"https:\/\/para-pharmacity.tn\/index.php?rest_route=\/wp\/v2\/media\/26721"}],"wp:attachment":[{"href":"https:\/\/para-pharmacity.tn\/index.php?rest_route=%2Fwp%2Fv2%2Fmedia&parent=20888"}],"wp:term":[{"taxonomy":"product_cat","embeddable":true,"href":"https:\/\/para-pharmacity.tn\/index.php?rest_route=%2Fwp%2Fv2%2Fproduct_cat&post=20888"},{"taxonomy":"product_tag","embeddable":true,"href":"https:\/\/para-pharmacity.tn\/index.php?rest_route=%2Fwp%2Fv2%2Fproduct_tag&post=20888"}],"curies":[{"name":"wp","href":"https:\/\/api.w.org\/{rel}","templated":true}]}}